{"id":327,"date":"2025-08-04T11:00:30","date_gmt":"2025-08-04T11:00:30","guid":{"rendered":"https:\/\/coldbet.football\/bf\/?page_id=327"},"modified":"2025-09-02T22:27:22","modified_gmt":"2025-09-02T22:27:22","slug":"coldbet-ios","status":"publish","type":"page","link":"https:\/\/coldbet.football\/bf\/coldbet-ios\/","title":{"rendered":"ColdBet iOS"},"content":{"rendered":"","protected":false},"excerpt":{"rendered":"","protected":false},"author":1,"featured_media":0,"parent":0,"menu_order":0,"comment_status":"closed","ping_status":"closed","template":"","meta":{"inline_featured_image":false,"footnotes":""},"class_list":["post-327","page","type-page","status-publish","hentry"],"yoast_head":"<!-- This site is optimized with the Yoast SEO plugin v24.8 - https:\/\/yoast.com\/wordpress\/plugins\/seo\/ -->\n<title>ColdBet iOS Burkina Faso<\/title>\n<meta name=\"description\" content=\"D\u00e9couvrez comment t\u00e9l\u00e9charger et installer l&#039;application ColdBet Burkina Faso pour iOS, les bonus disponibles, paris et jeux de casino.\" \/>\n<meta name=\"robots\" content=\"index, follow, max-snippet:-1, max-image-preview:large, max-video-preview:-1\" \/>\n<meta property=\"og:locale\" content=\"en_US\" \/>\n<meta property=\"og:type\" content=\"article\" \/>\n<meta property=\"og:title\" content=\"ColdBet iOS Burkina Faso\" \/>\n<meta property=\"og:description\" content=\"D\u00e9couvrez comment t\u00e9l\u00e9charger et installer l&#039;application ColdBet Burkina Faso pour iOS, les bonus disponibles, paris et jeux de casino.\" \/>\n<meta property=\"og:url\" content=\"https:\/\/coldbet.football\/bf\/coldbet-ios\/\" \/>\n<meta property=\"og:site_name\" content=\"Coldbet Football BF\" \/>\n<meta property=\"article:modified_time\" content=\"2025-09-02T22:27:22+00:00\" \/>\n<meta name=\"twitter:card\" content=\"summary_large_image\" \/>\n<script type=\"application\/ld+json\" class=\"yoast-schema-graph\">{\"@context\":\"https:\/\/schema.org\",\"@graph\":[{\"@type\":\"WebPage\",\"@id\":\"https:\/\/coldbet.football\/bf\/coldbet-ios\/\",\"url\":\"https:\/\/coldbet.football\/bf\/coldbet-ios\/\",\"name\":\"ColdBet iOS Burkina Faso\",\"isPartOf\":{\"@id\":\"https:\/\/coldbet.football\/bf\/#website\"},\"datePublished\":\"2025-08-04T11:00:30+00:00\",\"dateModified\":\"2025-09-02T22:27:22+00:00\",\"description\":\"D\u00e9couvrez comment t\u00e9l\u00e9charger et installer l'application ColdBet Burkina Faso pour iOS, les bonus disponibles, paris et jeux de casino.\",\"breadcrumb\":{\"@id\":\"https:\/\/coldbet.football\/bf\/coldbet-ios\/#breadcrumb\"},\"inLanguage\":\"ty\",\"potentialAction\":[{\"@type\":\"ReadAction\",\"target\":[\"https:\/\/coldbet.football\/bf\/coldbet-ios\/\"]}]},{\"@type\":\"BreadcrumbList\",\"@id\":\"https:\/\/coldbet.football\/bf\/coldbet-ios\/#breadcrumb\",\"itemListElement\":[{\"@type\":\"ListItem\",\"position\":1,\"name\":\"\u0413\u043b\u0430\u0432\u043d\u0430\u044f \u0441\u0442\u0440\u0430\u043d\u0438\u0446\u0430\",\"item\":\"https:\/\/coldbet.football\/bf\/\"},{\"@type\":\"ListItem\",\"position\":2,\"name\":\"ColdBet iOS\"}]},{\"@type\":\"WebSite\",\"@id\":\"https:\/\/coldbet.football\/bf\/#website\",\"url\":\"https:\/\/coldbet.football\/bf\/\",\"name\":\"Coldbet Football BF\",\"description\":\"My WordPress Blog\",\"potentialAction\":[{\"@type\":\"SearchAction\",\"target\":{\"@type\":\"EntryPoint\",\"urlTemplate\":\"https:\/\/coldbet.football\/bf\/?s={search_term_string}\"},\"query-input\":{\"@type\":\"PropertyValueSpecification\",\"valueRequired\":true,\"valueName\":\"search_term_string\"}}],\"inLanguage\":\"ty\"}]}<\/script>\n<!-- \/ Yoast SEO plugin. -->","yoast_head_json":{"title":"ColdBet iOS Burkina Faso","description":"D\u00e9couvrez comment t\u00e9l\u00e9charger et installer l'application ColdBet Burkina Faso pour iOS, les bonus disponibles, paris et jeux de casino.","robots":{"index":"index","follow":"follow","max-snippet":"max-snippet:-1","max-image-preview":"max-image-preview:large","max-video-preview":"max-video-preview:-1"},"og_locale":"en_US","og_type":"article","og_title":"ColdBet iOS Burkina Faso","og_description":"D\u00e9couvrez comment t\u00e9l\u00e9charger et installer l'application ColdBet Burkina Faso pour iOS, les bonus disponibles, paris et jeux de casino.","og_url":"https:\/\/coldbet.football\/bf\/coldbet-ios\/","og_site_name":"Coldbet Football BF","article_modified_time":"2025-09-02T22:27:22+00:00","twitter_card":"summary_large_image","schema":{"@context":"https:\/\/schema.org","@graph":[{"@type":"WebPage","@id":"https:\/\/coldbet.football\/bf\/coldbet-ios\/","url":"https:\/\/coldbet.football\/bf\/coldbet-ios\/","name":"ColdBet iOS Burkina Faso","isPartOf":{"@id":"https:\/\/coldbet.football\/bf\/#website"},"datePublished":"2025-08-04T11:00:30+00:00","dateModified":"2025-09-02T22:27:22+00:00","description":"D\u00e9couvrez comment t\u00e9l\u00e9charger et installer l'application ColdBet Burkina Faso pour iOS, les bonus disponibles, paris et jeux de casino.","breadcrumb":{"@id":"https:\/\/coldbet.football\/bf\/coldbet-ios\/#breadcrumb"},"inLanguage":"ty","potentialAction":[{"@type":"ReadAction","target":["https:\/\/coldbet.football\/bf\/coldbet-ios\/"]}]},{"@type":"BreadcrumbList","@id":"https:\/\/coldbet.football\/bf\/coldbet-ios\/#breadcrumb","itemListElement":[{"@type":"ListItem","position":1,"name":"\u0413\u043b\u0430\u0432\u043d\u0430\u044f \u0441\u0442\u0440\u0430\u043d\u0438\u0446\u0430","item":"https:\/\/coldbet.football\/bf\/"},{"@type":"ListItem","position":2,"name":"ColdBet iOS"}]},{"@type":"WebSite","@id":"https:\/\/coldbet.football\/bf\/#website","url":"https:\/\/coldbet.football\/bf\/","name":"Coldbet Football BF","description":"My WordPress Blog","potentialAction":[{"@type":"SearchAction","target":{"@type":"EntryPoint","urlTemplate":"https:\/\/coldbet.football\/bf\/?s={search_term_string}"},"query-input":{"@type":"PropertyValueSpecification","valueRequired":true,"valueName":"search_term_string"}}],"inLanguage":"ty"}]}},"_links":{"self":[{"href":"https:\/\/coldbet.football\/bf\/wp-json\/wp\/v2\/pages\/327","targetHints":{"allow":["GET"]}}],"collection":[{"href":"https:\/\/coldbet.football\/bf\/wp-json\/wp\/v2\/pages"}],"about":[{"href":"https:\/\/coldbet.football\/bf\/wp-json\/wp\/v2\/types\/page"}],"author":[{"embeddable":true,"href":"https:\/\/coldbet.football\/bf\/wp-json\/wp\/v2\/users\/1"}],"replies":[{"embeddable":true,"href":"https:\/\/coldbet.football\/bf\/wp-json\/wp\/v2\/comments?post=327"}],"version-history":[{"count":3,"href":"https:\/\/coldbet.football\/bf\/wp-json\/wp\/v2\/pages\/327\/revisions"}],"predecessor-version":[{"id":346,"href":"https:\/\/coldbet.football\/bf\/wp-json\/wp\/v2\/pages\/327\/revisions\/346"}],"wp:attachment":[{"href":"https:\/\/coldbet.football\/bf\/wp-json\/wp\/v2\/media?parent=327"}],"curies":[{"name":"wp","href":"https:\/\/api.w.org\/{rel}","templated":true}]}}