{"id":2,"date":"2023-05-18T17:18:34","date_gmt":"2023-05-18T17:18:34","guid":{"rendered":"https:\/\/coldbet.football\/ci\/?page_id=2"},"modified":"2025-09-02T08:24:38","modified_gmt":"2025-09-02T08:24:38","slug":"sample-page","status":"publish","type":"page","link":"https:\/\/coldbet.football\/ci\/","title":{"rendered":"Maison"},"content":{"rendered":"","protected":false},"excerpt":{"rendered":"","protected":false},"author":1,"featured_media":0,"parent":0,"menu_order":0,"comment_status":"closed","ping_status":"open","template":"","meta":{"inline_featured_image":false,"footnotes":""},"class_list":["post-2","page","type-page","status-publish","hentry"],"yoast_head":"<!-- This site is optimized with the Yoast SEO plugin v24.8 - https:\/\/yoast.com\/wordpress\/plugins\/seo\/ -->\n<title>Coldbet R\u00e9publique de C\u00f4te d&#039;Ivoire &gt; Paris, casino, bonus<\/title>\n<meta name=\"description\" content=\"Jouez sur Coldbet R\u00e9publique de C\u00f4te d&#039;Ivoire en ligne\u00a0: sports, casino, mini-jeux, cryptomonnaies, promotions et paiements fiables.\" \/>\n<meta name=\"robots\" content=\"index, follow, max-snippet:-1, max-image-preview:large, max-video-preview:-1\" \/>\n<meta property=\"og:locale\" content=\"fr_CA\" \/>\n<meta property=\"og:type\" content=\"article\" \/>\n<meta property=\"og:title\" content=\"Coldbet R\u00e9publique de C\u00f4te d&#039;Ivoire &gt; Paris, casino, bonus\" \/>\n<meta property=\"og:description\" content=\"Jouez sur Coldbet R\u00e9publique de C\u00f4te d&#039;Ivoire en ligne\u00a0: sports, casino, mini-jeux, cryptomonnaies, promotions et paiements fiables.\" \/>\n<meta property=\"og:url\" content=\"https:\/\/coldbet.football\/ci\/\" \/>\n<meta property=\"og:site_name\" content=\"Coldbet Football CI\" \/>\n<meta property=\"article:modified_time\" content=\"2025-09-02T08:24:38+00:00\" \/>\n<meta name=\"twitter:card\" content=\"summary_large_image\" \/>\n<script type=\"application\/ld+json\" class=\"yoast-schema-graph\">{\"@context\":\"https:\/\/schema.org\",\"@graph\":[{\"@type\":\"WebPage\",\"@id\":\"https:\/\/coldbet.football\/ci\/\",\"url\":\"https:\/\/coldbet.football\/ci\/\",\"name\":\"Coldbet R\u00e9publique de C\u00f4te d'Ivoire > Paris, casino, bonus\",\"isPartOf\":{\"@id\":\"https:\/\/coldbet.football\/ci\/#website\"},\"datePublished\":\"2023-05-18T17:18:34+00:00\",\"dateModified\":\"2025-09-02T08:24:38+00:00\",\"description\":\"Jouez sur Coldbet R\u00e9publique de C\u00f4te d'Ivoire en ligne\u00a0: sports, casino, mini-jeux, cryptomonnaies, promotions et paiements fiables.\",\"breadcrumb\":{\"@id\":\"https:\/\/coldbet.football\/ci\/#breadcrumb\"},\"inLanguage\":\"fr-CA\",\"potentialAction\":[{\"@type\":\"ReadAction\",\"target\":[\"https:\/\/coldbet.football\/ci\/\"]}]},{\"@type\":\"BreadcrumbList\",\"@id\":\"https:\/\/coldbet.football\/ci\/#breadcrumb\",\"itemListElement\":[{\"@type\":\"ListItem\",\"position\":1,\"name\":\"\u0413\u043b\u0430\u0432\u043d\u0430\u044f \u0441\u0442\u0440\u0430\u043d\u0438\u0446\u0430\",\"item\":\"https:\/\/coldbet.football\/ci\/\"},{\"@type\":\"ListItem\",\"position\":2,\"name\":\"Maison\"}]},{\"@type\":\"WebSite\",\"@id\":\"https:\/\/coldbet.football\/ci\/#website\",\"url\":\"https:\/\/coldbet.football\/ci\/\",\"name\":\"Coldbet Football CI\",\"description\":\"My WordPress Blog\",\"potentialAction\":[{\"@type\":\"SearchAction\",\"target\":{\"@type\":\"EntryPoint\",\"urlTemplate\":\"https:\/\/coldbet.football\/ci\/?s={search_term_string}\"},\"query-input\":{\"@type\":\"PropertyValueSpecification\",\"valueRequired\":true,\"valueName\":\"search_term_string\"}}],\"inLanguage\":\"fr-CA\"}]}<\/script>\n<!-- \/ Yoast SEO plugin. -->","yoast_head_json":{"title":"Coldbet R\u00e9publique de C\u00f4te d'Ivoire > Paris, casino, bonus","description":"Jouez sur Coldbet R\u00e9publique de C\u00f4te d'Ivoire en ligne\u00a0: sports, casino, mini-jeux, cryptomonnaies, promotions et paiements fiables.","robots":{"index":"index","follow":"follow","max-snippet":"max-snippet:-1","max-image-preview":"max-image-preview:large","max-video-preview":"max-video-preview:-1"},"og_locale":"fr_CA","og_type":"article","og_title":"Coldbet R\u00e9publique de C\u00f4te d'Ivoire > Paris, casino, bonus","og_description":"Jouez sur Coldbet R\u00e9publique de C\u00f4te d'Ivoire en ligne\u00a0: sports, casino, mini-jeux, cryptomonnaies, promotions et paiements fiables.","og_url":"https:\/\/coldbet.football\/ci\/","og_site_name":"Coldbet Football CI","article_modified_time":"2025-09-02T08:24:38+00:00","twitter_card":"summary_large_image","schema":{"@context":"https:\/\/schema.org","@graph":[{"@type":"WebPage","@id":"https:\/\/coldbet.football\/ci\/","url":"https:\/\/coldbet.football\/ci\/","name":"Coldbet R\u00e9publique de C\u00f4te d'Ivoire > Paris, casino, bonus","isPartOf":{"@id":"https:\/\/coldbet.football\/ci\/#website"},"datePublished":"2023-05-18T17:18:34+00:00","dateModified":"2025-09-02T08:24:38+00:00","description":"Jouez sur Coldbet R\u00e9publique de C\u00f4te d'Ivoire en ligne\u00a0: sports, casino, mini-jeux, cryptomonnaies, promotions et paiements fiables.","breadcrumb":{"@id":"https:\/\/coldbet.football\/ci\/#breadcrumb"},"inLanguage":"fr-CA","potentialAction":[{"@type":"ReadAction","target":["https:\/\/coldbet.football\/ci\/"]}]},{"@type":"BreadcrumbList","@id":"https:\/\/coldbet.football\/ci\/#breadcrumb","itemListElement":[{"@type":"ListItem","position":1,"name":"\u0413\u043b\u0430\u0432\u043d\u0430\u044f \u0441\u0442\u0440\u0430\u043d\u0438\u0446\u0430","item":"https:\/\/coldbet.football\/ci\/"},{"@type":"ListItem","position":2,"name":"Maison"}]},{"@type":"WebSite","@id":"https:\/\/coldbet.football\/ci\/#website","url":"https:\/\/coldbet.football\/ci\/","name":"Coldbet Football CI","description":"My WordPress Blog","potentialAction":[{"@type":"SearchAction","target":{"@type":"EntryPoint","urlTemplate":"https:\/\/coldbet.football\/ci\/?s={search_term_string}"},"query-input":{"@type":"PropertyValueSpecification","valueRequired":true,"valueName":"search_term_string"}}],"inLanguage":"fr-CA"}]}},"_links":{"self":[{"href":"https:\/\/coldbet.football\/ci\/wp-json\/wp\/v2\/pages\/2","targetHints":{"allow":["GET"]}}],"collection":[{"href":"https:\/\/coldbet.football\/ci\/wp-json\/wp\/v2\/pages"}],"about":[{"href":"https:\/\/coldbet.football\/ci\/wp-json\/wp\/v2\/types\/page"}],"author":[{"embeddable":true,"href":"https:\/\/coldbet.football\/ci\/wp-json\/wp\/v2\/users\/1"}],"replies":[{"embeddable":true,"href":"https:\/\/coldbet.football\/ci\/wp-json\/wp\/v2\/comments?post=2"}],"version-history":[{"count":49,"href":"https:\/\/coldbet.football\/ci\/wp-json\/wp\/v2\/pages\/2\/revisions"}],"predecessor-version":[{"id":334,"href":"https:\/\/coldbet.football\/ci\/wp-json\/wp\/v2\/pages\/2\/revisions\/334"}],"wp:attachment":[{"href":"https:\/\/coldbet.football\/ci\/wp-json\/wp\/v2\/media?parent=2"}],"curies":[{"name":"wp","href":"https:\/\/api.w.org\/{rel}","templated":true}]}}