{"id":268,"date":"2025-06-11T08:33:37","date_gmt":"2025-06-11T08:33:37","guid":{"rendered":"https:\/\/coldbet.football\/ci\/?page_id=268"},"modified":"2025-09-02T08:36:14","modified_gmt":"2025-09-02T08:36:14","slug":"login","status":"publish","type":"page","link":"https:\/\/coldbet.football\/ci\/login\/","title":{"rendered":"Se connecter"},"content":{"rendered":"","protected":false},"excerpt":{"rendered":"","protected":false},"author":1,"featured_media":0,"parent":0,"menu_order":0,"comment_status":"closed","ping_status":"closed","template":"","meta":{"inline_featured_image":false,"footnotes":""},"class_list":["post-268","page","type-page","status-publish","hentry"],"yoast_head":"<!-- This site is optimized with the Yoast SEO plugin v24.8 - https:\/\/yoast.com\/wordpress\/plugins\/seo\/ -->\n<title>Connexion ColdBet R\u00e9publique de C\u00f4te d&#039;Ivoire<\/title>\n<meta name=\"description\" content=\"La connexion \u00e0 ColdBet R\u00e9publique de C\u00f4te d&#039;Ivoire ne prend que quelques secondes\u00a0: via le site web, l&#039;application ou la version mobile.\" \/>\n<meta name=\"robots\" content=\"index, follow, max-snippet:-1, max-image-preview:large, max-video-preview:-1\" \/>\n<meta property=\"og:locale\" content=\"fr_CA\" \/>\n<meta property=\"og:type\" content=\"article\" \/>\n<meta property=\"og:title\" content=\"Connexion ColdBet R\u00e9publique de C\u00f4te d&#039;Ivoire\" \/>\n<meta property=\"og:description\" content=\"La connexion \u00e0 ColdBet R\u00e9publique de C\u00f4te d&#039;Ivoire ne prend que quelques secondes\u00a0: via le site web, l&#039;application ou la version mobile.\" \/>\n<meta property=\"og:url\" content=\"https:\/\/coldbet.football\/ci\/login\/\" \/>\n<meta property=\"og:site_name\" content=\"Coldbet Football CI\" \/>\n<meta property=\"article:modified_time\" content=\"2025-09-02T08:36:14+00:00\" \/>\n<meta name=\"twitter:card\" content=\"summary_large_image\" \/>\n<script type=\"application\/ld+json\" class=\"yoast-schema-graph\">{\"@context\":\"https:\/\/schema.org\",\"@graph\":[{\"@type\":\"WebPage\",\"@id\":\"https:\/\/coldbet.football\/ci\/login\/\",\"url\":\"https:\/\/coldbet.football\/ci\/login\/\",\"name\":\"Connexion ColdBet R\u00e9publique de C\u00f4te d'Ivoire\",\"isPartOf\":{\"@id\":\"https:\/\/coldbet.football\/ci\/#website\"},\"datePublished\":\"2025-06-11T08:33:37+00:00\",\"dateModified\":\"2025-09-02T08:36:14+00:00\",\"description\":\"La connexion \u00e0 ColdBet R\u00e9publique de C\u00f4te d'Ivoire ne prend que quelques secondes\u00a0: via le site web, l'application ou la version mobile.\",\"breadcrumb\":{\"@id\":\"https:\/\/coldbet.football\/ci\/login\/#breadcrumb\"},\"inLanguage\":\"fr-CA\",\"potentialAction\":[{\"@type\":\"ReadAction\",\"target\":[\"https:\/\/coldbet.football\/ci\/login\/\"]}]},{\"@type\":\"BreadcrumbList\",\"@id\":\"https:\/\/coldbet.football\/ci\/login\/#breadcrumb\",\"itemListElement\":[{\"@type\":\"ListItem\",\"position\":1,\"name\":\"\u0413\u043b\u0430\u0432\u043d\u0430\u044f \u0441\u0442\u0440\u0430\u043d\u0438\u0446\u0430\",\"item\":\"https:\/\/coldbet.football\/ci\/\"},{\"@type\":\"ListItem\",\"position\":2,\"name\":\"Se connecter\"}]},{\"@type\":\"WebSite\",\"@id\":\"https:\/\/coldbet.football\/ci\/#website\",\"url\":\"https:\/\/coldbet.football\/ci\/\",\"name\":\"Coldbet Football CI\",\"description\":\"My WordPress Blog\",\"potentialAction\":[{\"@type\":\"SearchAction\",\"target\":{\"@type\":\"EntryPoint\",\"urlTemplate\":\"https:\/\/coldbet.football\/ci\/?s={search_term_string}\"},\"query-input\":{\"@type\":\"PropertyValueSpecification\",\"valueRequired\":true,\"valueName\":\"search_term_string\"}}],\"inLanguage\":\"fr-CA\"}]}<\/script>\n<!-- \/ Yoast SEO plugin. -->","yoast_head_json":{"title":"Connexion ColdBet R\u00e9publique de C\u00f4te d'Ivoire","description":"La connexion \u00e0 ColdBet R\u00e9publique de C\u00f4te d'Ivoire ne prend que quelques secondes\u00a0: via le site web, l'application ou la version mobile.","robots":{"index":"index","follow":"follow","max-snippet":"max-snippet:-1","max-image-preview":"max-image-preview:large","max-video-preview":"max-video-preview:-1"},"og_locale":"fr_CA","og_type":"article","og_title":"Connexion ColdBet R\u00e9publique de C\u00f4te d'Ivoire","og_description":"La connexion \u00e0 ColdBet R\u00e9publique de C\u00f4te d'Ivoire ne prend que quelques secondes\u00a0: via le site web, l'application ou la version mobile.","og_url":"https:\/\/coldbet.football\/ci\/login\/","og_site_name":"Coldbet Football CI","article_modified_time":"2025-09-02T08:36:14+00:00","twitter_card":"summary_large_image","schema":{"@context":"https:\/\/schema.org","@graph":[{"@type":"WebPage","@id":"https:\/\/coldbet.football\/ci\/login\/","url":"https:\/\/coldbet.football\/ci\/login\/","name":"Connexion ColdBet R\u00e9publique de C\u00f4te d'Ivoire","isPartOf":{"@id":"https:\/\/coldbet.football\/ci\/#website"},"datePublished":"2025-06-11T08:33:37+00:00","dateModified":"2025-09-02T08:36:14+00:00","description":"La connexion \u00e0 ColdBet R\u00e9publique de C\u00f4te d'Ivoire ne prend que quelques secondes\u00a0: via le site web, l'application ou la version mobile.","breadcrumb":{"@id":"https:\/\/coldbet.football\/ci\/login\/#breadcrumb"},"inLanguage":"fr-CA","potentialAction":[{"@type":"ReadAction","target":["https:\/\/coldbet.football\/ci\/login\/"]}]},{"@type":"BreadcrumbList","@id":"https:\/\/coldbet.football\/ci\/login\/#breadcrumb","itemListElement":[{"@type":"ListItem","position":1,"name":"\u0413\u043b\u0430\u0432\u043d\u0430\u044f \u0441\u0442\u0440\u0430\u043d\u0438\u0446\u0430","item":"https:\/\/coldbet.football\/ci\/"},{"@type":"ListItem","position":2,"name":"Se connecter"}]},{"@type":"WebSite","@id":"https:\/\/coldbet.football\/ci\/#website","url":"https:\/\/coldbet.football\/ci\/","name":"Coldbet Football CI","description":"My WordPress Blog","potentialAction":[{"@type":"SearchAction","target":{"@type":"EntryPoint","urlTemplate":"https:\/\/coldbet.football\/ci\/?s={search_term_string}"},"query-input":{"@type":"PropertyValueSpecification","valueRequired":true,"valueName":"search_term_string"}}],"inLanguage":"fr-CA"}]}},"_links":{"self":[{"href":"https:\/\/coldbet.football\/ci\/wp-json\/wp\/v2\/pages\/268","targetHints":{"allow":["GET"]}}],"collection":[{"href":"https:\/\/coldbet.football\/ci\/wp-json\/wp\/v2\/pages"}],"about":[{"href":"https:\/\/coldbet.football\/ci\/wp-json\/wp\/v2\/types\/page"}],"author":[{"embeddable":true,"href":"https:\/\/coldbet.football\/ci\/wp-json\/wp\/v2\/users\/1"}],"replies":[{"embeddable":true,"href":"https:\/\/coldbet.football\/ci\/wp-json\/wp\/v2\/comments?post=268"}],"version-history":[{"count":6,"href":"https:\/\/coldbet.football\/ci\/wp-json\/wp\/v2\/pages\/268\/revisions"}],"predecessor-version":[{"id":342,"href":"https:\/\/coldbet.football\/ci\/wp-json\/wp\/v2\/pages\/268\/revisions\/342"}],"wp:attachment":[{"href":"https:\/\/coldbet.football\/ci\/wp-json\/wp\/v2\/media?parent=268"}],"curies":[{"name":"wp","href":"https:\/\/api.w.org\/{rel}","templated":true}]}}