{"id":197,"date":"2025-04-14T19:38:38","date_gmt":"2025-04-14T19:38:38","guid":{"rendered":"https:\/\/coldbet.football\/cz\/?page_id=197"},"modified":"2025-09-06T09:57:02","modified_gmt":"2025-09-06T09:57:02","slug":"casino","status":"publish","type":"page","link":"https:\/\/coldbet.football\/cz\/casino\/","title":{"rendered":"Kasino"},"content":{"rendered":"","protected":false},"excerpt":{"rendered":"","protected":false},"author":1,"featured_media":0,"parent":0,"menu_order":0,"comment_status":"closed","ping_status":"closed","template":"","meta":{"inline_featured_image":false,"footnotes":""},"class_list":["post-197","page","type-page","status-publish","hentry"],"yoast_head":"<!-- This site is optimized with the Yoast SEO plugin v24.8 - https:\/\/yoast.com\/wordpress\/plugins\/seo\/ -->\n<title>Kasino Coldbet &gt; Nejlep\u0161\u00ed v\u00fdb\u011br automat\u016f a turnaj\u016f<\/title>\n<meta name=\"description\" content=\"Online kasino Coldbet: licencovan\u00e9 kasino s hrami od p\u0159edn\u00edch poskytovatel\u016f, \u017eiv\u00fdmi krupi\u00e9ry, bonusy a integrac\u00ed sportovn\u00edch s\u00e1zek.\" \/>\n<meta name=\"robots\" content=\"noindex, follow, max-snippet:-1, max-image-preview:large, max-video-preview:-1\" \/>\n<meta property=\"og:locale\" content=\"cs_CZ\" \/>\n<meta property=\"og:type\" content=\"article\" \/>\n<meta property=\"og:title\" content=\"Kasino Coldbet &gt; Nejlep\u0161\u00ed v\u00fdb\u011br automat\u016f a turnaj\u016f\" \/>\n<meta property=\"og:description\" content=\"Online kasino Coldbet: licencovan\u00e9 kasino s hrami od p\u0159edn\u00edch poskytovatel\u016f, \u017eiv\u00fdmi krupi\u00e9ry, bonusy a integrac\u00ed sportovn\u00edch s\u00e1zek.\" \/>\n<meta property=\"og:url\" content=\"https:\/\/coldbet.football\/cz\/casino\/\" \/>\n<meta property=\"og:site_name\" content=\"coldbet football CZ\" \/>\n<meta property=\"article:modified_time\" content=\"2025-09-06T09:57:02+00:00\" \/>\n<meta name=\"twitter:card\" content=\"summary_large_image\" \/>\n<script type=\"application\/ld+json\" class=\"yoast-schema-graph\">{\"@context\":\"https:\/\/schema.org\",\"@graph\":[{\"@type\":\"WebPage\",\"@id\":\"https:\/\/coldbet.football\/cz\/casino\/\",\"url\":\"https:\/\/coldbet.football\/cz\/casino\/\",\"name\":\"Kasino Coldbet > Nejlep\u0161\u00ed v\u00fdb\u011br automat\u016f a turnaj\u016f\",\"isPartOf\":{\"@id\":\"https:\/\/coldbet.football\/cz\/#website\"},\"datePublished\":\"2025-04-14T19:38:38+00:00\",\"dateModified\":\"2025-09-06T09:57:02+00:00\",\"description\":\"Online kasino Coldbet: licencovan\u00e9 kasino s hrami od p\u0159edn\u00edch poskytovatel\u016f, \u017eiv\u00fdmi krupi\u00e9ry, bonusy a integrac\u00ed sportovn\u00edch s\u00e1zek.\",\"breadcrumb\":{\"@id\":\"https:\/\/coldbet.football\/cz\/casino\/#breadcrumb\"},\"inLanguage\":\"cs\",\"potentialAction\":[{\"@type\":\"ReadAction\",\"target\":[\"https:\/\/coldbet.football\/cz\/casino\/\"]}]},{\"@type\":\"BreadcrumbList\",\"@id\":\"https:\/\/coldbet.football\/cz\/casino\/#breadcrumb\",\"itemListElement\":[{\"@type\":\"ListItem\",\"position\":1,\"name\":\"\u0413\u043b\u0430\u0432\u043d\u0430\u044f \u0441\u0442\u0440\u0430\u043d\u0438\u0446\u0430\",\"item\":\"https:\/\/coldbet.football\/cz\/\"},{\"@type\":\"ListItem\",\"position\":2,\"name\":\"Kasino\"}]},{\"@type\":\"WebSite\",\"@id\":\"https:\/\/coldbet.football\/cz\/#website\",\"url\":\"https:\/\/coldbet.football\/cz\/\",\"name\":\"coldbet football CZ\",\"description\":\"My WordPress Blog\",\"potentialAction\":[{\"@type\":\"SearchAction\",\"target\":{\"@type\":\"EntryPoint\",\"urlTemplate\":\"https:\/\/coldbet.football\/cz\/?s={search_term_string}\"},\"query-input\":{\"@type\":\"PropertyValueSpecification\",\"valueRequired\":true,\"valueName\":\"search_term_string\"}}],\"inLanguage\":\"cs\"}]}<\/script>\n<!-- \/ Yoast SEO plugin. -->","yoast_head_json":{"title":"Kasino Coldbet > Nejlep\u0161\u00ed v\u00fdb\u011br automat\u016f a turnaj\u016f","description":"Online kasino Coldbet: licencovan\u00e9 kasino s hrami od p\u0159edn\u00edch poskytovatel\u016f, \u017eiv\u00fdmi krupi\u00e9ry, bonusy a integrac\u00ed sportovn\u00edch s\u00e1zek.","robots":{"index":"noindex","follow":"follow","max-snippet":"max-snippet:-1","max-image-preview":"max-image-preview:large","max-video-preview":"max-video-preview:-1"},"og_locale":"cs_CZ","og_type":"article","og_title":"Kasino Coldbet > Nejlep\u0161\u00ed v\u00fdb\u011br automat\u016f a turnaj\u016f","og_description":"Online kasino Coldbet: licencovan\u00e9 kasino s hrami od p\u0159edn\u00edch poskytovatel\u016f, \u017eiv\u00fdmi krupi\u00e9ry, bonusy a integrac\u00ed sportovn\u00edch s\u00e1zek.","og_url":"https:\/\/coldbet.football\/cz\/casino\/","og_site_name":"coldbet football CZ","article_modified_time":"2025-09-06T09:57:02+00:00","twitter_card":"summary_large_image","schema":{"@context":"https:\/\/schema.org","@graph":[{"@type":"WebPage","@id":"https:\/\/coldbet.football\/cz\/casino\/","url":"https:\/\/coldbet.football\/cz\/casino\/","name":"Kasino Coldbet > Nejlep\u0161\u00ed v\u00fdb\u011br automat\u016f a turnaj\u016f","isPartOf":{"@id":"https:\/\/coldbet.football\/cz\/#website"},"datePublished":"2025-04-14T19:38:38+00:00","dateModified":"2025-09-06T09:57:02+00:00","description":"Online kasino Coldbet: licencovan\u00e9 kasino s hrami od p\u0159edn\u00edch poskytovatel\u016f, \u017eiv\u00fdmi krupi\u00e9ry, bonusy a integrac\u00ed sportovn\u00edch s\u00e1zek.","breadcrumb":{"@id":"https:\/\/coldbet.football\/cz\/casino\/#breadcrumb"},"inLanguage":"cs","potentialAction":[{"@type":"ReadAction","target":["https:\/\/coldbet.football\/cz\/casino\/"]}]},{"@type":"BreadcrumbList","@id":"https:\/\/coldbet.football\/cz\/casino\/#breadcrumb","itemListElement":[{"@type":"ListItem","position":1,"name":"\u0413\u043b\u0430\u0432\u043d\u0430\u044f \u0441\u0442\u0440\u0430\u043d\u0438\u0446\u0430","item":"https:\/\/coldbet.football\/cz\/"},{"@type":"ListItem","position":2,"name":"Kasino"}]},{"@type":"WebSite","@id":"https:\/\/coldbet.football\/cz\/#website","url":"https:\/\/coldbet.football\/cz\/","name":"coldbet football CZ","description":"My WordPress Blog","potentialAction":[{"@type":"SearchAction","target":{"@type":"EntryPoint","urlTemplate":"https:\/\/coldbet.football\/cz\/?s={search_term_string}"},"query-input":{"@type":"PropertyValueSpecification","valueRequired":true,"valueName":"search_term_string"}}],"inLanguage":"cs"}]}},"_links":{"self":[{"href":"https:\/\/coldbet.football\/cz\/wp-json\/wp\/v2\/pages\/197","targetHints":{"allow":["GET"]}}],"collection":[{"href":"https:\/\/coldbet.football\/cz\/wp-json\/wp\/v2\/pages"}],"about":[{"href":"https:\/\/coldbet.football\/cz\/wp-json\/wp\/v2\/types\/page"}],"author":[{"embeddable":true,"href":"https:\/\/coldbet.football\/cz\/wp-json\/wp\/v2\/users\/1"}],"replies":[{"embeddable":true,"href":"https:\/\/coldbet.football\/cz\/wp-json\/wp\/v2\/comments?post=197"}],"version-history":[{"count":10,"href":"https:\/\/coldbet.football\/cz\/wp-json\/wp\/v2\/pages\/197\/revisions"}],"predecessor-version":[{"id":323,"href":"https:\/\/coldbet.football\/cz\/wp-json\/wp\/v2\/pages\/197\/revisions\/323"}],"wp:attachment":[{"href":"https:\/\/coldbet.football\/cz\/wp-json\/wp\/v2\/media?parent=197"}],"curies":[{"name":"wp","href":"https:\/\/api.w.org\/{rel}","templated":true}]}}