{"id":2,"date":"2023-05-18T17:18:34","date_gmt":"2023-05-18T17:18:34","guid":{"rendered":"https:\/\/coldbet.football\/cz\/?page_id=2"},"modified":"2025-09-06T09:49:35","modified_gmt":"2025-09-06T09:49:35","slug":"sample-page","status":"publish","type":"page","link":"https:\/\/coldbet.football\/cz\/","title":{"rendered":"Domovsk\u00e1 str\u00e1nka"},"content":{"rendered":"","protected":false},"excerpt":{"rendered":"","protected":false},"author":1,"featured_media":0,"parent":0,"menu_order":0,"comment_status":"closed","ping_status":"open","template":"","meta":{"inline_featured_image":false,"footnotes":""},"class_list":["post-2","page","type-page","status-publish","hentry"],"yoast_head":"<!-- This site is optimized with the Yoast SEO plugin v24.8 - https:\/\/yoast.com\/wordpress\/plugins\/seo\/ -->\n<title>Coldbet &gt; S\u00e1zen\u00ed, kasino, bonusy a rychl\u00e9 v\u00fdplaty online<\/title>\n<meta name=\"description\" content=\"Hrajte na Coldbet online: sport, kasino, minihry, kryptom\u011bny, propaga\u010dn\u00ed akce a spolehliv\u00e9 v\u00fdplaty. Vyzkou\u0161ejte to hned te\u010f!\" \/>\n<meta name=\"robots\" content=\"noindex, follow, max-snippet:-1, max-image-preview:large, max-video-preview:-1\" \/>\n<meta property=\"og:locale\" content=\"cs_CZ\" \/>\n<meta property=\"og:type\" content=\"article\" \/>\n<meta property=\"og:title\" content=\"Coldbet &gt; S\u00e1zen\u00ed, kasino, bonusy a rychl\u00e9 v\u00fdplaty online\" \/>\n<meta property=\"og:description\" content=\"Hrajte na Coldbet online: sport, kasino, minihry, kryptom\u011bny, propaga\u010dn\u00ed akce a spolehliv\u00e9 v\u00fdplaty. Vyzkou\u0161ejte to hned te\u010f!\" \/>\n<meta property=\"og:url\" content=\"https:\/\/coldbet.football\/cz\/\" \/>\n<meta property=\"og:site_name\" content=\"coldbet football CZ\" \/>\n<meta property=\"article:modified_time\" content=\"2025-09-06T09:49:35+00:00\" \/>\n<meta name=\"twitter:card\" content=\"summary_large_image\" \/>\n<script type=\"application\/ld+json\" class=\"yoast-schema-graph\">{\"@context\":\"https:\/\/schema.org\",\"@graph\":[{\"@type\":\"WebPage\",\"@id\":\"https:\/\/coldbet.football\/cz\/\",\"url\":\"https:\/\/coldbet.football\/cz\/\",\"name\":\"Coldbet > S\u00e1zen\u00ed, kasino, bonusy a rychl\u00e9 v\u00fdplaty online\",\"isPartOf\":{\"@id\":\"https:\/\/coldbet.football\/cz\/#website\"},\"datePublished\":\"2023-05-18T17:18:34+00:00\",\"dateModified\":\"2025-09-06T09:49:35+00:00\",\"description\":\"Hrajte na Coldbet online: sport, kasino, minihry, kryptom\u011bny, propaga\u010dn\u00ed akce a spolehliv\u00e9 v\u00fdplaty. Vyzkou\u0161ejte to hned te\u010f!\",\"breadcrumb\":{\"@id\":\"https:\/\/coldbet.football\/cz\/#breadcrumb\"},\"inLanguage\":\"cs\",\"potentialAction\":[{\"@type\":\"ReadAction\",\"target\":[\"https:\/\/coldbet.football\/cz\/\"]}]},{\"@type\":\"BreadcrumbList\",\"@id\":\"https:\/\/coldbet.football\/cz\/#breadcrumb\",\"itemListElement\":[{\"@type\":\"ListItem\",\"position\":1,\"name\":\"\u0413\u043b\u0430\u0432\u043d\u0430\u044f \u0441\u0442\u0440\u0430\u043d\u0438\u0446\u0430\",\"item\":\"https:\/\/coldbet.football\/cz\/\"},{\"@type\":\"ListItem\",\"position\":2,\"name\":\"Domovsk\u00e1 str\u00e1nka\"}]},{\"@type\":\"WebSite\",\"@id\":\"https:\/\/coldbet.football\/cz\/#website\",\"url\":\"https:\/\/coldbet.football\/cz\/\",\"name\":\"coldbet football CZ\",\"description\":\"My WordPress Blog\",\"potentialAction\":[{\"@type\":\"SearchAction\",\"target\":{\"@type\":\"EntryPoint\",\"urlTemplate\":\"https:\/\/coldbet.football\/cz\/?s={search_term_string}\"},\"query-input\":{\"@type\":\"PropertyValueSpecification\",\"valueRequired\":true,\"valueName\":\"search_term_string\"}}],\"inLanguage\":\"cs\"}]}<\/script>\n<!-- \/ Yoast SEO plugin. -->","yoast_head_json":{"title":"Coldbet > S\u00e1zen\u00ed, kasino, bonusy a rychl\u00e9 v\u00fdplaty online","description":"Hrajte na Coldbet online: sport, kasino, minihry, kryptom\u011bny, propaga\u010dn\u00ed akce a spolehliv\u00e9 v\u00fdplaty. Vyzkou\u0161ejte to hned te\u010f!","robots":{"index":"noindex","follow":"follow","max-snippet":"max-snippet:-1","max-image-preview":"max-image-preview:large","max-video-preview":"max-video-preview:-1"},"og_locale":"cs_CZ","og_type":"article","og_title":"Coldbet > S\u00e1zen\u00ed, kasino, bonusy a rychl\u00e9 v\u00fdplaty online","og_description":"Hrajte na Coldbet online: sport, kasino, minihry, kryptom\u011bny, propaga\u010dn\u00ed akce a spolehliv\u00e9 v\u00fdplaty. Vyzkou\u0161ejte to hned te\u010f!","og_url":"https:\/\/coldbet.football\/cz\/","og_site_name":"coldbet football CZ","article_modified_time":"2025-09-06T09:49:35+00:00","twitter_card":"summary_large_image","schema":{"@context":"https:\/\/schema.org","@graph":[{"@type":"WebPage","@id":"https:\/\/coldbet.football\/cz\/","url":"https:\/\/coldbet.football\/cz\/","name":"Coldbet > S\u00e1zen\u00ed, kasino, bonusy a rychl\u00e9 v\u00fdplaty online","isPartOf":{"@id":"https:\/\/coldbet.football\/cz\/#website"},"datePublished":"2023-05-18T17:18:34+00:00","dateModified":"2025-09-06T09:49:35+00:00","description":"Hrajte na Coldbet online: sport, kasino, minihry, kryptom\u011bny, propaga\u010dn\u00ed akce a spolehliv\u00e9 v\u00fdplaty. Vyzkou\u0161ejte to hned te\u010f!","breadcrumb":{"@id":"https:\/\/coldbet.football\/cz\/#breadcrumb"},"inLanguage":"cs","potentialAction":[{"@type":"ReadAction","target":["https:\/\/coldbet.football\/cz\/"]}]},{"@type":"BreadcrumbList","@id":"https:\/\/coldbet.football\/cz\/#breadcrumb","itemListElement":[{"@type":"ListItem","position":1,"name":"\u0413\u043b\u0430\u0432\u043d\u0430\u044f \u0441\u0442\u0440\u0430\u043d\u0438\u0446\u0430","item":"https:\/\/coldbet.football\/cz\/"},{"@type":"ListItem","position":2,"name":"Domovsk\u00e1 str\u00e1nka"}]},{"@type":"WebSite","@id":"https:\/\/coldbet.football\/cz\/#website","url":"https:\/\/coldbet.football\/cz\/","name":"coldbet football CZ","description":"My WordPress Blog","potentialAction":[{"@type":"SearchAction","target":{"@type":"EntryPoint","urlTemplate":"https:\/\/coldbet.football\/cz\/?s={search_term_string}"},"query-input":{"@type":"PropertyValueSpecification","valueRequired":true,"valueName":"search_term_string"}}],"inLanguage":"cs"}]}},"_links":{"self":[{"href":"https:\/\/coldbet.football\/cz\/wp-json\/wp\/v2\/pages\/2","targetHints":{"allow":["GET"]}}],"collection":[{"href":"https:\/\/coldbet.football\/cz\/wp-json\/wp\/v2\/pages"}],"about":[{"href":"https:\/\/coldbet.football\/cz\/wp-json\/wp\/v2\/types\/page"}],"author":[{"embeddable":true,"href":"https:\/\/coldbet.football\/cz\/wp-json\/wp\/v2\/users\/1"}],"replies":[{"embeddable":true,"href":"https:\/\/coldbet.football\/cz\/wp-json\/wp\/v2\/comments?post=2"}],"version-history":[{"count":47,"href":"https:\/\/coldbet.football\/cz\/wp-json\/wp\/v2\/pages\/2\/revisions"}],"predecessor-version":[{"id":321,"href":"https:\/\/coldbet.football\/cz\/wp-json\/wp\/v2\/pages\/2\/revisions\/321"}],"wp:attachment":[{"href":"https:\/\/coldbet.football\/cz\/wp-json\/wp\/v2\/media?parent=2"}],"curies":[{"name":"wp","href":"https:\/\/api.w.org\/{rel}","templated":true}]}}