{"id":217,"date":"2025-05-02T05:44:10","date_gmt":"2025-05-02T05:44:10","guid":{"rendered":"https:\/\/coldbet.football\/cz\/?page_id=217"},"modified":"2025-09-06T10:46:48","modified_gmt":"2025-09-06T10:46:48","slug":"basketball","status":"publish","type":"page","link":"https:\/\/coldbet.football\/cz\/basketball\/","title":{"rendered":"Basketball"},"content":{"rendered":"","protected":false},"excerpt":{"rendered":"","protected":false},"author":1,"featured_media":0,"parent":0,"menu_order":0,"comment_status":"closed","ping_status":"closed","template":"","meta":{"inline_featured_image":false,"footnotes":""},"class_list":["post-217","page","type-page","status-publish","hentry"],"yoast_head":"<!-- This site is optimized with the Yoast SEO plugin v24.8 - https:\/\/yoast.com\/wordpress\/plugins\/seo\/ -->\n<title>Basketbal ColdBet &gt; Bonusy a strategie pro \u00fasp\u011b\u0161nou hru<\/title>\n<meta name=\"description\" content=\"Objevte s\u00e1zky na basketbal na ColdBet! Turnaje, bonusy pro nov\u00e9 hr\u00e1\u010de, strategie pro za\u010d\u00e1te\u010dn\u00edky, \u017eiv\u00e9 s\u00e1zen\u00ed a p\u0159enosy z\u00e1pas\u016f.\" \/>\n<meta name=\"robots\" content=\"noindex, follow, max-snippet:-1, max-image-preview:large, max-video-preview:-1\" \/>\n<meta property=\"og:locale\" content=\"cs_CZ\" \/>\n<meta property=\"og:type\" content=\"article\" \/>\n<meta property=\"og:title\" content=\"Basketbal ColdBet &gt; Bonusy a strategie pro \u00fasp\u011b\u0161nou hru\" \/>\n<meta property=\"og:description\" content=\"Objevte s\u00e1zky na basketbal na ColdBet! Turnaje, bonusy pro nov\u00e9 hr\u00e1\u010de, strategie pro za\u010d\u00e1te\u010dn\u00edky, \u017eiv\u00e9 s\u00e1zen\u00ed a p\u0159enosy z\u00e1pas\u016f.\" \/>\n<meta property=\"og:url\" content=\"https:\/\/coldbet.football\/cz\/basketball\/\" \/>\n<meta property=\"og:site_name\" content=\"coldbet football CZ\" \/>\n<meta property=\"article:modified_time\" content=\"2025-09-06T10:46:48+00:00\" \/>\n<meta name=\"twitter:card\" content=\"summary_large_image\" \/>\n<script type=\"application\/ld+json\" class=\"yoast-schema-graph\">{\"@context\":\"https:\/\/schema.org\",\"@graph\":[{\"@type\":\"WebPage\",\"@id\":\"https:\/\/coldbet.football\/cz\/basketball\/\",\"url\":\"https:\/\/coldbet.football\/cz\/basketball\/\",\"name\":\"Basketbal ColdBet > Bonusy a strategie pro \u00fasp\u011b\u0161nou hru\",\"isPartOf\":{\"@id\":\"https:\/\/coldbet.football\/cz\/#website\"},\"datePublished\":\"2025-05-02T05:44:10+00:00\",\"dateModified\":\"2025-09-06T10:46:48+00:00\",\"description\":\"Objevte s\u00e1zky na basketbal na ColdBet! Turnaje, bonusy pro nov\u00e9 hr\u00e1\u010de, strategie pro za\u010d\u00e1te\u010dn\u00edky, \u017eiv\u00e9 s\u00e1zen\u00ed a p\u0159enosy z\u00e1pas\u016f.\",\"breadcrumb\":{\"@id\":\"https:\/\/coldbet.football\/cz\/basketball\/#breadcrumb\"},\"inLanguage\":\"cs\",\"potentialAction\":[{\"@type\":\"ReadAction\",\"target\":[\"https:\/\/coldbet.football\/cz\/basketball\/\"]}]},{\"@type\":\"BreadcrumbList\",\"@id\":\"https:\/\/coldbet.football\/cz\/basketball\/#breadcrumb\",\"itemListElement\":[{\"@type\":\"ListItem\",\"position\":1,\"name\":\"\u0413\u043b\u0430\u0432\u043d\u0430\u044f \u0441\u0442\u0440\u0430\u043d\u0438\u0446\u0430\",\"item\":\"https:\/\/coldbet.football\/cz\/\"},{\"@type\":\"ListItem\",\"position\":2,\"name\":\"Basketball\"}]},{\"@type\":\"WebSite\",\"@id\":\"https:\/\/coldbet.football\/cz\/#website\",\"url\":\"https:\/\/coldbet.football\/cz\/\",\"name\":\"coldbet football CZ\",\"description\":\"My WordPress Blog\",\"potentialAction\":[{\"@type\":\"SearchAction\",\"target\":{\"@type\":\"EntryPoint\",\"urlTemplate\":\"https:\/\/coldbet.football\/cz\/?s={search_term_string}\"},\"query-input\":{\"@type\":\"PropertyValueSpecification\",\"valueRequired\":true,\"valueName\":\"search_term_string\"}}],\"inLanguage\":\"cs\"}]}<\/script>\n<!-- \/ Yoast SEO plugin. -->","yoast_head_json":{"title":"Basketbal ColdBet > Bonusy a strategie pro \u00fasp\u011b\u0161nou hru","description":"Objevte s\u00e1zky na basketbal na ColdBet! Turnaje, bonusy pro nov\u00e9 hr\u00e1\u010de, strategie pro za\u010d\u00e1te\u010dn\u00edky, \u017eiv\u00e9 s\u00e1zen\u00ed a p\u0159enosy z\u00e1pas\u016f.","robots":{"index":"noindex","follow":"follow","max-snippet":"max-snippet:-1","max-image-preview":"max-image-preview:large","max-video-preview":"max-video-preview:-1"},"og_locale":"cs_CZ","og_type":"article","og_title":"Basketbal ColdBet > Bonusy a strategie pro \u00fasp\u011b\u0161nou hru","og_description":"Objevte s\u00e1zky na basketbal na ColdBet! Turnaje, bonusy pro nov\u00e9 hr\u00e1\u010de, strategie pro za\u010d\u00e1te\u010dn\u00edky, \u017eiv\u00e9 s\u00e1zen\u00ed a p\u0159enosy z\u00e1pas\u016f.","og_url":"https:\/\/coldbet.football\/cz\/basketball\/","og_site_name":"coldbet football CZ","article_modified_time":"2025-09-06T10:46:48+00:00","twitter_card":"summary_large_image","schema":{"@context":"https:\/\/schema.org","@graph":[{"@type":"WebPage","@id":"https:\/\/coldbet.football\/cz\/basketball\/","url":"https:\/\/coldbet.football\/cz\/basketball\/","name":"Basketbal ColdBet > Bonusy a strategie pro \u00fasp\u011b\u0161nou hru","isPartOf":{"@id":"https:\/\/coldbet.football\/cz\/#website"},"datePublished":"2025-05-02T05:44:10+00:00","dateModified":"2025-09-06T10:46:48+00:00","description":"Objevte s\u00e1zky na basketbal na ColdBet! Turnaje, bonusy pro nov\u00e9 hr\u00e1\u010de, strategie pro za\u010d\u00e1te\u010dn\u00edky, \u017eiv\u00e9 s\u00e1zen\u00ed a p\u0159enosy z\u00e1pas\u016f.","breadcrumb":{"@id":"https:\/\/coldbet.football\/cz\/basketball\/#breadcrumb"},"inLanguage":"cs","potentialAction":[{"@type":"ReadAction","target":["https:\/\/coldbet.football\/cz\/basketball\/"]}]},{"@type":"BreadcrumbList","@id":"https:\/\/coldbet.football\/cz\/basketball\/#breadcrumb","itemListElement":[{"@type":"ListItem","position":1,"name":"\u0413\u043b\u0430\u0432\u043d\u0430\u044f \u0441\u0442\u0440\u0430\u043d\u0438\u0446\u0430","item":"https:\/\/coldbet.football\/cz\/"},{"@type":"ListItem","position":2,"name":"Basketball"}]},{"@type":"WebSite","@id":"https:\/\/coldbet.football\/cz\/#website","url":"https:\/\/coldbet.football\/cz\/","name":"coldbet football CZ","description":"My WordPress Blog","potentialAction":[{"@type":"SearchAction","target":{"@type":"EntryPoint","urlTemplate":"https:\/\/coldbet.football\/cz\/?s={search_term_string}"},"query-input":{"@type":"PropertyValueSpecification","valueRequired":true,"valueName":"search_term_string"}}],"inLanguage":"cs"}]}},"_links":{"self":[{"href":"https:\/\/coldbet.football\/cz\/wp-json\/wp\/v2\/pages\/217","targetHints":{"allow":["GET"]}}],"collection":[{"href":"https:\/\/coldbet.football\/cz\/wp-json\/wp\/v2\/pages"}],"about":[{"href":"https:\/\/coldbet.football\/cz\/wp-json\/wp\/v2\/types\/page"}],"author":[{"embeddable":true,"href":"https:\/\/coldbet.football\/cz\/wp-json\/wp\/v2\/users\/1"}],"replies":[{"embeddable":true,"href":"https:\/\/coldbet.football\/cz\/wp-json\/wp\/v2\/comments?post=217"}],"version-history":[{"count":9,"href":"https:\/\/coldbet.football\/cz\/wp-json\/wp\/v2\/pages\/217\/revisions"}],"predecessor-version":[{"id":337,"href":"https:\/\/coldbet.football\/cz\/wp-json\/wp\/v2\/pages\/217\/revisions\/337"}],"wp:attachment":[{"href":"https:\/\/coldbet.football\/cz\/wp-json\/wp\/v2\/media?parent=217"}],"curies":[{"name":"wp","href":"https:\/\/api.w.org\/{rel}","templated":true}]}}