{"id":263,"date":"2025-06-02T07:44:05","date_gmt":"2025-06-02T07:44:05","guid":{"rendered":"https:\/\/coldbet.football\/cz\/?page_id=263"},"modified":"2025-09-06T11:03:05","modified_gmt":"2025-09-06T11:03:05","slug":"cricket","status":"publish","type":"page","link":"https:\/\/coldbet.football\/cz\/cricket\/","title":{"rendered":"Kriket"},"content":{"rendered":"","protected":false},"excerpt":{"rendered":"","protected":false},"author":1,"featured_media":0,"parent":0,"menu_order":0,"comment_status":"closed","ping_status":"closed","template":"","meta":{"inline_featured_image":false,"footnotes":""},"class_list":["post-263","page","type-page","status-publish","hentry"],"yoast_head":"<!-- This site is optimized with the Yoast SEO plugin v24.8 - https:\/\/yoast.com\/wordpress\/plugins\/seo\/ -->\n<title>Kriket ColdBet &gt; form\u00e1ty, strategie, bonusy a streamy<\/title>\n<meta name=\"description\" content=\"Nau\u010dte se, jak s\u00e1zet na kriket s ColdBet, od form\u00e1t\u016f a trh\u016f a\u017e po \u017eiv\u00e9 z\u00e1pasy a bonusy. Jednoduch\u00fd pr\u016fvodce pro v\u0161echny s\u00e1zka\u0159e.\" \/>\n<meta name=\"robots\" content=\"noindex, follow, max-snippet:-1, max-image-preview:large, max-video-preview:-1\" \/>\n<meta property=\"og:locale\" content=\"cs_CZ\" \/>\n<meta property=\"og:type\" content=\"article\" \/>\n<meta property=\"og:title\" content=\"Kriket ColdBet &gt; form\u00e1ty, strategie, bonusy a streamy\" \/>\n<meta property=\"og:description\" content=\"Nau\u010dte se, jak s\u00e1zet na kriket s ColdBet, od form\u00e1t\u016f a trh\u016f a\u017e po \u017eiv\u00e9 z\u00e1pasy a bonusy. Jednoduch\u00fd pr\u016fvodce pro v\u0161echny s\u00e1zka\u0159e.\" \/>\n<meta property=\"og:url\" content=\"https:\/\/coldbet.football\/cz\/cricket\/\" \/>\n<meta property=\"og:site_name\" content=\"coldbet football CZ\" \/>\n<meta property=\"article:modified_time\" content=\"2025-09-06T11:03:05+00:00\" \/>\n<meta name=\"twitter:card\" content=\"summary_large_image\" \/>\n<script type=\"application\/ld+json\" class=\"yoast-schema-graph\">{\"@context\":\"https:\/\/schema.org\",\"@graph\":[{\"@type\":\"WebPage\",\"@id\":\"https:\/\/coldbet.football\/cz\/cricket\/\",\"url\":\"https:\/\/coldbet.football\/cz\/cricket\/\",\"name\":\"Kriket ColdBet > form\u00e1ty, strategie, bonusy a streamy\",\"isPartOf\":{\"@id\":\"https:\/\/coldbet.football\/cz\/#website\"},\"datePublished\":\"2025-06-02T07:44:05+00:00\",\"dateModified\":\"2025-09-06T11:03:05+00:00\",\"description\":\"Nau\u010dte se, jak s\u00e1zet na kriket s ColdBet, od form\u00e1t\u016f a trh\u016f a\u017e po \u017eiv\u00e9 z\u00e1pasy a bonusy. Jednoduch\u00fd pr\u016fvodce pro v\u0161echny s\u00e1zka\u0159e.\",\"breadcrumb\":{\"@id\":\"https:\/\/coldbet.football\/cz\/cricket\/#breadcrumb\"},\"inLanguage\":\"cs\",\"potentialAction\":[{\"@type\":\"ReadAction\",\"target\":[\"https:\/\/coldbet.football\/cz\/cricket\/\"]}]},{\"@type\":\"BreadcrumbList\",\"@id\":\"https:\/\/coldbet.football\/cz\/cricket\/#breadcrumb\",\"itemListElement\":[{\"@type\":\"ListItem\",\"position\":1,\"name\":\"\u0413\u043b\u0430\u0432\u043d\u0430\u044f \u0441\u0442\u0440\u0430\u043d\u0438\u0446\u0430\",\"item\":\"https:\/\/coldbet.football\/cz\/\"},{\"@type\":\"ListItem\",\"position\":2,\"name\":\"Kriket\"}]},{\"@type\":\"WebSite\",\"@id\":\"https:\/\/coldbet.football\/cz\/#website\",\"url\":\"https:\/\/coldbet.football\/cz\/\",\"name\":\"coldbet football CZ\",\"description\":\"My WordPress Blog\",\"potentialAction\":[{\"@type\":\"SearchAction\",\"target\":{\"@type\":\"EntryPoint\",\"urlTemplate\":\"https:\/\/coldbet.football\/cz\/?s={search_term_string}\"},\"query-input\":{\"@type\":\"PropertyValueSpecification\",\"valueRequired\":true,\"valueName\":\"search_term_string\"}}],\"inLanguage\":\"cs\"}]}<\/script>\n<!-- \/ Yoast SEO plugin. -->","yoast_head_json":{"title":"Kriket ColdBet > form\u00e1ty, strategie, bonusy a streamy","description":"Nau\u010dte se, jak s\u00e1zet na kriket s ColdBet, od form\u00e1t\u016f a trh\u016f a\u017e po \u017eiv\u00e9 z\u00e1pasy a bonusy. Jednoduch\u00fd pr\u016fvodce pro v\u0161echny s\u00e1zka\u0159e.","robots":{"index":"noindex","follow":"follow","max-snippet":"max-snippet:-1","max-image-preview":"max-image-preview:large","max-video-preview":"max-video-preview:-1"},"og_locale":"cs_CZ","og_type":"article","og_title":"Kriket ColdBet > form\u00e1ty, strategie, bonusy a streamy","og_description":"Nau\u010dte se, jak s\u00e1zet na kriket s ColdBet, od form\u00e1t\u016f a trh\u016f a\u017e po \u017eiv\u00e9 z\u00e1pasy a bonusy. Jednoduch\u00fd pr\u016fvodce pro v\u0161echny s\u00e1zka\u0159e.","og_url":"https:\/\/coldbet.football\/cz\/cricket\/","og_site_name":"coldbet football CZ","article_modified_time":"2025-09-06T11:03:05+00:00","twitter_card":"summary_large_image","schema":{"@context":"https:\/\/schema.org","@graph":[{"@type":"WebPage","@id":"https:\/\/coldbet.football\/cz\/cricket\/","url":"https:\/\/coldbet.football\/cz\/cricket\/","name":"Kriket ColdBet > form\u00e1ty, strategie, bonusy a streamy","isPartOf":{"@id":"https:\/\/coldbet.football\/cz\/#website"},"datePublished":"2025-06-02T07:44:05+00:00","dateModified":"2025-09-06T11:03:05+00:00","description":"Nau\u010dte se, jak s\u00e1zet na kriket s ColdBet, od form\u00e1t\u016f a trh\u016f a\u017e po \u017eiv\u00e9 z\u00e1pasy a bonusy. Jednoduch\u00fd pr\u016fvodce pro v\u0161echny s\u00e1zka\u0159e.","breadcrumb":{"@id":"https:\/\/coldbet.football\/cz\/cricket\/#breadcrumb"},"inLanguage":"cs","potentialAction":[{"@type":"ReadAction","target":["https:\/\/coldbet.football\/cz\/cricket\/"]}]},{"@type":"BreadcrumbList","@id":"https:\/\/coldbet.football\/cz\/cricket\/#breadcrumb","itemListElement":[{"@type":"ListItem","position":1,"name":"\u0413\u043b\u0430\u0432\u043d\u0430\u044f \u0441\u0442\u0440\u0430\u043d\u0438\u0446\u0430","item":"https:\/\/coldbet.football\/cz\/"},{"@type":"ListItem","position":2,"name":"Kriket"}]},{"@type":"WebSite","@id":"https:\/\/coldbet.football\/cz\/#website","url":"https:\/\/coldbet.football\/cz\/","name":"coldbet football CZ","description":"My WordPress Blog","potentialAction":[{"@type":"SearchAction","target":{"@type":"EntryPoint","urlTemplate":"https:\/\/coldbet.football\/cz\/?s={search_term_string}"},"query-input":{"@type":"PropertyValueSpecification","valueRequired":true,"valueName":"search_term_string"}}],"inLanguage":"cs"}]}},"_links":{"self":[{"href":"https:\/\/coldbet.football\/cz\/wp-json\/wp\/v2\/pages\/263","targetHints":{"allow":["GET"]}}],"collection":[{"href":"https:\/\/coldbet.football\/cz\/wp-json\/wp\/v2\/pages"}],"about":[{"href":"https:\/\/coldbet.football\/cz\/wp-json\/wp\/v2\/types\/page"}],"author":[{"embeddable":true,"href":"https:\/\/coldbet.football\/cz\/wp-json\/wp\/v2\/users\/1"}],"replies":[{"embeddable":true,"href":"https:\/\/coldbet.football\/cz\/wp-json\/wp\/v2\/comments?post=263"}],"version-history":[{"count":5,"href":"https:\/\/coldbet.football\/cz\/wp-json\/wp\/v2\/pages\/263\/revisions"}],"predecessor-version":[{"id":342,"href":"https:\/\/coldbet.football\/cz\/wp-json\/wp\/v2\/pages\/263\/revisions\/342"}],"wp:attachment":[{"href":"https:\/\/coldbet.football\/cz\/wp-json\/wp\/v2\/media?parent=263"}],"curies":[{"name":"wp","href":"https:\/\/api.w.org\/{rel}","templated":true}]}}