{"id":268,"date":"2025-06-11T08:33:37","date_gmt":"2025-06-11T08:33:37","guid":{"rendered":"https:\/\/coldbet.football\/cz\/?page_id=268"},"modified":"2025-09-06T10:09:25","modified_gmt":"2025-09-06T10:09:25","slug":"login","status":"publish","type":"page","link":"https:\/\/coldbet.football\/cz\/login\/","title":{"rendered":"P\u0159ihl\u00e1\u0161en\u00ed"},"content":{"rendered":"","protected":false},"excerpt":{"rendered":"","protected":false},"author":1,"featured_media":0,"parent":0,"menu_order":0,"comment_status":"closed","ping_status":"closed","template":"","meta":{"inline_featured_image":false,"footnotes":""},"class_list":["post-268","page","type-page","status-publish","hentry"],"yoast_head":"<!-- This site is optimized with the Yoast SEO plugin v24.8 - https:\/\/yoast.com\/wordpress\/plugins\/seo\/ -->\n<title>P\u0159ihl\u00e1\u0161en\u00ed do GoldBet &gt; Rychl\u00e9 p\u0159ihl\u00e1\u0161en\u00ed a zah\u00e1jen\u00ed hry<\/title>\n<meta name=\"description\" content=\"P\u0159ihl\u00e1\u0161en\u00ed do ColdBet trv\u00e1 jen p\u00e1r sekund: p\u0159es webov\u00e9 str\u00e1nky, aplikaci nebo mobiln\u00ed verzi. Je to v\u00e1\u0161 pohodln\u00fd p\u0159\u00edstup k s\u00e1zk\u00e1m a kasinu.\" \/>\n<meta name=\"robots\" content=\"noindex, follow, max-snippet:-1, max-image-preview:large, max-video-preview:-1\" \/>\n<meta property=\"og:locale\" content=\"cs_CZ\" \/>\n<meta property=\"og:type\" content=\"article\" \/>\n<meta property=\"og:title\" content=\"P\u0159ihl\u00e1\u0161en\u00ed do GoldBet &gt; Rychl\u00e9 p\u0159ihl\u00e1\u0161en\u00ed a zah\u00e1jen\u00ed hry\" \/>\n<meta property=\"og:description\" content=\"P\u0159ihl\u00e1\u0161en\u00ed do ColdBet trv\u00e1 jen p\u00e1r sekund: p\u0159es webov\u00e9 str\u00e1nky, aplikaci nebo mobiln\u00ed verzi. Je to v\u00e1\u0161 pohodln\u00fd p\u0159\u00edstup k s\u00e1zk\u00e1m a kasinu.\" \/>\n<meta property=\"og:url\" content=\"https:\/\/coldbet.football\/cz\/login\/\" \/>\n<meta property=\"og:site_name\" content=\"coldbet football CZ\" \/>\n<meta property=\"article:modified_time\" content=\"2025-09-06T10:09:25+00:00\" \/>\n<meta name=\"twitter:card\" content=\"summary_large_image\" \/>\n<script type=\"application\/ld+json\" class=\"yoast-schema-graph\">{\"@context\":\"https:\/\/schema.org\",\"@graph\":[{\"@type\":\"WebPage\",\"@id\":\"https:\/\/coldbet.football\/cz\/login\/\",\"url\":\"https:\/\/coldbet.football\/cz\/login\/\",\"name\":\"P\u0159ihl\u00e1\u0161en\u00ed do GoldBet > Rychl\u00e9 p\u0159ihl\u00e1\u0161en\u00ed a zah\u00e1jen\u00ed hry\",\"isPartOf\":{\"@id\":\"https:\/\/coldbet.football\/cz\/#website\"},\"datePublished\":\"2025-06-11T08:33:37+00:00\",\"dateModified\":\"2025-09-06T10:09:25+00:00\",\"description\":\"P\u0159ihl\u00e1\u0161en\u00ed do ColdBet trv\u00e1 jen p\u00e1r sekund: p\u0159es webov\u00e9 str\u00e1nky, aplikaci nebo mobiln\u00ed verzi. Je to v\u00e1\u0161 pohodln\u00fd p\u0159\u00edstup k s\u00e1zk\u00e1m a kasinu.\",\"breadcrumb\":{\"@id\":\"https:\/\/coldbet.football\/cz\/login\/#breadcrumb\"},\"inLanguage\":\"cs\",\"potentialAction\":[{\"@type\":\"ReadAction\",\"target\":[\"https:\/\/coldbet.football\/cz\/login\/\"]}]},{\"@type\":\"BreadcrumbList\",\"@id\":\"https:\/\/coldbet.football\/cz\/login\/#breadcrumb\",\"itemListElement\":[{\"@type\":\"ListItem\",\"position\":1,\"name\":\"\u0413\u043b\u0430\u0432\u043d\u0430\u044f \u0441\u0442\u0440\u0430\u043d\u0438\u0446\u0430\",\"item\":\"https:\/\/coldbet.football\/cz\/\"},{\"@type\":\"ListItem\",\"position\":2,\"name\":\"P\u0159ihl\u00e1\u0161en\u00ed\"}]},{\"@type\":\"WebSite\",\"@id\":\"https:\/\/coldbet.football\/cz\/#website\",\"url\":\"https:\/\/coldbet.football\/cz\/\",\"name\":\"coldbet football CZ\",\"description\":\"My WordPress Blog\",\"potentialAction\":[{\"@type\":\"SearchAction\",\"target\":{\"@type\":\"EntryPoint\",\"urlTemplate\":\"https:\/\/coldbet.football\/cz\/?s={search_term_string}\"},\"query-input\":{\"@type\":\"PropertyValueSpecification\",\"valueRequired\":true,\"valueName\":\"search_term_string\"}}],\"inLanguage\":\"cs\"}]}<\/script>\n<!-- \/ Yoast SEO plugin. -->","yoast_head_json":{"title":"P\u0159ihl\u00e1\u0161en\u00ed do GoldBet > Rychl\u00e9 p\u0159ihl\u00e1\u0161en\u00ed a zah\u00e1jen\u00ed hry","description":"P\u0159ihl\u00e1\u0161en\u00ed do ColdBet trv\u00e1 jen p\u00e1r sekund: p\u0159es webov\u00e9 str\u00e1nky, aplikaci nebo mobiln\u00ed verzi. Je to v\u00e1\u0161 pohodln\u00fd p\u0159\u00edstup k s\u00e1zk\u00e1m a kasinu.","robots":{"index":"noindex","follow":"follow","max-snippet":"max-snippet:-1","max-image-preview":"max-image-preview:large","max-video-preview":"max-video-preview:-1"},"og_locale":"cs_CZ","og_type":"article","og_title":"P\u0159ihl\u00e1\u0161en\u00ed do GoldBet > Rychl\u00e9 p\u0159ihl\u00e1\u0161en\u00ed a zah\u00e1jen\u00ed hry","og_description":"P\u0159ihl\u00e1\u0161en\u00ed do ColdBet trv\u00e1 jen p\u00e1r sekund: p\u0159es webov\u00e9 str\u00e1nky, aplikaci nebo mobiln\u00ed verzi. Je to v\u00e1\u0161 pohodln\u00fd p\u0159\u00edstup k s\u00e1zk\u00e1m a kasinu.","og_url":"https:\/\/coldbet.football\/cz\/login\/","og_site_name":"coldbet football CZ","article_modified_time":"2025-09-06T10:09:25+00:00","twitter_card":"summary_large_image","schema":{"@context":"https:\/\/schema.org","@graph":[{"@type":"WebPage","@id":"https:\/\/coldbet.football\/cz\/login\/","url":"https:\/\/coldbet.football\/cz\/login\/","name":"P\u0159ihl\u00e1\u0161en\u00ed do GoldBet > Rychl\u00e9 p\u0159ihl\u00e1\u0161en\u00ed a zah\u00e1jen\u00ed hry","isPartOf":{"@id":"https:\/\/coldbet.football\/cz\/#website"},"datePublished":"2025-06-11T08:33:37+00:00","dateModified":"2025-09-06T10:09:25+00:00","description":"P\u0159ihl\u00e1\u0161en\u00ed do ColdBet trv\u00e1 jen p\u00e1r sekund: p\u0159es webov\u00e9 str\u00e1nky, aplikaci nebo mobiln\u00ed verzi. Je to v\u00e1\u0161 pohodln\u00fd p\u0159\u00edstup k s\u00e1zk\u00e1m a kasinu.","breadcrumb":{"@id":"https:\/\/coldbet.football\/cz\/login\/#breadcrumb"},"inLanguage":"cs","potentialAction":[{"@type":"ReadAction","target":["https:\/\/coldbet.football\/cz\/login\/"]}]},{"@type":"BreadcrumbList","@id":"https:\/\/coldbet.football\/cz\/login\/#breadcrumb","itemListElement":[{"@type":"ListItem","position":1,"name":"\u0413\u043b\u0430\u0432\u043d\u0430\u044f \u0441\u0442\u0440\u0430\u043d\u0438\u0446\u0430","item":"https:\/\/coldbet.football\/cz\/"},{"@type":"ListItem","position":2,"name":"P\u0159ihl\u00e1\u0161en\u00ed"}]},{"@type":"WebSite","@id":"https:\/\/coldbet.football\/cz\/#website","url":"https:\/\/coldbet.football\/cz\/","name":"coldbet football CZ","description":"My WordPress Blog","potentialAction":[{"@type":"SearchAction","target":{"@type":"EntryPoint","urlTemplate":"https:\/\/coldbet.football\/cz\/?s={search_term_string}"},"query-input":{"@type":"PropertyValueSpecification","valueRequired":true,"valueName":"search_term_string"}}],"inLanguage":"cs"}]}},"_links":{"self":[{"href":"https:\/\/coldbet.football\/cz\/wp-json\/wp\/v2\/pages\/268","targetHints":{"allow":["GET"]}}],"collection":[{"href":"https:\/\/coldbet.football\/cz\/wp-json\/wp\/v2\/pages"}],"about":[{"href":"https:\/\/coldbet.football\/cz\/wp-json\/wp\/v2\/types\/page"}],"author":[{"embeddable":true,"href":"https:\/\/coldbet.football\/cz\/wp-json\/wp\/v2\/users\/1"}],"replies":[{"embeddable":true,"href":"https:\/\/coldbet.football\/cz\/wp-json\/wp\/v2\/comments?post=268"}],"version-history":[{"count":4,"href":"https:\/\/coldbet.football\/cz\/wp-json\/wp\/v2\/pages\/268\/revisions"}],"predecessor-version":[{"id":329,"href":"https:\/\/coldbet.football\/cz\/wp-json\/wp\/v2\/pages\/268\/revisions\/329"}],"wp:attachment":[{"href":"https:\/\/coldbet.football\/cz\/wp-json\/wp\/v2\/media?parent=268"}],"curies":[{"name":"wp","href":"https:\/\/api.w.org\/{rel}","templated":true}]}}