{"id":209,"date":"2025-04-15T09:49:41","date_gmt":"2025-04-15T09:49:41","guid":{"rendered":"https:\/\/coldbet.football\/de\/?page_id=209"},"modified":"2025-09-11T10:29:40","modified_gmt":"2025-09-11T10:29:40","slug":"football","status":"publish","type":"page","link":"https:\/\/coldbet.football\/de\/football\/","title":{"rendered":"Fu\u00dfball"},"content":{"rendered":"","protected":false},"excerpt":{"rendered":"","protected":false},"author":1,"featured_media":0,"parent":0,"menu_order":0,"comment_status":"closed","ping_status":"closed","template":"","meta":{"inline_featured_image":false,"footnotes":""},"class_list":["post-209","page","type-page","status-publish","hentry"],"yoast_head":"<!-- This site is optimized with the Yoast SEO plugin v24.8 - https:\/\/yoast.com\/wordpress\/plugins\/seo\/ -->\n<title>Coldbet Fu\u00dfballwetten &gt; Ihr sicherer Start in Fu\u00dfballwetten<\/title>\n<meta name=\"description\" content=\"Entdecken Sie die Welt der Fu\u00dfballwetten mit Coldbet Football: Top-Ligen, Live-Modus, Boni und Analysen. Machen Sie mit!\" \/>\n<meta name=\"robots\" content=\"index, follow, max-snippet:-1, max-image-preview:large, max-video-preview:-1\" \/>\n<meta property=\"og:locale\" content=\"de_DE\" \/>\n<meta property=\"og:type\" content=\"article\" \/>\n<meta property=\"og:title\" content=\"Coldbet Fu\u00dfballwetten &gt; Ihr sicherer Start in Fu\u00dfballwetten\" \/>\n<meta property=\"og:description\" content=\"Entdecken Sie die Welt der Fu\u00dfballwetten mit Coldbet Football: Top-Ligen, Live-Modus, Boni und Analysen. Machen Sie mit!\" \/>\n<meta property=\"og:url\" content=\"https:\/\/coldbet.football\/de\/football\/\" \/>\n<meta property=\"og:site_name\" content=\"coldbet football DE\" \/>\n<meta property=\"article:modified_time\" content=\"2025-09-11T10:29:40+00:00\" \/>\n<meta name=\"twitter:card\" content=\"summary_large_image\" \/>\n<script type=\"application\/ld+json\" class=\"yoast-schema-graph\">{\"@context\":\"https:\/\/schema.org\",\"@graph\":[{\"@type\":\"WebPage\",\"@id\":\"https:\/\/coldbet.football\/de\/football\/\",\"url\":\"https:\/\/coldbet.football\/de\/football\/\",\"name\":\"Coldbet Fu\u00dfballwetten > Ihr sicherer Start in Fu\u00dfballwetten\",\"isPartOf\":{\"@id\":\"https:\/\/coldbet.football\/de\/#website\"},\"datePublished\":\"2025-04-15T09:49:41+00:00\",\"dateModified\":\"2025-09-11T10:29:40+00:00\",\"description\":\"Entdecken Sie die Welt der Fu\u00dfballwetten mit Coldbet Football: Top-Ligen, Live-Modus, Boni und Analysen. Machen Sie mit!\",\"breadcrumb\":{\"@id\":\"https:\/\/coldbet.football\/de\/football\/#breadcrumb\"},\"inLanguage\":\"de\",\"potentialAction\":[{\"@type\":\"ReadAction\",\"target\":[\"https:\/\/coldbet.football\/de\/football\/\"]}]},{\"@type\":\"BreadcrumbList\",\"@id\":\"https:\/\/coldbet.football\/de\/football\/#breadcrumb\",\"itemListElement\":[{\"@type\":\"ListItem\",\"position\":1,\"name\":\"\u0413\u043b\u0430\u0432\u043d\u0430\u044f \u0441\u0442\u0440\u0430\u043d\u0438\u0446\u0430\",\"item\":\"https:\/\/coldbet.football\/de\/\"},{\"@type\":\"ListItem\",\"position\":2,\"name\":\"Fu\u00dfball\"}]},{\"@type\":\"WebSite\",\"@id\":\"https:\/\/coldbet.football\/de\/#website\",\"url\":\"https:\/\/coldbet.football\/de\/\",\"name\":\"coldbet football DE\",\"description\":\"My WordPress Blog\",\"potentialAction\":[{\"@type\":\"SearchAction\",\"target\":{\"@type\":\"EntryPoint\",\"urlTemplate\":\"https:\/\/coldbet.football\/de\/?s={search_term_string}\"},\"query-input\":{\"@type\":\"PropertyValueSpecification\",\"valueRequired\":true,\"valueName\":\"search_term_string\"}}],\"inLanguage\":\"de\"}]}<\/script>\n<!-- \/ Yoast SEO plugin. -->","yoast_head_json":{"title":"Coldbet Fu\u00dfballwetten > Ihr sicherer Start in Fu\u00dfballwetten","description":"Entdecken Sie die Welt der Fu\u00dfballwetten mit Coldbet Football: Top-Ligen, Live-Modus, Boni und Analysen. Machen Sie mit!","robots":{"index":"index","follow":"follow","max-snippet":"max-snippet:-1","max-image-preview":"max-image-preview:large","max-video-preview":"max-video-preview:-1"},"og_locale":"de_DE","og_type":"article","og_title":"Coldbet Fu\u00dfballwetten > Ihr sicherer Start in Fu\u00dfballwetten","og_description":"Entdecken Sie die Welt der Fu\u00dfballwetten mit Coldbet Football: Top-Ligen, Live-Modus, Boni und Analysen. Machen Sie mit!","og_url":"https:\/\/coldbet.football\/de\/football\/","og_site_name":"coldbet football DE","article_modified_time":"2025-09-11T10:29:40+00:00","twitter_card":"summary_large_image","schema":{"@context":"https:\/\/schema.org","@graph":[{"@type":"WebPage","@id":"https:\/\/coldbet.football\/de\/football\/","url":"https:\/\/coldbet.football\/de\/football\/","name":"Coldbet Fu\u00dfballwetten > Ihr sicherer Start in Fu\u00dfballwetten","isPartOf":{"@id":"https:\/\/coldbet.football\/de\/#website"},"datePublished":"2025-04-15T09:49:41+00:00","dateModified":"2025-09-11T10:29:40+00:00","description":"Entdecken Sie die Welt der Fu\u00dfballwetten mit Coldbet Football: Top-Ligen, Live-Modus, Boni und Analysen. Machen Sie mit!","breadcrumb":{"@id":"https:\/\/coldbet.football\/de\/football\/#breadcrumb"},"inLanguage":"de","potentialAction":[{"@type":"ReadAction","target":["https:\/\/coldbet.football\/de\/football\/"]}]},{"@type":"BreadcrumbList","@id":"https:\/\/coldbet.football\/de\/football\/#breadcrumb","itemListElement":[{"@type":"ListItem","position":1,"name":"\u0413\u043b\u0430\u0432\u043d\u0430\u044f \u0441\u0442\u0440\u0430\u043d\u0438\u0446\u0430","item":"https:\/\/coldbet.football\/de\/"},{"@type":"ListItem","position":2,"name":"Fu\u00dfball"}]},{"@type":"WebSite","@id":"https:\/\/coldbet.football\/de\/#website","url":"https:\/\/coldbet.football\/de\/","name":"coldbet football DE","description":"My WordPress Blog","potentialAction":[{"@type":"SearchAction","target":{"@type":"EntryPoint","urlTemplate":"https:\/\/coldbet.football\/de\/?s={search_term_string}"},"query-input":{"@type":"PropertyValueSpecification","valueRequired":true,"valueName":"search_term_string"}}],"inLanguage":"de"}]}},"_links":{"self":[{"href":"https:\/\/coldbet.football\/de\/wp-json\/wp\/v2\/pages\/209","targetHints":{"allow":["GET"]}}],"collection":[{"href":"https:\/\/coldbet.football\/de\/wp-json\/wp\/v2\/pages"}],"about":[{"href":"https:\/\/coldbet.football\/de\/wp-json\/wp\/v2\/types\/page"}],"author":[{"embeddable":true,"href":"https:\/\/coldbet.football\/de\/wp-json\/wp\/v2\/users\/1"}],"replies":[{"embeddable":true,"href":"https:\/\/coldbet.football\/de\/wp-json\/wp\/v2\/comments?post=209"}],"version-history":[{"count":9,"href":"https:\/\/coldbet.football\/de\/wp-json\/wp\/v2\/pages\/209\/revisions"}],"predecessor-version":[{"id":339,"href":"https:\/\/coldbet.football\/de\/wp-json\/wp\/v2\/pages\/209\/revisions\/339"}],"wp:attachment":[{"href":"https:\/\/coldbet.football\/de\/wp-json\/wp\/v2\/media?parent=209"}],"curies":[{"name":"wp","href":"https:\/\/api.w.org\/{rel}","templated":true}]}}