{"id":258,"date":"2025-05-20T10:44:56","date_gmt":"2025-05-20T10:44:56","guid":{"rendered":"https:\/\/coldbet.football\/de\/?page_id=258"},"modified":"2025-09-11T10:19:28","modified_gmt":"2025-09-11T10:19:28","slug":"tennis","status":"publish","type":"page","link":"https:\/\/coldbet.football\/de\/tennis\/","title":{"rendered":"Tennis"},"content":{"rendered":"","protected":false},"excerpt":{"rendered":"","protected":false},"author":1,"featured_media":0,"parent":0,"menu_order":0,"comment_status":"closed","ping_status":"closed","template":"","meta":{"inline_featured_image":false,"footnotes":""},"class_list":["post-258","page","type-page","status-publish","hentry"],"yoast_head":"<!-- This site is optimized with the Yoast SEO plugin v24.8 - https:\/\/yoast.com\/wordpress\/plugins\/seo\/ -->\n<title>ColdBet Tennis &gt; Turniere, M\u00e4rkte, Live und beste Strategien<\/title>\n<meta name=\"description\" content=\"Informieren Sie sich \u00fcber Tenniswetten bei ColdBet: \u00dcbersicht \u00fcber Turniere, M\u00e4rkte, Live-Modus, Boni und Handyspiele.\" \/>\n<meta name=\"robots\" content=\"index, follow, max-snippet:-1, max-image-preview:large, max-video-preview:-1\" \/>\n<meta property=\"og:locale\" content=\"de_DE\" \/>\n<meta property=\"og:type\" content=\"article\" \/>\n<meta property=\"og:title\" content=\"ColdBet Tennis &gt; Turniere, M\u00e4rkte, Live und beste Strategien\" \/>\n<meta property=\"og:description\" content=\"Informieren Sie sich \u00fcber Tenniswetten bei ColdBet: \u00dcbersicht \u00fcber Turniere, M\u00e4rkte, Live-Modus, Boni und Handyspiele.\" \/>\n<meta property=\"og:url\" content=\"https:\/\/coldbet.football\/de\/tennis\/\" \/>\n<meta property=\"og:site_name\" content=\"coldbet football DE\" \/>\n<meta property=\"article:modified_time\" content=\"2025-09-11T10:19:28+00:00\" \/>\n<meta name=\"twitter:card\" content=\"summary_large_image\" \/>\n<script type=\"application\/ld+json\" class=\"yoast-schema-graph\">{\"@context\":\"https:\/\/schema.org\",\"@graph\":[{\"@type\":\"WebPage\",\"@id\":\"https:\/\/coldbet.football\/de\/tennis\/\",\"url\":\"https:\/\/coldbet.football\/de\/tennis\/\",\"name\":\"ColdBet Tennis > Turniere, M\u00e4rkte, Live und beste Strategien\",\"isPartOf\":{\"@id\":\"https:\/\/coldbet.football\/de\/#website\"},\"datePublished\":\"2025-05-20T10:44:56+00:00\",\"dateModified\":\"2025-09-11T10:19:28+00:00\",\"description\":\"Informieren Sie sich \u00fcber Tenniswetten bei ColdBet: \u00dcbersicht \u00fcber Turniere, M\u00e4rkte, Live-Modus, Boni und Handyspiele.\",\"breadcrumb\":{\"@id\":\"https:\/\/coldbet.football\/de\/tennis\/#breadcrumb\"},\"inLanguage\":\"de\",\"potentialAction\":[{\"@type\":\"ReadAction\",\"target\":[\"https:\/\/coldbet.football\/de\/tennis\/\"]}]},{\"@type\":\"BreadcrumbList\",\"@id\":\"https:\/\/coldbet.football\/de\/tennis\/#breadcrumb\",\"itemListElement\":[{\"@type\":\"ListItem\",\"position\":1,\"name\":\"\u0413\u043b\u0430\u0432\u043d\u0430\u044f \u0441\u0442\u0440\u0430\u043d\u0438\u0446\u0430\",\"item\":\"https:\/\/coldbet.football\/de\/\"},{\"@type\":\"ListItem\",\"position\":2,\"name\":\"Tennis\"}]},{\"@type\":\"WebSite\",\"@id\":\"https:\/\/coldbet.football\/de\/#website\",\"url\":\"https:\/\/coldbet.football\/de\/\",\"name\":\"coldbet football DE\",\"description\":\"My WordPress Blog\",\"potentialAction\":[{\"@type\":\"SearchAction\",\"target\":{\"@type\":\"EntryPoint\",\"urlTemplate\":\"https:\/\/coldbet.football\/de\/?s={search_term_string}\"},\"query-input\":{\"@type\":\"PropertyValueSpecification\",\"valueRequired\":true,\"valueName\":\"search_term_string\"}}],\"inLanguage\":\"de\"}]}<\/script>\n<!-- \/ Yoast SEO plugin. -->","yoast_head_json":{"title":"ColdBet Tennis > Turniere, M\u00e4rkte, Live und beste Strategien","description":"Informieren Sie sich \u00fcber Tenniswetten bei ColdBet: \u00dcbersicht \u00fcber Turniere, M\u00e4rkte, Live-Modus, Boni und Handyspiele.","robots":{"index":"index","follow":"follow","max-snippet":"max-snippet:-1","max-image-preview":"max-image-preview:large","max-video-preview":"max-video-preview:-1"},"og_locale":"de_DE","og_type":"article","og_title":"ColdBet Tennis > Turniere, M\u00e4rkte, Live und beste Strategien","og_description":"Informieren Sie sich \u00fcber Tenniswetten bei ColdBet: \u00dcbersicht \u00fcber Turniere, M\u00e4rkte, Live-Modus, Boni und Handyspiele.","og_url":"https:\/\/coldbet.football\/de\/tennis\/","og_site_name":"coldbet football DE","article_modified_time":"2025-09-11T10:19:28+00:00","twitter_card":"summary_large_image","schema":{"@context":"https:\/\/schema.org","@graph":[{"@type":"WebPage","@id":"https:\/\/coldbet.football\/de\/tennis\/","url":"https:\/\/coldbet.football\/de\/tennis\/","name":"ColdBet Tennis > Turniere, M\u00e4rkte, Live und beste Strategien","isPartOf":{"@id":"https:\/\/coldbet.football\/de\/#website"},"datePublished":"2025-05-20T10:44:56+00:00","dateModified":"2025-09-11T10:19:28+00:00","description":"Informieren Sie sich \u00fcber Tenniswetten bei ColdBet: \u00dcbersicht \u00fcber Turniere, M\u00e4rkte, Live-Modus, Boni und Handyspiele.","breadcrumb":{"@id":"https:\/\/coldbet.football\/de\/tennis\/#breadcrumb"},"inLanguage":"de","potentialAction":[{"@type":"ReadAction","target":["https:\/\/coldbet.football\/de\/tennis\/"]}]},{"@type":"BreadcrumbList","@id":"https:\/\/coldbet.football\/de\/tennis\/#breadcrumb","itemListElement":[{"@type":"ListItem","position":1,"name":"\u0413\u043b\u0430\u0432\u043d\u0430\u044f \u0441\u0442\u0440\u0430\u043d\u0438\u0446\u0430","item":"https:\/\/coldbet.football\/de\/"},{"@type":"ListItem","position":2,"name":"Tennis"}]},{"@type":"WebSite","@id":"https:\/\/coldbet.football\/de\/#website","url":"https:\/\/coldbet.football\/de\/","name":"coldbet football DE","description":"My WordPress Blog","potentialAction":[{"@type":"SearchAction","target":{"@type":"EntryPoint","urlTemplate":"https:\/\/coldbet.football\/de\/?s={search_term_string}"},"query-input":{"@type":"PropertyValueSpecification","valueRequired":true,"valueName":"search_term_string"}}],"inLanguage":"de"}]}},"_links":{"self":[{"href":"https:\/\/coldbet.football\/de\/wp-json\/wp\/v2\/pages\/258","targetHints":{"allow":["GET"]}}],"collection":[{"href":"https:\/\/coldbet.football\/de\/wp-json\/wp\/v2\/pages"}],"about":[{"href":"https:\/\/coldbet.football\/de\/wp-json\/wp\/v2\/types\/page"}],"author":[{"embeddable":true,"href":"https:\/\/coldbet.football\/de\/wp-json\/wp\/v2\/users\/1"}],"replies":[{"embeddable":true,"href":"https:\/\/coldbet.football\/de\/wp-json\/wp\/v2\/comments?post=258"}],"version-history":[{"count":5,"href":"https:\/\/coldbet.football\/de\/wp-json\/wp\/v2\/pages\/258\/revisions"}],"predecessor-version":[{"id":335,"href":"https:\/\/coldbet.football\/de\/wp-json\/wp\/v2\/pages\/258\/revisions\/335"}],"wp:attachment":[{"href":"https:\/\/coldbet.football\/de\/wp-json\/wp\/v2\/media?parent=258"}],"curies":[{"name":"wp","href":"https:\/\/api.w.org\/{rel}","templated":true}]}}