{"id":2,"date":"2023-05-18T17:18:34","date_gmt":"2023-05-18T17:18:34","guid":{"rendered":"https:\/\/coldbet.football\/hu\/?page_id=2"},"modified":"2025-09-05T20:55:34","modified_gmt":"2025-09-05T20:55:34","slug":"sample-page","status":"publish","type":"page","link":"https:\/\/coldbet.football\/hu\/","title":{"rendered":"Otthon"},"content":{"rendered":"","protected":false},"excerpt":{"rendered":"","protected":false},"author":1,"featured_media":0,"parent":0,"menu_order":0,"comment_status":"closed","ping_status":"open","template":"","meta":{"inline_featured_image":false,"footnotes":""},"class_list":["post-2","page","type-page","status-publish","hentry"],"yoast_head":"<!-- This site is optimized with the Yoast SEO plugin v24.8 - https:\/\/yoast.com\/wordpress\/plugins\/seo\/ -->\n<title>Coldbet &gt; Fogad\u00e1s, Kaszin\u00f3, B\u00f3nuszok<\/title>\n<meta name=\"description\" content=\"J\u00e1tssz online a Coldbet-en: sport, kaszin\u00f3, mini-j\u00e1t\u00e9kok, kriptovaluta, prom\u00f3ci\u00f3k \u00e9s megb\u00edzhat\u00f3 kifizet\u00e9sek. Pr\u00f3b\u00e1ld ki most!\" \/>\n<meta name=\"robots\" content=\"index, follow, max-snippet:-1, max-image-preview:large, max-video-preview:-1\" \/>\n<meta property=\"og:locale\" content=\"hu_HU\" \/>\n<meta property=\"og:type\" content=\"article\" \/>\n<meta property=\"og:title\" content=\"Coldbet &gt; Fogad\u00e1s, Kaszin\u00f3, B\u00f3nuszok\" \/>\n<meta property=\"og:description\" content=\"J\u00e1tssz online a Coldbet-en: sport, kaszin\u00f3, mini-j\u00e1t\u00e9kok, kriptovaluta, prom\u00f3ci\u00f3k \u00e9s megb\u00edzhat\u00f3 kifizet\u00e9sek. Pr\u00f3b\u00e1ld ki most!\" \/>\n<meta property=\"og:url\" content=\"https:\/\/coldbet.football\/hu\/\" \/>\n<meta property=\"og:site_name\" content=\"coldbet football HU\" \/>\n<meta property=\"article:modified_time\" content=\"2025-09-05T20:55:34+00:00\" \/>\n<meta name=\"twitter:card\" content=\"summary_large_image\" \/>\n<script type=\"application\/ld+json\" class=\"yoast-schema-graph\">{\"@context\":\"https:\/\/schema.org\",\"@graph\":[{\"@type\":\"WebPage\",\"@id\":\"https:\/\/coldbet.football\/hu\/\",\"url\":\"https:\/\/coldbet.football\/hu\/\",\"name\":\"Coldbet > Fogad\u00e1s, Kaszin\u00f3, B\u00f3nuszok\",\"isPartOf\":{\"@id\":\"https:\/\/coldbet.football\/hu\/#website\"},\"datePublished\":\"2023-05-18T17:18:34+00:00\",\"dateModified\":\"2025-09-05T20:55:34+00:00\",\"description\":\"J\u00e1tssz online a Coldbet-en: sport, kaszin\u00f3, mini-j\u00e1t\u00e9kok, kriptovaluta, prom\u00f3ci\u00f3k \u00e9s megb\u00edzhat\u00f3 kifizet\u00e9sek. Pr\u00f3b\u00e1ld ki most!\",\"breadcrumb\":{\"@id\":\"https:\/\/coldbet.football\/hu\/#breadcrumb\"},\"inLanguage\":\"hu\",\"potentialAction\":[{\"@type\":\"ReadAction\",\"target\":[\"https:\/\/coldbet.football\/hu\/\"]}]},{\"@type\":\"BreadcrumbList\",\"@id\":\"https:\/\/coldbet.football\/hu\/#breadcrumb\",\"itemListElement\":[{\"@type\":\"ListItem\",\"position\":1,\"name\":\"\u0413\u043b\u0430\u0432\u043d\u0430\u044f \u0441\u0442\u0440\u0430\u043d\u0438\u0446\u0430\",\"item\":\"https:\/\/coldbet.football\/hu\/\"},{\"@type\":\"ListItem\",\"position\":2,\"name\":\"Otthon\"}]},{\"@type\":\"WebSite\",\"@id\":\"https:\/\/coldbet.football\/hu\/#website\",\"url\":\"https:\/\/coldbet.football\/hu\/\",\"name\":\"coldbet football HU\",\"description\":\"My WordPress Blog\",\"potentialAction\":[{\"@type\":\"SearchAction\",\"target\":{\"@type\":\"EntryPoint\",\"urlTemplate\":\"https:\/\/coldbet.football\/hu\/?s={search_term_string}\"},\"query-input\":{\"@type\":\"PropertyValueSpecification\",\"valueRequired\":true,\"valueName\":\"search_term_string\"}}],\"inLanguage\":\"hu\"}]}<\/script>\n<!-- \/ Yoast SEO plugin. -->","yoast_head_json":{"title":"Coldbet > Fogad\u00e1s, Kaszin\u00f3, B\u00f3nuszok","description":"J\u00e1tssz online a Coldbet-en: sport, kaszin\u00f3, mini-j\u00e1t\u00e9kok, kriptovaluta, prom\u00f3ci\u00f3k \u00e9s megb\u00edzhat\u00f3 kifizet\u00e9sek. Pr\u00f3b\u00e1ld ki most!","robots":{"index":"index","follow":"follow","max-snippet":"max-snippet:-1","max-image-preview":"max-image-preview:large","max-video-preview":"max-video-preview:-1"},"og_locale":"hu_HU","og_type":"article","og_title":"Coldbet > Fogad\u00e1s, Kaszin\u00f3, B\u00f3nuszok","og_description":"J\u00e1tssz online a Coldbet-en: sport, kaszin\u00f3, mini-j\u00e1t\u00e9kok, kriptovaluta, prom\u00f3ci\u00f3k \u00e9s megb\u00edzhat\u00f3 kifizet\u00e9sek. Pr\u00f3b\u00e1ld ki most!","og_url":"https:\/\/coldbet.football\/hu\/","og_site_name":"coldbet football HU","article_modified_time":"2025-09-05T20:55:34+00:00","twitter_card":"summary_large_image","schema":{"@context":"https:\/\/schema.org","@graph":[{"@type":"WebPage","@id":"https:\/\/coldbet.football\/hu\/","url":"https:\/\/coldbet.football\/hu\/","name":"Coldbet > Fogad\u00e1s, Kaszin\u00f3, B\u00f3nuszok","isPartOf":{"@id":"https:\/\/coldbet.football\/hu\/#website"},"datePublished":"2023-05-18T17:18:34+00:00","dateModified":"2025-09-05T20:55:34+00:00","description":"J\u00e1tssz online a Coldbet-en: sport, kaszin\u00f3, mini-j\u00e1t\u00e9kok, kriptovaluta, prom\u00f3ci\u00f3k \u00e9s megb\u00edzhat\u00f3 kifizet\u00e9sek. Pr\u00f3b\u00e1ld ki most!","breadcrumb":{"@id":"https:\/\/coldbet.football\/hu\/#breadcrumb"},"inLanguage":"hu","potentialAction":[{"@type":"ReadAction","target":["https:\/\/coldbet.football\/hu\/"]}]},{"@type":"BreadcrumbList","@id":"https:\/\/coldbet.football\/hu\/#breadcrumb","itemListElement":[{"@type":"ListItem","position":1,"name":"\u0413\u043b\u0430\u0432\u043d\u0430\u044f \u0441\u0442\u0440\u0430\u043d\u0438\u0446\u0430","item":"https:\/\/coldbet.football\/hu\/"},{"@type":"ListItem","position":2,"name":"Otthon"}]},{"@type":"WebSite","@id":"https:\/\/coldbet.football\/hu\/#website","url":"https:\/\/coldbet.football\/hu\/","name":"coldbet football HU","description":"My WordPress Blog","potentialAction":[{"@type":"SearchAction","target":{"@type":"EntryPoint","urlTemplate":"https:\/\/coldbet.football\/hu\/?s={search_term_string}"},"query-input":{"@type":"PropertyValueSpecification","valueRequired":true,"valueName":"search_term_string"}}],"inLanguage":"hu"}]}},"_links":{"self":[{"href":"https:\/\/coldbet.football\/hu\/wp-json\/wp\/v2\/pages\/2","targetHints":{"allow":["GET"]}}],"collection":[{"href":"https:\/\/coldbet.football\/hu\/wp-json\/wp\/v2\/pages"}],"about":[{"href":"https:\/\/coldbet.football\/hu\/wp-json\/wp\/v2\/types\/page"}],"author":[{"embeddable":true,"href":"https:\/\/coldbet.football\/hu\/wp-json\/wp\/v2\/users\/1"}],"replies":[{"embeddable":true,"href":"https:\/\/coldbet.football\/hu\/wp-json\/wp\/v2\/comments?post=2"}],"version-history":[{"count":47,"href":"https:\/\/coldbet.football\/hu\/wp-json\/wp\/v2\/pages\/2\/revisions"}],"predecessor-version":[{"id":349,"href":"https:\/\/coldbet.football\/hu\/wp-json\/wp\/v2\/pages\/2\/revisions\/349"}],"wp:attachment":[{"href":"https:\/\/coldbet.football\/hu\/wp-json\/wp\/v2\/media?parent=2"}],"curies":[{"name":"wp","href":"https:\/\/api.w.org\/{rel}","templated":true}]}}