{"id":217,"date":"2025-05-02T05:44:10","date_gmt":"2025-05-02T05:44:10","guid":{"rendered":"https:\/\/coldbet.football\/hu\/?page_id=217"},"modified":"2025-09-05T19:13:31","modified_gmt":"2025-09-05T19:13:31","slug":"basketball","status":"publish","type":"page","link":"https:\/\/coldbet.football\/hu\/basketball\/","title":{"rendered":"Kos\u00e1rlabda"},"content":{"rendered":"","protected":false},"excerpt":{"rendered":"","protected":false},"author":1,"featured_media":0,"parent":0,"menu_order":0,"comment_status":"closed","ping_status":"closed","template":"","meta":{"inline_featured_image":false,"footnotes":""},"class_list":["post-217","page","type-page","status-publish","hentry"],"yoast_head":"<!-- This site is optimized with the Yoast SEO plugin v24.8 - https:\/\/yoast.com\/wordpress\/plugins\/seo\/ -->\n<title>ColdBet kos\u00e1rlabda &gt; B\u00f3nuszok \u00e9s strat\u00e9gi\u00e1k a sikeres j\u00e1t\u00e9khoz<\/title>\n<meta name=\"description\" content=\"Fedezd fel a kos\u00e1rlabda fogad\u00e1sokat a ColdBet-n\u00e9l! Versenyek, b\u00f3nuszok, kezd\u0151 strat\u00e9gi\u00e1k, \u00e9l\u0151 fogad\u00e1s \u00e9s m\u00e9rk\u0151z\u00e9sk\u00f6zvet\u00edt\u00e9sek.\" \/>\n<meta name=\"robots\" content=\"index, follow, max-snippet:-1, max-image-preview:large, max-video-preview:-1\" \/>\n<meta property=\"og:locale\" content=\"hu_HU\" \/>\n<meta property=\"og:type\" content=\"article\" \/>\n<meta property=\"og:title\" content=\"ColdBet kos\u00e1rlabda &gt; B\u00f3nuszok \u00e9s strat\u00e9gi\u00e1k a sikeres j\u00e1t\u00e9khoz\" \/>\n<meta property=\"og:description\" content=\"Fedezd fel a kos\u00e1rlabda fogad\u00e1sokat a ColdBet-n\u00e9l! Versenyek, b\u00f3nuszok, kezd\u0151 strat\u00e9gi\u00e1k, \u00e9l\u0151 fogad\u00e1s \u00e9s m\u00e9rk\u0151z\u00e9sk\u00f6zvet\u00edt\u00e9sek.\" \/>\n<meta property=\"og:url\" content=\"https:\/\/coldbet.football\/hu\/basketball\/\" \/>\n<meta property=\"og:site_name\" content=\"coldbet football HU\" \/>\n<meta property=\"article:modified_time\" content=\"2025-09-05T19:13:31+00:00\" \/>\n<meta name=\"twitter:card\" content=\"summary_large_image\" \/>\n<script type=\"application\/ld+json\" class=\"yoast-schema-graph\">{\"@context\":\"https:\/\/schema.org\",\"@graph\":[{\"@type\":\"WebPage\",\"@id\":\"https:\/\/coldbet.football\/hu\/basketball\/\",\"url\":\"https:\/\/coldbet.football\/hu\/basketball\/\",\"name\":\"ColdBet kos\u00e1rlabda > B\u00f3nuszok \u00e9s strat\u00e9gi\u00e1k a sikeres j\u00e1t\u00e9khoz\",\"isPartOf\":{\"@id\":\"https:\/\/coldbet.football\/hu\/#website\"},\"datePublished\":\"2025-05-02T05:44:10+00:00\",\"dateModified\":\"2025-09-05T19:13:31+00:00\",\"description\":\"Fedezd fel a kos\u00e1rlabda fogad\u00e1sokat a ColdBet-n\u00e9l! Versenyek, b\u00f3nuszok, kezd\u0151 strat\u00e9gi\u00e1k, \u00e9l\u0151 fogad\u00e1s \u00e9s m\u00e9rk\u0151z\u00e9sk\u00f6zvet\u00edt\u00e9sek.\",\"breadcrumb\":{\"@id\":\"https:\/\/coldbet.football\/hu\/basketball\/#breadcrumb\"},\"inLanguage\":\"hu\",\"potentialAction\":[{\"@type\":\"ReadAction\",\"target\":[\"https:\/\/coldbet.football\/hu\/basketball\/\"]}]},{\"@type\":\"BreadcrumbList\",\"@id\":\"https:\/\/coldbet.football\/hu\/basketball\/#breadcrumb\",\"itemListElement\":[{\"@type\":\"ListItem\",\"position\":1,\"name\":\"\u0413\u043b\u0430\u0432\u043d\u0430\u044f \u0441\u0442\u0440\u0430\u043d\u0438\u0446\u0430\",\"item\":\"https:\/\/coldbet.football\/hu\/\"},{\"@type\":\"ListItem\",\"position\":2,\"name\":\"Kos\u00e1rlabda\"}]},{\"@type\":\"WebSite\",\"@id\":\"https:\/\/coldbet.football\/hu\/#website\",\"url\":\"https:\/\/coldbet.football\/hu\/\",\"name\":\"coldbet football HU\",\"description\":\"My WordPress Blog\",\"potentialAction\":[{\"@type\":\"SearchAction\",\"target\":{\"@type\":\"EntryPoint\",\"urlTemplate\":\"https:\/\/coldbet.football\/hu\/?s={search_term_string}\"},\"query-input\":{\"@type\":\"PropertyValueSpecification\",\"valueRequired\":true,\"valueName\":\"search_term_string\"}}],\"inLanguage\":\"hu\"}]}<\/script>\n<!-- \/ Yoast SEO plugin. -->","yoast_head_json":{"title":"ColdBet kos\u00e1rlabda > B\u00f3nuszok \u00e9s strat\u00e9gi\u00e1k a sikeres j\u00e1t\u00e9khoz","description":"Fedezd fel a kos\u00e1rlabda fogad\u00e1sokat a ColdBet-n\u00e9l! Versenyek, b\u00f3nuszok, kezd\u0151 strat\u00e9gi\u00e1k, \u00e9l\u0151 fogad\u00e1s \u00e9s m\u00e9rk\u0151z\u00e9sk\u00f6zvet\u00edt\u00e9sek.","robots":{"index":"index","follow":"follow","max-snippet":"max-snippet:-1","max-image-preview":"max-image-preview:large","max-video-preview":"max-video-preview:-1"},"og_locale":"hu_HU","og_type":"article","og_title":"ColdBet kos\u00e1rlabda > B\u00f3nuszok \u00e9s strat\u00e9gi\u00e1k a sikeres j\u00e1t\u00e9khoz","og_description":"Fedezd fel a kos\u00e1rlabda fogad\u00e1sokat a ColdBet-n\u00e9l! Versenyek, b\u00f3nuszok, kezd\u0151 strat\u00e9gi\u00e1k, \u00e9l\u0151 fogad\u00e1s \u00e9s m\u00e9rk\u0151z\u00e9sk\u00f6zvet\u00edt\u00e9sek.","og_url":"https:\/\/coldbet.football\/hu\/basketball\/","og_site_name":"coldbet football HU","article_modified_time":"2025-09-05T19:13:31+00:00","twitter_card":"summary_large_image","schema":{"@context":"https:\/\/schema.org","@graph":[{"@type":"WebPage","@id":"https:\/\/coldbet.football\/hu\/basketball\/","url":"https:\/\/coldbet.football\/hu\/basketball\/","name":"ColdBet kos\u00e1rlabda > B\u00f3nuszok \u00e9s strat\u00e9gi\u00e1k a sikeres j\u00e1t\u00e9khoz","isPartOf":{"@id":"https:\/\/coldbet.football\/hu\/#website"},"datePublished":"2025-05-02T05:44:10+00:00","dateModified":"2025-09-05T19:13:31+00:00","description":"Fedezd fel a kos\u00e1rlabda fogad\u00e1sokat a ColdBet-n\u00e9l! Versenyek, b\u00f3nuszok, kezd\u0151 strat\u00e9gi\u00e1k, \u00e9l\u0151 fogad\u00e1s \u00e9s m\u00e9rk\u0151z\u00e9sk\u00f6zvet\u00edt\u00e9sek.","breadcrumb":{"@id":"https:\/\/coldbet.football\/hu\/basketball\/#breadcrumb"},"inLanguage":"hu","potentialAction":[{"@type":"ReadAction","target":["https:\/\/coldbet.football\/hu\/basketball\/"]}]},{"@type":"BreadcrumbList","@id":"https:\/\/coldbet.football\/hu\/basketball\/#breadcrumb","itemListElement":[{"@type":"ListItem","position":1,"name":"\u0413\u043b\u0430\u0432\u043d\u0430\u044f \u0441\u0442\u0440\u0430\u043d\u0438\u0446\u0430","item":"https:\/\/coldbet.football\/hu\/"},{"@type":"ListItem","position":2,"name":"Kos\u00e1rlabda"}]},{"@type":"WebSite","@id":"https:\/\/coldbet.football\/hu\/#website","url":"https:\/\/coldbet.football\/hu\/","name":"coldbet football HU","description":"My WordPress Blog","potentialAction":[{"@type":"SearchAction","target":{"@type":"EntryPoint","urlTemplate":"https:\/\/coldbet.football\/hu\/?s={search_term_string}"},"query-input":{"@type":"PropertyValueSpecification","valueRequired":true,"valueName":"search_term_string"}}],"inLanguage":"hu"}]}},"_links":{"self":[{"href":"https:\/\/coldbet.football\/hu\/wp-json\/wp\/v2\/pages\/217","targetHints":{"allow":["GET"]}}],"collection":[{"href":"https:\/\/coldbet.football\/hu\/wp-json\/wp\/v2\/pages"}],"about":[{"href":"https:\/\/coldbet.football\/hu\/wp-json\/wp\/v2\/types\/page"}],"author":[{"embeddable":true,"href":"https:\/\/coldbet.football\/hu\/wp-json\/wp\/v2\/users\/1"}],"replies":[{"embeddable":true,"href":"https:\/\/coldbet.football\/hu\/wp-json\/wp\/v2\/comments?post=217"}],"version-history":[{"count":9,"href":"https:\/\/coldbet.football\/hu\/wp-json\/wp\/v2\/pages\/217\/revisions"}],"predecessor-version":[{"id":334,"href":"https:\/\/coldbet.football\/hu\/wp-json\/wp\/v2\/pages\/217\/revisions\/334"}],"wp:attachment":[{"href":"https:\/\/coldbet.football\/hu\/wp-json\/wp\/v2\/media?parent=217"}],"curies":[{"name":"wp","href":"https:\/\/api.w.org\/{rel}","templated":true}]}}