{"id":258,"date":"2025-05-20T10:44:56","date_gmt":"2025-05-20T10:44:56","guid":{"rendered":"https:\/\/coldbet.football\/hu\/?page_id=258"},"modified":"2025-09-05T18:40:54","modified_gmt":"2025-09-05T18:40:54","slug":"tennis","status":"publish","type":"page","link":"https:\/\/coldbet.football\/hu\/tennis\/","title":{"rendered":"Tenisz"},"content":{"rendered":"","protected":false},"excerpt":{"rendered":"","protected":false},"author":1,"featured_media":0,"parent":0,"menu_order":0,"comment_status":"closed","ping_status":"closed","template":"","meta":{"inline_featured_image":false,"footnotes":""},"class_list":["post-258","page","type-page","status-publish","hentry"],"yoast_head":"<!-- This site is optimized with the Yoast SEO plugin v24.8 - https:\/\/yoast.com\/wordpress\/plugins\/seo\/ -->\n<title>ColdBet Tenisz &gt; Versenyek, Piacok, \u00c9l\u0151 \u00e9s Legjobb Strat\u00e9gi\u00e1k<\/title>\n<meta name=\"description\" content=\"Tudja meg, hogyan fogadhat teniszre a ColdBet-en: a versenyek, piacok, \u00e9l\u0151 m\u00f3d, b\u00f3nuszok \u00e9s mobilj\u00e1t\u00e9k \u00e1ttekint\u00e9se.\" \/>\n<meta name=\"robots\" content=\"index, follow, max-snippet:-1, max-image-preview:large, max-video-preview:-1\" \/>\n<meta property=\"og:locale\" content=\"hu_HU\" \/>\n<meta property=\"og:type\" content=\"article\" \/>\n<meta property=\"og:title\" content=\"ColdBet Tenisz &gt; Versenyek, Piacok, \u00c9l\u0151 \u00e9s Legjobb Strat\u00e9gi\u00e1k\" \/>\n<meta property=\"og:description\" content=\"Tudja meg, hogyan fogadhat teniszre a ColdBet-en: a versenyek, piacok, \u00e9l\u0151 m\u00f3d, b\u00f3nuszok \u00e9s mobilj\u00e1t\u00e9k \u00e1ttekint\u00e9se.\" \/>\n<meta property=\"og:url\" content=\"https:\/\/coldbet.football\/hu\/tennis\/\" \/>\n<meta property=\"og:site_name\" content=\"coldbet football HU\" \/>\n<meta property=\"article:modified_time\" content=\"2025-09-05T18:40:54+00:00\" \/>\n<meta name=\"twitter:card\" content=\"summary_large_image\" \/>\n<script type=\"application\/ld+json\" class=\"yoast-schema-graph\">{\"@context\":\"https:\/\/schema.org\",\"@graph\":[{\"@type\":\"WebPage\",\"@id\":\"https:\/\/coldbet.football\/hu\/tennis\/\",\"url\":\"https:\/\/coldbet.football\/hu\/tennis\/\",\"name\":\"ColdBet Tenisz > Versenyek, Piacok, \u00c9l\u0151 \u00e9s Legjobb Strat\u00e9gi\u00e1k\",\"isPartOf\":{\"@id\":\"https:\/\/coldbet.football\/hu\/#website\"},\"datePublished\":\"2025-05-20T10:44:56+00:00\",\"dateModified\":\"2025-09-05T18:40:54+00:00\",\"description\":\"Tudja meg, hogyan fogadhat teniszre a ColdBet-en: a versenyek, piacok, \u00e9l\u0151 m\u00f3d, b\u00f3nuszok \u00e9s mobilj\u00e1t\u00e9k \u00e1ttekint\u00e9se.\",\"breadcrumb\":{\"@id\":\"https:\/\/coldbet.football\/hu\/tennis\/#breadcrumb\"},\"inLanguage\":\"hu\",\"potentialAction\":[{\"@type\":\"ReadAction\",\"target\":[\"https:\/\/coldbet.football\/hu\/tennis\/\"]}]},{\"@type\":\"BreadcrumbList\",\"@id\":\"https:\/\/coldbet.football\/hu\/tennis\/#breadcrumb\",\"itemListElement\":[{\"@type\":\"ListItem\",\"position\":1,\"name\":\"\u0413\u043b\u0430\u0432\u043d\u0430\u044f \u0441\u0442\u0440\u0430\u043d\u0438\u0446\u0430\",\"item\":\"https:\/\/coldbet.football\/hu\/\"},{\"@type\":\"ListItem\",\"position\":2,\"name\":\"Tenisz\"}]},{\"@type\":\"WebSite\",\"@id\":\"https:\/\/coldbet.football\/hu\/#website\",\"url\":\"https:\/\/coldbet.football\/hu\/\",\"name\":\"coldbet football HU\",\"description\":\"My WordPress Blog\",\"potentialAction\":[{\"@type\":\"SearchAction\",\"target\":{\"@type\":\"EntryPoint\",\"urlTemplate\":\"https:\/\/coldbet.football\/hu\/?s={search_term_string}\"},\"query-input\":{\"@type\":\"PropertyValueSpecification\",\"valueRequired\":true,\"valueName\":\"search_term_string\"}}],\"inLanguage\":\"hu\"}]}<\/script>\n<!-- \/ Yoast SEO plugin. -->","yoast_head_json":{"title":"ColdBet Tenisz > Versenyek, Piacok, \u00c9l\u0151 \u00e9s Legjobb Strat\u00e9gi\u00e1k","description":"Tudja meg, hogyan fogadhat teniszre a ColdBet-en: a versenyek, piacok, \u00e9l\u0151 m\u00f3d, b\u00f3nuszok \u00e9s mobilj\u00e1t\u00e9k \u00e1ttekint\u00e9se.","robots":{"index":"index","follow":"follow","max-snippet":"max-snippet:-1","max-image-preview":"max-image-preview:large","max-video-preview":"max-video-preview:-1"},"og_locale":"hu_HU","og_type":"article","og_title":"ColdBet Tenisz > Versenyek, Piacok, \u00c9l\u0151 \u00e9s Legjobb Strat\u00e9gi\u00e1k","og_description":"Tudja meg, hogyan fogadhat teniszre a ColdBet-en: a versenyek, piacok, \u00e9l\u0151 m\u00f3d, b\u00f3nuszok \u00e9s mobilj\u00e1t\u00e9k \u00e1ttekint\u00e9se.","og_url":"https:\/\/coldbet.football\/hu\/tennis\/","og_site_name":"coldbet football HU","article_modified_time":"2025-09-05T18:40:54+00:00","twitter_card":"summary_large_image","schema":{"@context":"https:\/\/schema.org","@graph":[{"@type":"WebPage","@id":"https:\/\/coldbet.football\/hu\/tennis\/","url":"https:\/\/coldbet.football\/hu\/tennis\/","name":"ColdBet Tenisz > Versenyek, Piacok, \u00c9l\u0151 \u00e9s Legjobb Strat\u00e9gi\u00e1k","isPartOf":{"@id":"https:\/\/coldbet.football\/hu\/#website"},"datePublished":"2025-05-20T10:44:56+00:00","dateModified":"2025-09-05T18:40:54+00:00","description":"Tudja meg, hogyan fogadhat teniszre a ColdBet-en: a versenyek, piacok, \u00e9l\u0151 m\u00f3d, b\u00f3nuszok \u00e9s mobilj\u00e1t\u00e9k \u00e1ttekint\u00e9se.","breadcrumb":{"@id":"https:\/\/coldbet.football\/hu\/tennis\/#breadcrumb"},"inLanguage":"hu","potentialAction":[{"@type":"ReadAction","target":["https:\/\/coldbet.football\/hu\/tennis\/"]}]},{"@type":"BreadcrumbList","@id":"https:\/\/coldbet.football\/hu\/tennis\/#breadcrumb","itemListElement":[{"@type":"ListItem","position":1,"name":"\u0413\u043b\u0430\u0432\u043d\u0430\u044f \u0441\u0442\u0440\u0430\u043d\u0438\u0446\u0430","item":"https:\/\/coldbet.football\/hu\/"},{"@type":"ListItem","position":2,"name":"Tenisz"}]},{"@type":"WebSite","@id":"https:\/\/coldbet.football\/hu\/#website","url":"https:\/\/coldbet.football\/hu\/","name":"coldbet football HU","description":"My WordPress Blog","potentialAction":[{"@type":"SearchAction","target":{"@type":"EntryPoint","urlTemplate":"https:\/\/coldbet.football\/hu\/?s={search_term_string}"},"query-input":{"@type":"PropertyValueSpecification","valueRequired":true,"valueName":"search_term_string"}}],"inLanguage":"hu"}]}},"_links":{"self":[{"href":"https:\/\/coldbet.football\/hu\/wp-json\/wp\/v2\/pages\/258","targetHints":{"allow":["GET"]}}],"collection":[{"href":"https:\/\/coldbet.football\/hu\/wp-json\/wp\/v2\/pages"}],"about":[{"href":"https:\/\/coldbet.football\/hu\/wp-json\/wp\/v2\/types\/page"}],"author":[{"embeddable":true,"href":"https:\/\/coldbet.football\/hu\/wp-json\/wp\/v2\/users\/1"}],"replies":[{"embeddable":true,"href":"https:\/\/coldbet.football\/hu\/wp-json\/wp\/v2\/comments?post=258"}],"version-history":[{"count":5,"href":"https:\/\/coldbet.football\/hu\/wp-json\/wp\/v2\/pages\/258\/revisions"}],"predecessor-version":[{"id":331,"href":"https:\/\/coldbet.football\/hu\/wp-json\/wp\/v2\/pages\/258\/revisions\/331"}],"wp:attachment":[{"href":"https:\/\/coldbet.football\/hu\/wp-json\/wp\/v2\/media?parent=258"}],"curies":[{"name":"wp","href":"https:\/\/api.w.org\/{rel}","templated":true}]}}