{"id":268,"date":"2025-06-11T08:33:37","date_gmt":"2025-06-11T08:33:37","guid":{"rendered":"https:\/\/coldbet.football\/hu\/?page_id=268"},"modified":"2025-09-05T19:46:35","modified_gmt":"2025-09-05T19:46:35","slug":"login","status":"publish","type":"page","link":"https:\/\/coldbet.football\/hu\/login\/","title":{"rendered":"Bejelentkez\u00e9s"},"content":{"rendered":"","protected":false},"excerpt":{"rendered":"","protected":false},"author":1,"featured_media":0,"parent":0,"menu_order":0,"comment_status":"closed","ping_status":"closed","template":"","meta":{"inline_featured_image":false,"footnotes":""},"class_list":["post-268","page","type-page","status-publish","hentry"],"yoast_head":"<!-- This site is optimized with the Yoast SEO plugin v24.8 - https:\/\/yoast.com\/wordpress\/plugins\/seo\/ -->\n<title>ColdBet Bejelentkez\u00e9s &gt; Bejelentkez\u00e9s \u00e9s j\u00e1t\u00e9kkezd\u00e9s<\/title>\n<meta name=\"description\" content=\"A ColdBet-be val\u00f3 bejelentkez\u00e9s m\u00e1sodpercek alatt elv\u00e9gezhet\u0151: weboldalon, alkalmaz\u00e1son vagy mobil verzi\u00f3n kereszt\u00fcl.\" \/>\n<meta name=\"robots\" content=\"index, follow, max-snippet:-1, max-image-preview:large, max-video-preview:-1\" \/>\n<meta property=\"og:locale\" content=\"hu_HU\" \/>\n<meta property=\"og:type\" content=\"article\" \/>\n<meta property=\"og:title\" content=\"ColdBet Bejelentkez\u00e9s &gt; Bejelentkez\u00e9s \u00e9s j\u00e1t\u00e9kkezd\u00e9s\" \/>\n<meta property=\"og:description\" content=\"A ColdBet-be val\u00f3 bejelentkez\u00e9s m\u00e1sodpercek alatt elv\u00e9gezhet\u0151: weboldalon, alkalmaz\u00e1son vagy mobil verzi\u00f3n kereszt\u00fcl.\" \/>\n<meta property=\"og:url\" content=\"https:\/\/coldbet.football\/hu\/login\/\" \/>\n<meta property=\"og:site_name\" content=\"coldbet football HU\" \/>\n<meta property=\"article:modified_time\" content=\"2025-09-05T19:46:35+00:00\" \/>\n<meta name=\"twitter:card\" content=\"summary_large_image\" \/>\n<script type=\"application\/ld+json\" class=\"yoast-schema-graph\">{\"@context\":\"https:\/\/schema.org\",\"@graph\":[{\"@type\":\"WebPage\",\"@id\":\"https:\/\/coldbet.football\/hu\/login\/\",\"url\":\"https:\/\/coldbet.football\/hu\/login\/\",\"name\":\"ColdBet Bejelentkez\u00e9s > Bejelentkez\u00e9s \u00e9s j\u00e1t\u00e9kkezd\u00e9s\",\"isPartOf\":{\"@id\":\"https:\/\/coldbet.football\/hu\/#website\"},\"datePublished\":\"2025-06-11T08:33:37+00:00\",\"dateModified\":\"2025-09-05T19:46:35+00:00\",\"description\":\"A ColdBet-be val\u00f3 bejelentkez\u00e9s m\u00e1sodpercek alatt elv\u00e9gezhet\u0151: weboldalon, alkalmaz\u00e1son vagy mobil verzi\u00f3n kereszt\u00fcl.\",\"breadcrumb\":{\"@id\":\"https:\/\/coldbet.football\/hu\/login\/#breadcrumb\"},\"inLanguage\":\"hu\",\"potentialAction\":[{\"@type\":\"ReadAction\",\"target\":[\"https:\/\/coldbet.football\/hu\/login\/\"]}]},{\"@type\":\"BreadcrumbList\",\"@id\":\"https:\/\/coldbet.football\/hu\/login\/#breadcrumb\",\"itemListElement\":[{\"@type\":\"ListItem\",\"position\":1,\"name\":\"\u0413\u043b\u0430\u0432\u043d\u0430\u044f \u0441\u0442\u0440\u0430\u043d\u0438\u0446\u0430\",\"item\":\"https:\/\/coldbet.football\/hu\/\"},{\"@type\":\"ListItem\",\"position\":2,\"name\":\"Bejelentkez\u00e9s\"}]},{\"@type\":\"WebSite\",\"@id\":\"https:\/\/coldbet.football\/hu\/#website\",\"url\":\"https:\/\/coldbet.football\/hu\/\",\"name\":\"coldbet football HU\",\"description\":\"My WordPress Blog\",\"potentialAction\":[{\"@type\":\"SearchAction\",\"target\":{\"@type\":\"EntryPoint\",\"urlTemplate\":\"https:\/\/coldbet.football\/hu\/?s={search_term_string}\"},\"query-input\":{\"@type\":\"PropertyValueSpecification\",\"valueRequired\":true,\"valueName\":\"search_term_string\"}}],\"inLanguage\":\"hu\"}]}<\/script>\n<!-- \/ Yoast SEO plugin. -->","yoast_head_json":{"title":"ColdBet Bejelentkez\u00e9s > Bejelentkez\u00e9s \u00e9s j\u00e1t\u00e9kkezd\u00e9s","description":"A ColdBet-be val\u00f3 bejelentkez\u00e9s m\u00e1sodpercek alatt elv\u00e9gezhet\u0151: weboldalon, alkalmaz\u00e1son vagy mobil verzi\u00f3n kereszt\u00fcl.","robots":{"index":"index","follow":"follow","max-snippet":"max-snippet:-1","max-image-preview":"max-image-preview:large","max-video-preview":"max-video-preview:-1"},"og_locale":"hu_HU","og_type":"article","og_title":"ColdBet Bejelentkez\u00e9s > Bejelentkez\u00e9s \u00e9s j\u00e1t\u00e9kkezd\u00e9s","og_description":"A ColdBet-be val\u00f3 bejelentkez\u00e9s m\u00e1sodpercek alatt elv\u00e9gezhet\u0151: weboldalon, alkalmaz\u00e1son vagy mobil verzi\u00f3n kereszt\u00fcl.","og_url":"https:\/\/coldbet.football\/hu\/login\/","og_site_name":"coldbet football HU","article_modified_time":"2025-09-05T19:46:35+00:00","twitter_card":"summary_large_image","schema":{"@context":"https:\/\/schema.org","@graph":[{"@type":"WebPage","@id":"https:\/\/coldbet.football\/hu\/login\/","url":"https:\/\/coldbet.football\/hu\/login\/","name":"ColdBet Bejelentkez\u00e9s > Bejelentkez\u00e9s \u00e9s j\u00e1t\u00e9kkezd\u00e9s","isPartOf":{"@id":"https:\/\/coldbet.football\/hu\/#website"},"datePublished":"2025-06-11T08:33:37+00:00","dateModified":"2025-09-05T19:46:35+00:00","description":"A ColdBet-be val\u00f3 bejelentkez\u00e9s m\u00e1sodpercek alatt elv\u00e9gezhet\u0151: weboldalon, alkalmaz\u00e1son vagy mobil verzi\u00f3n kereszt\u00fcl.","breadcrumb":{"@id":"https:\/\/coldbet.football\/hu\/login\/#breadcrumb"},"inLanguage":"hu","potentialAction":[{"@type":"ReadAction","target":["https:\/\/coldbet.football\/hu\/login\/"]}]},{"@type":"BreadcrumbList","@id":"https:\/\/coldbet.football\/hu\/login\/#breadcrumb","itemListElement":[{"@type":"ListItem","position":1,"name":"\u0413\u043b\u0430\u0432\u043d\u0430\u044f \u0441\u0442\u0440\u0430\u043d\u0438\u0446\u0430","item":"https:\/\/coldbet.football\/hu\/"},{"@type":"ListItem","position":2,"name":"Bejelentkez\u00e9s"}]},{"@type":"WebSite","@id":"https:\/\/coldbet.football\/hu\/#website","url":"https:\/\/coldbet.football\/hu\/","name":"coldbet football HU","description":"My WordPress Blog","potentialAction":[{"@type":"SearchAction","target":{"@type":"EntryPoint","urlTemplate":"https:\/\/coldbet.football\/hu\/?s={search_term_string}"},"query-input":{"@type":"PropertyValueSpecification","valueRequired":true,"valueName":"search_term_string"}}],"inLanguage":"hu"}]}},"_links":{"self":[{"href":"https:\/\/coldbet.football\/hu\/wp-json\/wp\/v2\/pages\/268","targetHints":{"allow":["GET"]}}],"collection":[{"href":"https:\/\/coldbet.football\/hu\/wp-json\/wp\/v2\/pages"}],"about":[{"href":"https:\/\/coldbet.football\/hu\/wp-json\/wp\/v2\/types\/page"}],"author":[{"embeddable":true,"href":"https:\/\/coldbet.football\/hu\/wp-json\/wp\/v2\/users\/1"}],"replies":[{"embeddable":true,"href":"https:\/\/coldbet.football\/hu\/wp-json\/wp\/v2\/comments?post=268"}],"version-history":[{"count":4,"href":"https:\/\/coldbet.football\/hu\/wp-json\/wp\/v2\/pages\/268\/revisions"}],"predecessor-version":[{"id":342,"href":"https:\/\/coldbet.football\/hu\/wp-json\/wp\/v2\/pages\/268\/revisions\/342"}],"wp:attachment":[{"href":"https:\/\/coldbet.football\/hu\/wp-json\/wp\/v2\/media?parent=268"}],"curies":[{"name":"wp","href":"https:\/\/api.w.org\/{rel}","templated":true}]}}