{"id":279,"date":"2025-07-07T08:36:36","date_gmt":"2025-07-07T08:36:36","guid":{"rendered":"https:\/\/coldbet.football\/hu\/?page_id=279"},"modified":"2025-09-05T19:35:47","modified_gmt":"2025-09-05T19:35:47","slug":"bonus","status":"publish","type":"page","link":"https:\/\/coldbet.football\/hu\/bonus\/","title":{"rendered":"B\u00f3nusz"},"content":{"rendered":"","protected":false},"excerpt":{"rendered":"","protected":false},"author":1,"featured_media":0,"parent":0,"menu_order":0,"comment_status":"closed","ping_status":"closed","template":"","meta":{"inline_featured_image":false,"footnotes":""},"class_list":["post-279","page","type-page","status-publish","hentry"],"yoast_head":"<!-- This site is optimized with the Yoast SEO plugin v24.8 - https:\/\/yoast.com\/wordpress\/plugins\/seo\/ -->\n<title>ColdBet b\u00f3nusz &gt; Prom\u00f3ci\u00f3k, prom\u00f3ci\u00f3s k\u00f3dok<\/title>\n<meta name=\"description\" content=\"Aktu\u00e1lis ColdBet b\u00f3nuszok: \u00fcdv\u00f6zl\u0151csomag, ingyenes fogad\u00e1sok, p\u00e9nzvisszat\u00e9r\u00edt\u00e9s, prom\u00f3ci\u00f3s k\u00f3dok \u00e9s prom\u00f3ci\u00f3k az alkalmaz\u00e1sban.\" \/>\n<meta name=\"robots\" content=\"index, follow, max-snippet:-1, max-image-preview:large, max-video-preview:-1\" \/>\n<meta property=\"og:locale\" content=\"hu_HU\" \/>\n<meta property=\"og:type\" content=\"article\" \/>\n<meta property=\"og:title\" content=\"ColdBet b\u00f3nusz &gt; Prom\u00f3ci\u00f3k, prom\u00f3ci\u00f3s k\u00f3dok\" \/>\n<meta property=\"og:description\" content=\"Aktu\u00e1lis ColdBet b\u00f3nuszok: \u00fcdv\u00f6zl\u0151csomag, ingyenes fogad\u00e1sok, p\u00e9nzvisszat\u00e9r\u00edt\u00e9s, prom\u00f3ci\u00f3s k\u00f3dok \u00e9s prom\u00f3ci\u00f3k az alkalmaz\u00e1sban.\" \/>\n<meta property=\"og:url\" content=\"https:\/\/coldbet.football\/hu\/bonus\/\" \/>\n<meta property=\"og:site_name\" content=\"coldbet football HU\" \/>\n<meta property=\"article:modified_time\" content=\"2025-09-05T19:35:47+00:00\" \/>\n<meta name=\"twitter:card\" content=\"summary_large_image\" \/>\n<script type=\"application\/ld+json\" class=\"yoast-schema-graph\">{\"@context\":\"https:\/\/schema.org\",\"@graph\":[{\"@type\":\"WebPage\",\"@id\":\"https:\/\/coldbet.football\/hu\/bonus\/\",\"url\":\"https:\/\/coldbet.football\/hu\/bonus\/\",\"name\":\"ColdBet b\u00f3nusz > Prom\u00f3ci\u00f3k, prom\u00f3ci\u00f3s k\u00f3dok\",\"isPartOf\":{\"@id\":\"https:\/\/coldbet.football\/hu\/#website\"},\"datePublished\":\"2025-07-07T08:36:36+00:00\",\"dateModified\":\"2025-09-05T19:35:47+00:00\",\"description\":\"Aktu\u00e1lis ColdBet b\u00f3nuszok: \u00fcdv\u00f6zl\u0151csomag, ingyenes fogad\u00e1sok, p\u00e9nzvisszat\u00e9r\u00edt\u00e9s, prom\u00f3ci\u00f3s k\u00f3dok \u00e9s prom\u00f3ci\u00f3k az alkalmaz\u00e1sban.\",\"breadcrumb\":{\"@id\":\"https:\/\/coldbet.football\/hu\/bonus\/#breadcrumb\"},\"inLanguage\":\"hu\",\"potentialAction\":[{\"@type\":\"ReadAction\",\"target\":[\"https:\/\/coldbet.football\/hu\/bonus\/\"]}]},{\"@type\":\"BreadcrumbList\",\"@id\":\"https:\/\/coldbet.football\/hu\/bonus\/#breadcrumb\",\"itemListElement\":[{\"@type\":\"ListItem\",\"position\":1,\"name\":\"\u0413\u043b\u0430\u0432\u043d\u0430\u044f \u0441\u0442\u0440\u0430\u043d\u0438\u0446\u0430\",\"item\":\"https:\/\/coldbet.football\/hu\/\"},{\"@type\":\"ListItem\",\"position\":2,\"name\":\"B\u00f3nusz\"}]},{\"@type\":\"WebSite\",\"@id\":\"https:\/\/coldbet.football\/hu\/#website\",\"url\":\"https:\/\/coldbet.football\/hu\/\",\"name\":\"coldbet football HU\",\"description\":\"My WordPress Blog\",\"potentialAction\":[{\"@type\":\"SearchAction\",\"target\":{\"@type\":\"EntryPoint\",\"urlTemplate\":\"https:\/\/coldbet.football\/hu\/?s={search_term_string}\"},\"query-input\":{\"@type\":\"PropertyValueSpecification\",\"valueRequired\":true,\"valueName\":\"search_term_string\"}}],\"inLanguage\":\"hu\"}]}<\/script>\n<!-- \/ Yoast SEO plugin. -->","yoast_head_json":{"title":"ColdBet b\u00f3nusz > Prom\u00f3ci\u00f3k, prom\u00f3ci\u00f3s k\u00f3dok","description":"Aktu\u00e1lis ColdBet b\u00f3nuszok: \u00fcdv\u00f6zl\u0151csomag, ingyenes fogad\u00e1sok, p\u00e9nzvisszat\u00e9r\u00edt\u00e9s, prom\u00f3ci\u00f3s k\u00f3dok \u00e9s prom\u00f3ci\u00f3k az alkalmaz\u00e1sban.","robots":{"index":"index","follow":"follow","max-snippet":"max-snippet:-1","max-image-preview":"max-image-preview:large","max-video-preview":"max-video-preview:-1"},"og_locale":"hu_HU","og_type":"article","og_title":"ColdBet b\u00f3nusz > Prom\u00f3ci\u00f3k, prom\u00f3ci\u00f3s k\u00f3dok","og_description":"Aktu\u00e1lis ColdBet b\u00f3nuszok: \u00fcdv\u00f6zl\u0151csomag, ingyenes fogad\u00e1sok, p\u00e9nzvisszat\u00e9r\u00edt\u00e9s, prom\u00f3ci\u00f3s k\u00f3dok \u00e9s prom\u00f3ci\u00f3k az alkalmaz\u00e1sban.","og_url":"https:\/\/coldbet.football\/hu\/bonus\/","og_site_name":"coldbet football HU","article_modified_time":"2025-09-05T19:35:47+00:00","twitter_card":"summary_large_image","schema":{"@context":"https:\/\/schema.org","@graph":[{"@type":"WebPage","@id":"https:\/\/coldbet.football\/hu\/bonus\/","url":"https:\/\/coldbet.football\/hu\/bonus\/","name":"ColdBet b\u00f3nusz > Prom\u00f3ci\u00f3k, prom\u00f3ci\u00f3s k\u00f3dok","isPartOf":{"@id":"https:\/\/coldbet.football\/hu\/#website"},"datePublished":"2025-07-07T08:36:36+00:00","dateModified":"2025-09-05T19:35:47+00:00","description":"Aktu\u00e1lis ColdBet b\u00f3nuszok: \u00fcdv\u00f6zl\u0151csomag, ingyenes fogad\u00e1sok, p\u00e9nzvisszat\u00e9r\u00edt\u00e9s, prom\u00f3ci\u00f3s k\u00f3dok \u00e9s prom\u00f3ci\u00f3k az alkalmaz\u00e1sban.","breadcrumb":{"@id":"https:\/\/coldbet.football\/hu\/bonus\/#breadcrumb"},"inLanguage":"hu","potentialAction":[{"@type":"ReadAction","target":["https:\/\/coldbet.football\/hu\/bonus\/"]}]},{"@type":"BreadcrumbList","@id":"https:\/\/coldbet.football\/hu\/bonus\/#breadcrumb","itemListElement":[{"@type":"ListItem","position":1,"name":"\u0413\u043b\u0430\u0432\u043d\u0430\u044f \u0441\u0442\u0440\u0430\u043d\u0438\u0446\u0430","item":"https:\/\/coldbet.football\/hu\/"},{"@type":"ListItem","position":2,"name":"B\u00f3nusz"}]},{"@type":"WebSite","@id":"https:\/\/coldbet.football\/hu\/#website","url":"https:\/\/coldbet.football\/hu\/","name":"coldbet football HU","description":"My WordPress Blog","potentialAction":[{"@type":"SearchAction","target":{"@type":"EntryPoint","urlTemplate":"https:\/\/coldbet.football\/hu\/?s={search_term_string}"},"query-input":{"@type":"PropertyValueSpecification","valueRequired":true,"valueName":"search_term_string"}}],"inLanguage":"hu"}]}},"_links":{"self":[{"href":"https:\/\/coldbet.football\/hu\/wp-json\/wp\/v2\/pages\/279","targetHints":{"allow":["GET"]}}],"collection":[{"href":"https:\/\/coldbet.football\/hu\/wp-json\/wp\/v2\/pages"}],"about":[{"href":"https:\/\/coldbet.football\/hu\/wp-json\/wp\/v2\/types\/page"}],"author":[{"embeddable":true,"href":"https:\/\/coldbet.football\/hu\/wp-json\/wp\/v2\/users\/1"}],"replies":[{"embeddable":true,"href":"https:\/\/coldbet.football\/hu\/wp-json\/wp\/v2\/comments?post=279"}],"version-history":[{"count":6,"href":"https:\/\/coldbet.football\/hu\/wp-json\/wp\/v2\/pages\/279\/revisions"}],"predecessor-version":[{"id":340,"href":"https:\/\/coldbet.football\/hu\/wp-json\/wp\/v2\/pages\/279\/revisions\/340"}],"wp:attachment":[{"href":"https:\/\/coldbet.football\/hu\/wp-json\/wp\/v2\/media?parent=279"}],"curies":[{"name":"wp","href":"https:\/\/api.w.org\/{rel}","templated":true}]}}