{"id":301,"date":"2025-07-31T10:31:20","date_gmt":"2025-07-31T10:31:20","guid":{"rendered":"https:\/\/coldbet.football\/hu\/?page_id=301"},"modified":"2025-09-05T18:13:09","modified_gmt":"2025-09-05T18:13:09","slug":"android","status":"publish","type":"page","link":"https:\/\/coldbet.football\/hu\/android\/","title":{"rendered":"Android"},"content":{"rendered":"","protected":false},"excerpt":{"rendered":"","protected":false},"author":1,"featured_media":0,"parent":0,"menu_order":0,"comment_status":"closed","ping_status":"closed","template":"","meta":{"inline_featured_image":false,"footnotes":""},"class_list":["post-301","page","type-page","status-publish","hentry"],"yoast_head":"<!-- This site is optimized with the Yoast SEO plugin v24.8 - https:\/\/yoast.com\/wordpress\/plugins\/seo\/ -->\n<title>ColdBet let\u00f6lt\u00e9s Androidra &gt; Telep\u00edt\u00e9s \u00e9s j\u00e1t\u00e9k<\/title>\n<meta name=\"description\" content=\"L\u00e9p\u00e9sr\u0151l l\u00e9p\u00e9sre \u00fatmutat\u00f3 a ColdBet Androidhoz: hol t\u00f6lthet\u0151 le az APK, hogyan telep\u00edthet\u0151 \u00e9s hogyan lehet fogadni a telefonon.\" \/>\n<meta name=\"robots\" content=\"index, follow, max-snippet:-1, max-image-preview:large, max-video-preview:-1\" \/>\n<meta property=\"og:locale\" content=\"hu_HU\" \/>\n<meta property=\"og:type\" content=\"article\" \/>\n<meta property=\"og:title\" content=\"ColdBet let\u00f6lt\u00e9s Androidra &gt; Telep\u00edt\u00e9s \u00e9s j\u00e1t\u00e9k\" \/>\n<meta property=\"og:description\" content=\"L\u00e9p\u00e9sr\u0151l l\u00e9p\u00e9sre \u00fatmutat\u00f3 a ColdBet Androidhoz: hol t\u00f6lthet\u0151 le az APK, hogyan telep\u00edthet\u0151 \u00e9s hogyan lehet fogadni a telefonon.\" \/>\n<meta property=\"og:url\" content=\"https:\/\/coldbet.football\/hu\/android\/\" \/>\n<meta property=\"og:site_name\" content=\"coldbet football HU\" \/>\n<meta property=\"article:modified_time\" content=\"2025-09-05T18:13:09+00:00\" \/>\n<meta name=\"twitter:card\" content=\"summary_large_image\" \/>\n<script type=\"application\/ld+json\" class=\"yoast-schema-graph\">{\"@context\":\"https:\/\/schema.org\",\"@graph\":[{\"@type\":\"WebPage\",\"@id\":\"https:\/\/coldbet.football\/hu\/android\/\",\"url\":\"https:\/\/coldbet.football\/hu\/android\/\",\"name\":\"ColdBet let\u00f6lt\u00e9s Androidra > Telep\u00edt\u00e9s \u00e9s j\u00e1t\u00e9k\",\"isPartOf\":{\"@id\":\"https:\/\/coldbet.football\/hu\/#website\"},\"datePublished\":\"2025-07-31T10:31:20+00:00\",\"dateModified\":\"2025-09-05T18:13:09+00:00\",\"description\":\"L\u00e9p\u00e9sr\u0151l l\u00e9p\u00e9sre \u00fatmutat\u00f3 a ColdBet Androidhoz: hol t\u00f6lthet\u0151 le az APK, hogyan telep\u00edthet\u0151 \u00e9s hogyan lehet fogadni a telefonon.\",\"breadcrumb\":{\"@id\":\"https:\/\/coldbet.football\/hu\/android\/#breadcrumb\"},\"inLanguage\":\"hu\",\"potentialAction\":[{\"@type\":\"ReadAction\",\"target\":[\"https:\/\/coldbet.football\/hu\/android\/\"]}]},{\"@type\":\"BreadcrumbList\",\"@id\":\"https:\/\/coldbet.football\/hu\/android\/#breadcrumb\",\"itemListElement\":[{\"@type\":\"ListItem\",\"position\":1,\"name\":\"\u0413\u043b\u0430\u0432\u043d\u0430\u044f \u0441\u0442\u0440\u0430\u043d\u0438\u0446\u0430\",\"item\":\"https:\/\/coldbet.football\/hu\/\"},{\"@type\":\"ListItem\",\"position\":2,\"name\":\"Android\"}]},{\"@type\":\"WebSite\",\"@id\":\"https:\/\/coldbet.football\/hu\/#website\",\"url\":\"https:\/\/coldbet.football\/hu\/\",\"name\":\"coldbet football HU\",\"description\":\"My WordPress Blog\",\"potentialAction\":[{\"@type\":\"SearchAction\",\"target\":{\"@type\":\"EntryPoint\",\"urlTemplate\":\"https:\/\/coldbet.football\/hu\/?s={search_term_string}\"},\"query-input\":{\"@type\":\"PropertyValueSpecification\",\"valueRequired\":true,\"valueName\":\"search_term_string\"}}],\"inLanguage\":\"hu\"}]}<\/script>\n<!-- \/ Yoast SEO plugin. -->","yoast_head_json":{"title":"ColdBet let\u00f6lt\u00e9s Androidra > Telep\u00edt\u00e9s \u00e9s j\u00e1t\u00e9k","description":"L\u00e9p\u00e9sr\u0151l l\u00e9p\u00e9sre \u00fatmutat\u00f3 a ColdBet Androidhoz: hol t\u00f6lthet\u0151 le az APK, hogyan telep\u00edthet\u0151 \u00e9s hogyan lehet fogadni a telefonon.","robots":{"index":"index","follow":"follow","max-snippet":"max-snippet:-1","max-image-preview":"max-image-preview:large","max-video-preview":"max-video-preview:-1"},"og_locale":"hu_HU","og_type":"article","og_title":"ColdBet let\u00f6lt\u00e9s Androidra > Telep\u00edt\u00e9s \u00e9s j\u00e1t\u00e9k","og_description":"L\u00e9p\u00e9sr\u0151l l\u00e9p\u00e9sre \u00fatmutat\u00f3 a ColdBet Androidhoz: hol t\u00f6lthet\u0151 le az APK, hogyan telep\u00edthet\u0151 \u00e9s hogyan lehet fogadni a telefonon.","og_url":"https:\/\/coldbet.football\/hu\/android\/","og_site_name":"coldbet football HU","article_modified_time":"2025-09-05T18:13:09+00:00","twitter_card":"summary_large_image","schema":{"@context":"https:\/\/schema.org","@graph":[{"@type":"WebPage","@id":"https:\/\/coldbet.football\/hu\/android\/","url":"https:\/\/coldbet.football\/hu\/android\/","name":"ColdBet let\u00f6lt\u00e9s Androidra > Telep\u00edt\u00e9s \u00e9s j\u00e1t\u00e9k","isPartOf":{"@id":"https:\/\/coldbet.football\/hu\/#website"},"datePublished":"2025-07-31T10:31:20+00:00","dateModified":"2025-09-05T18:13:09+00:00","description":"L\u00e9p\u00e9sr\u0151l l\u00e9p\u00e9sre \u00fatmutat\u00f3 a ColdBet Androidhoz: hol t\u00f6lthet\u0151 le az APK, hogyan telep\u00edthet\u0151 \u00e9s hogyan lehet fogadni a telefonon.","breadcrumb":{"@id":"https:\/\/coldbet.football\/hu\/android\/#breadcrumb"},"inLanguage":"hu","potentialAction":[{"@type":"ReadAction","target":["https:\/\/coldbet.football\/hu\/android\/"]}]},{"@type":"BreadcrumbList","@id":"https:\/\/coldbet.football\/hu\/android\/#breadcrumb","itemListElement":[{"@type":"ListItem","position":1,"name":"\u0413\u043b\u0430\u0432\u043d\u0430\u044f \u0441\u0442\u0440\u0430\u043d\u0438\u0446\u0430","item":"https:\/\/coldbet.football\/hu\/"},{"@type":"ListItem","position":2,"name":"Android"}]},{"@type":"WebSite","@id":"https:\/\/coldbet.football\/hu\/#website","url":"https:\/\/coldbet.football\/hu\/","name":"coldbet football HU","description":"My WordPress Blog","potentialAction":[{"@type":"SearchAction","target":{"@type":"EntryPoint","urlTemplate":"https:\/\/coldbet.football\/hu\/?s={search_term_string}"},"query-input":{"@type":"PropertyValueSpecification","valueRequired":true,"valueName":"search_term_string"}}],"inLanguage":"hu"}]}},"_links":{"self":[{"href":"https:\/\/coldbet.football\/hu\/wp-json\/wp\/v2\/pages\/301","targetHints":{"allow":["GET"]}}],"collection":[{"href":"https:\/\/coldbet.football\/hu\/wp-json\/wp\/v2\/pages"}],"about":[{"href":"https:\/\/coldbet.football\/hu\/wp-json\/wp\/v2\/types\/page"}],"author":[{"embeddable":true,"href":"https:\/\/coldbet.football\/hu\/wp-json\/wp\/v2\/users\/1"}],"replies":[{"embeddable":true,"href":"https:\/\/coldbet.football\/hu\/wp-json\/wp\/v2\/comments?post=301"}],"version-history":[{"count":5,"href":"https:\/\/coldbet.football\/hu\/wp-json\/wp\/v2\/pages\/301\/revisions"}],"predecessor-version":[{"id":324,"href":"https:\/\/coldbet.football\/hu\/wp-json\/wp\/v2\/pages\/301\/revisions\/324"}],"wp:attachment":[{"href":"https:\/\/coldbet.football\/hu\/wp-json\/wp\/v2\/media?parent=301"}],"curies":[{"name":"wp","href":"https:\/\/api.w.org\/{rel}","templated":true}]}}