{"id":306,"date":"2025-08-04T10:15:29","date_gmt":"2025-08-04T10:15:29","guid":{"rendered":"https:\/\/coldbet.football\/hu\/?page_id=306"},"modified":"2025-09-05T17:49:13","modified_gmt":"2025-09-05T17:49:13","slug":"coldbet-ios","status":"publish","type":"page","link":"https:\/\/coldbet.football\/hu\/coldbet-ios\/","title":{"rendered":"ColdBet iOS"},"content":{"rendered":"","protected":false},"excerpt":{"rendered":"","protected":false},"author":1,"featured_media":0,"parent":0,"menu_order":0,"comment_status":"closed","ping_status":"closed","template":"","meta":{"inline_featured_image":false,"footnotes":""},"class_list":["post-306","page","type-page","status-publish","hentry"],"yoast_head":"<!-- This site is optimized with the Yoast SEO plugin v24.8 - https:\/\/yoast.com\/wordpress\/plugins\/seo\/ -->\n<title>ColdBet iOS &gt; Nagyszer\u0171 mobilalkalmaz\u00e1s iPhone-ra<\/title>\n<meta name=\"description\" content=\"Tudja meg, hogyan t\u00f6ltheti le \u00e9s telep\u00edtheti a ColdBet iOS alkalmaz\u00e1st, milyen b\u00f3nuszok \u00e9rhet\u0151k el, \u00e9s hogyan j\u00e1tszhat iPhone-r\u00f3l.\" \/>\n<meta name=\"robots\" content=\"index, follow, max-snippet:-1, max-image-preview:large, max-video-preview:-1\" \/>\n<meta property=\"og:locale\" content=\"hu_HU\" \/>\n<meta property=\"og:type\" content=\"article\" \/>\n<meta property=\"og:title\" content=\"ColdBet iOS &gt; Nagyszer\u0171 mobilalkalmaz\u00e1s iPhone-ra\" \/>\n<meta property=\"og:description\" content=\"Tudja meg, hogyan t\u00f6ltheti le \u00e9s telep\u00edtheti a ColdBet iOS alkalmaz\u00e1st, milyen b\u00f3nuszok \u00e9rhet\u0151k el, \u00e9s hogyan j\u00e1tszhat iPhone-r\u00f3l.\" \/>\n<meta property=\"og:url\" content=\"https:\/\/coldbet.football\/hu\/coldbet-ios\/\" \/>\n<meta property=\"og:site_name\" content=\"coldbet football HU\" \/>\n<meta property=\"article:modified_time\" content=\"2025-09-05T17:49:13+00:00\" \/>\n<meta name=\"twitter:card\" content=\"summary_large_image\" \/>\n<script type=\"application\/ld+json\" class=\"yoast-schema-graph\">{\"@context\":\"https:\/\/schema.org\",\"@graph\":[{\"@type\":\"WebPage\",\"@id\":\"https:\/\/coldbet.football\/hu\/coldbet-ios\/\",\"url\":\"https:\/\/coldbet.football\/hu\/coldbet-ios\/\",\"name\":\"ColdBet iOS > Nagyszer\u0171 mobilalkalmaz\u00e1s iPhone-ra\",\"isPartOf\":{\"@id\":\"https:\/\/coldbet.football\/hu\/#website\"},\"datePublished\":\"2025-08-04T10:15:29+00:00\",\"dateModified\":\"2025-09-05T17:49:13+00:00\",\"description\":\"Tudja meg, hogyan t\u00f6ltheti le \u00e9s telep\u00edtheti a ColdBet iOS alkalmaz\u00e1st, milyen b\u00f3nuszok \u00e9rhet\u0151k el, \u00e9s hogyan j\u00e1tszhat iPhone-r\u00f3l.\",\"breadcrumb\":{\"@id\":\"https:\/\/coldbet.football\/hu\/coldbet-ios\/#breadcrumb\"},\"inLanguage\":\"hu\",\"potentialAction\":[{\"@type\":\"ReadAction\",\"target\":[\"https:\/\/coldbet.football\/hu\/coldbet-ios\/\"]}]},{\"@type\":\"BreadcrumbList\",\"@id\":\"https:\/\/coldbet.football\/hu\/coldbet-ios\/#breadcrumb\",\"itemListElement\":[{\"@type\":\"ListItem\",\"position\":1,\"name\":\"\u0413\u043b\u0430\u0432\u043d\u0430\u044f \u0441\u0442\u0440\u0430\u043d\u0438\u0446\u0430\",\"item\":\"https:\/\/coldbet.football\/hu\/\"},{\"@type\":\"ListItem\",\"position\":2,\"name\":\"ColdBet iOS\"}]},{\"@type\":\"WebSite\",\"@id\":\"https:\/\/coldbet.football\/hu\/#website\",\"url\":\"https:\/\/coldbet.football\/hu\/\",\"name\":\"coldbet football HU\",\"description\":\"My WordPress Blog\",\"potentialAction\":[{\"@type\":\"SearchAction\",\"target\":{\"@type\":\"EntryPoint\",\"urlTemplate\":\"https:\/\/coldbet.football\/hu\/?s={search_term_string}\"},\"query-input\":{\"@type\":\"PropertyValueSpecification\",\"valueRequired\":true,\"valueName\":\"search_term_string\"}}],\"inLanguage\":\"hu\"}]}<\/script>\n<!-- \/ Yoast SEO plugin. -->","yoast_head_json":{"title":"ColdBet iOS > Nagyszer\u0171 mobilalkalmaz\u00e1s iPhone-ra","description":"Tudja meg, hogyan t\u00f6ltheti le \u00e9s telep\u00edtheti a ColdBet iOS alkalmaz\u00e1st, milyen b\u00f3nuszok \u00e9rhet\u0151k el, \u00e9s hogyan j\u00e1tszhat iPhone-r\u00f3l.","robots":{"index":"index","follow":"follow","max-snippet":"max-snippet:-1","max-image-preview":"max-image-preview:large","max-video-preview":"max-video-preview:-1"},"og_locale":"hu_HU","og_type":"article","og_title":"ColdBet iOS > Nagyszer\u0171 mobilalkalmaz\u00e1s iPhone-ra","og_description":"Tudja meg, hogyan t\u00f6ltheti le \u00e9s telep\u00edtheti a ColdBet iOS alkalmaz\u00e1st, milyen b\u00f3nuszok \u00e9rhet\u0151k el, \u00e9s hogyan j\u00e1tszhat iPhone-r\u00f3l.","og_url":"https:\/\/coldbet.football\/hu\/coldbet-ios\/","og_site_name":"coldbet football HU","article_modified_time":"2025-09-05T17:49:13+00:00","twitter_card":"summary_large_image","schema":{"@context":"https:\/\/schema.org","@graph":[{"@type":"WebPage","@id":"https:\/\/coldbet.football\/hu\/coldbet-ios\/","url":"https:\/\/coldbet.football\/hu\/coldbet-ios\/","name":"ColdBet iOS > Nagyszer\u0171 mobilalkalmaz\u00e1s iPhone-ra","isPartOf":{"@id":"https:\/\/coldbet.football\/hu\/#website"},"datePublished":"2025-08-04T10:15:29+00:00","dateModified":"2025-09-05T17:49:13+00:00","description":"Tudja meg, hogyan t\u00f6ltheti le \u00e9s telep\u00edtheti a ColdBet iOS alkalmaz\u00e1st, milyen b\u00f3nuszok \u00e9rhet\u0151k el, \u00e9s hogyan j\u00e1tszhat iPhone-r\u00f3l.","breadcrumb":{"@id":"https:\/\/coldbet.football\/hu\/coldbet-ios\/#breadcrumb"},"inLanguage":"hu","potentialAction":[{"@type":"ReadAction","target":["https:\/\/coldbet.football\/hu\/coldbet-ios\/"]}]},{"@type":"BreadcrumbList","@id":"https:\/\/coldbet.football\/hu\/coldbet-ios\/#breadcrumb","itemListElement":[{"@type":"ListItem","position":1,"name":"\u0413\u043b\u0430\u0432\u043d\u0430\u044f \u0441\u0442\u0440\u0430\u043d\u0438\u0446\u0430","item":"https:\/\/coldbet.football\/hu\/"},{"@type":"ListItem","position":2,"name":"ColdBet iOS"}]},{"@type":"WebSite","@id":"https:\/\/coldbet.football\/hu\/#website","url":"https:\/\/coldbet.football\/hu\/","name":"coldbet football HU","description":"My WordPress Blog","potentialAction":[{"@type":"SearchAction","target":{"@type":"EntryPoint","urlTemplate":"https:\/\/coldbet.football\/hu\/?s={search_term_string}"},"query-input":{"@type":"PropertyValueSpecification","valueRequired":true,"valueName":"search_term_string"}}],"inLanguage":"hu"}]}},"_links":{"self":[{"href":"https:\/\/coldbet.football\/hu\/wp-json\/wp\/v2\/pages\/306","targetHints":{"allow":["GET"]}}],"collection":[{"href":"https:\/\/coldbet.football\/hu\/wp-json\/wp\/v2\/pages"}],"about":[{"href":"https:\/\/coldbet.football\/hu\/wp-json\/wp\/v2\/types\/page"}],"author":[{"embeddable":true,"href":"https:\/\/coldbet.football\/hu\/wp-json\/wp\/v2\/users\/1"}],"replies":[{"embeddable":true,"href":"https:\/\/coldbet.football\/hu\/wp-json\/wp\/v2\/comments?post=306"}],"version-history":[{"count":5,"href":"https:\/\/coldbet.football\/hu\/wp-json\/wp\/v2\/pages\/306\/revisions"}],"predecessor-version":[{"id":321,"href":"https:\/\/coldbet.football\/hu\/wp-json\/wp\/v2\/pages\/306\/revisions\/321"}],"wp:attachment":[{"href":"https:\/\/coldbet.football\/hu\/wp-json\/wp\/v2\/media?parent=306"}],"curies":[{"name":"wp","href":"https:\/\/api.w.org\/{rel}","templated":true}]}}