{"id":2,"date":"2023-05-18T17:18:34","date_gmt":"2023-05-18T17:18:34","guid":{"rendered":"https:\/\/coldbet.football\/pl\/?page_id=2"},"modified":"2025-09-04T19:45:56","modified_gmt":"2025-09-04T19:45:56","slug":"sample-page","status":"publish","type":"page","link":"https:\/\/coldbet.football\/pl\/","title":{"rendered":"Strona g\u0142\u00f3wna"},"content":{"rendered":"","protected":false},"excerpt":{"rendered":"","protected":false},"author":1,"featured_media":0,"parent":0,"menu_order":0,"comment_status":"closed","ping_status":"open","template":"","meta":{"inline_featured_image":false,"footnotes":""},"class_list":["post-2","page","type-page","status-publish","hentry"],"yoast_head":"<!-- This site is optimized with the Yoast SEO plugin v24.8 - https:\/\/yoast.com\/wordpress\/plugins\/seo\/ -->\n<title>Coldbet &gt; Zak\u0142ady, kasyno, bonusy i szybkie wyp\u0142aty online<\/title>\n<meta name=\"description\" content=\"Graj online w Coldbet: zak\u0142ady sportowe, kasyno, minigry, kryptowaluty, promocje i niezawodne wyp\u0142aty. Wypr\u00f3buj ju\u017c teraz!\" \/>\n<meta name=\"robots\" content=\"index, follow, max-snippet:-1, max-image-preview:large, max-video-preview:-1\" \/>\n<meta property=\"og:locale\" content=\"pl_PL\" \/>\n<meta property=\"og:type\" content=\"article\" \/>\n<meta property=\"og:title\" content=\"Coldbet &gt; Zak\u0142ady, kasyno, bonusy i szybkie wyp\u0142aty online\" \/>\n<meta property=\"og:description\" content=\"Graj online w Coldbet: zak\u0142ady sportowe, kasyno, minigry, kryptowaluty, promocje i niezawodne wyp\u0142aty. Wypr\u00f3buj ju\u017c teraz!\" \/>\n<meta property=\"og:url\" content=\"https:\/\/coldbet.football\/pl\/\" \/>\n<meta property=\"og:site_name\" content=\"coldbet football PL\" \/>\n<meta property=\"article:modified_time\" content=\"2025-09-04T19:45:56+00:00\" \/>\n<meta name=\"twitter:card\" content=\"summary_large_image\" \/>\n<script type=\"application\/ld+json\" class=\"yoast-schema-graph\">{\"@context\":\"https:\/\/schema.org\",\"@graph\":[{\"@type\":\"WebPage\",\"@id\":\"https:\/\/coldbet.football\/pl\/\",\"url\":\"https:\/\/coldbet.football\/pl\/\",\"name\":\"Coldbet > Zak\u0142ady, kasyno, bonusy i szybkie wyp\u0142aty online\",\"isPartOf\":{\"@id\":\"https:\/\/coldbet.football\/pl\/#website\"},\"datePublished\":\"2023-05-18T17:18:34+00:00\",\"dateModified\":\"2025-09-04T19:45:56+00:00\",\"description\":\"Graj online w Coldbet: zak\u0142ady sportowe, kasyno, minigry, kryptowaluty, promocje i niezawodne wyp\u0142aty. Wypr\u00f3buj ju\u017c teraz!\",\"breadcrumb\":{\"@id\":\"https:\/\/coldbet.football\/pl\/#breadcrumb\"},\"inLanguage\":\"pl-PL\",\"potentialAction\":[{\"@type\":\"ReadAction\",\"target\":[\"https:\/\/coldbet.football\/pl\/\"]}]},{\"@type\":\"BreadcrumbList\",\"@id\":\"https:\/\/coldbet.football\/pl\/#breadcrumb\",\"itemListElement\":[{\"@type\":\"ListItem\",\"position\":1,\"name\":\"\u0413\u043b\u0430\u0432\u043d\u0430\u044f \u0441\u0442\u0440\u0430\u043d\u0438\u0446\u0430\",\"item\":\"https:\/\/coldbet.football\/pl\/\"},{\"@type\":\"ListItem\",\"position\":2,\"name\":\"Strona g\u0142\u00f3wna\"}]},{\"@type\":\"WebSite\",\"@id\":\"https:\/\/coldbet.football\/pl\/#website\",\"url\":\"https:\/\/coldbet.football\/pl\/\",\"name\":\"coldbet football PL\",\"description\":\"My WordPress Blog\",\"potentialAction\":[{\"@type\":\"SearchAction\",\"target\":{\"@type\":\"EntryPoint\",\"urlTemplate\":\"https:\/\/coldbet.football\/pl\/?s={search_term_string}\"},\"query-input\":{\"@type\":\"PropertyValueSpecification\",\"valueRequired\":true,\"valueName\":\"search_term_string\"}}],\"inLanguage\":\"pl-PL\"}]}<\/script>\n<!-- \/ Yoast SEO plugin. -->","yoast_head_json":{"title":"Coldbet > Zak\u0142ady, kasyno, bonusy i szybkie wyp\u0142aty online","description":"Graj online w Coldbet: zak\u0142ady sportowe, kasyno, minigry, kryptowaluty, promocje i niezawodne wyp\u0142aty. Wypr\u00f3buj ju\u017c teraz!","robots":{"index":"index","follow":"follow","max-snippet":"max-snippet:-1","max-image-preview":"max-image-preview:large","max-video-preview":"max-video-preview:-1"},"og_locale":"pl_PL","og_type":"article","og_title":"Coldbet > Zak\u0142ady, kasyno, bonusy i szybkie wyp\u0142aty online","og_description":"Graj online w Coldbet: zak\u0142ady sportowe, kasyno, minigry, kryptowaluty, promocje i niezawodne wyp\u0142aty. Wypr\u00f3buj ju\u017c teraz!","og_url":"https:\/\/coldbet.football\/pl\/","og_site_name":"coldbet football PL","article_modified_time":"2025-09-04T19:45:56+00:00","twitter_card":"summary_large_image","schema":{"@context":"https:\/\/schema.org","@graph":[{"@type":"WebPage","@id":"https:\/\/coldbet.football\/pl\/","url":"https:\/\/coldbet.football\/pl\/","name":"Coldbet > Zak\u0142ady, kasyno, bonusy i szybkie wyp\u0142aty online","isPartOf":{"@id":"https:\/\/coldbet.football\/pl\/#website"},"datePublished":"2023-05-18T17:18:34+00:00","dateModified":"2025-09-04T19:45:56+00:00","description":"Graj online w Coldbet: zak\u0142ady sportowe, kasyno, minigry, kryptowaluty, promocje i niezawodne wyp\u0142aty. Wypr\u00f3buj ju\u017c teraz!","breadcrumb":{"@id":"https:\/\/coldbet.football\/pl\/#breadcrumb"},"inLanguage":"pl-PL","potentialAction":[{"@type":"ReadAction","target":["https:\/\/coldbet.football\/pl\/"]}]},{"@type":"BreadcrumbList","@id":"https:\/\/coldbet.football\/pl\/#breadcrumb","itemListElement":[{"@type":"ListItem","position":1,"name":"\u0413\u043b\u0430\u0432\u043d\u0430\u044f \u0441\u0442\u0440\u0430\u043d\u0438\u0446\u0430","item":"https:\/\/coldbet.football\/pl\/"},{"@type":"ListItem","position":2,"name":"Strona g\u0142\u00f3wna"}]},{"@type":"WebSite","@id":"https:\/\/coldbet.football\/pl\/#website","url":"https:\/\/coldbet.football\/pl\/","name":"coldbet football PL","description":"My WordPress Blog","potentialAction":[{"@type":"SearchAction","target":{"@type":"EntryPoint","urlTemplate":"https:\/\/coldbet.football\/pl\/?s={search_term_string}"},"query-input":{"@type":"PropertyValueSpecification","valueRequired":true,"valueName":"search_term_string"}}],"inLanguage":"pl-PL"}]}},"_links":{"self":[{"href":"https:\/\/coldbet.football\/pl\/wp-json\/wp\/v2\/pages\/2","targetHints":{"allow":["GET"]}}],"collection":[{"href":"https:\/\/coldbet.football\/pl\/wp-json\/wp\/v2\/pages"}],"about":[{"href":"https:\/\/coldbet.football\/pl\/wp-json\/wp\/v2\/types\/page"}],"author":[{"embeddable":true,"href":"https:\/\/coldbet.football\/pl\/wp-json\/wp\/v2\/users\/1"}],"replies":[{"embeddable":true,"href":"https:\/\/coldbet.football\/pl\/wp-json\/wp\/v2\/comments?post=2"}],"version-history":[{"count":47,"href":"https:\/\/coldbet.football\/pl\/wp-json\/wp\/v2\/pages\/2\/revisions"}],"predecessor-version":[{"id":321,"href":"https:\/\/coldbet.football\/pl\/wp-json\/wp\/v2\/pages\/2\/revisions\/321"}],"wp:attachment":[{"href":"https:\/\/coldbet.football\/pl\/wp-json\/wp\/v2\/media?parent=2"}],"curies":[{"name":"wp","href":"https:\/\/api.w.org\/{rel}","templated":true}]}}