{"id":209,"date":"2025-04-15T09:49:41","date_gmt":"2025-04-15T09:49:41","guid":{"rendered":"https:\/\/coldbet.football\/pl\/?page_id=209"},"modified":"2025-09-04T20:34:46","modified_gmt":"2025-09-04T20:34:46","slug":"football","status":"publish","type":"page","link":"https:\/\/coldbet.football\/pl\/football\/","title":{"rendered":"Pi\u0142karski"},"content":{"rendered":"","protected":false},"excerpt":{"rendered":"","protected":false},"author":1,"featured_media":0,"parent":0,"menu_order":0,"comment_status":"closed","ping_status":"closed","template":"","meta":{"inline_featured_image":false,"footnotes":""},"class_list":["post-209","page","type-page","status-publish","hentry"],"yoast_head":"<!-- This site is optimized with the Yoast SEO plugin v24.8 - https:\/\/yoast.com\/wordpress\/plugins\/seo\/ -->\n<title>Coldbet Football &gt; Tw\u00f3j bezpieczny start w obstawianiu<\/title>\n<meta name=\"description\" content=\"Odkryj \u015bwiat zak\u0142ad\u00f3w pi\u0142karskich z Coldbet Football: najlepsze ligi, tryb na \u017cywo, bonusy i analizy. Do\u0142\u0105cz do nas!\" \/>\n<meta name=\"robots\" content=\"index, follow, max-snippet:-1, max-image-preview:large, max-video-preview:-1\" \/>\n<meta property=\"og:locale\" content=\"pl_PL\" \/>\n<meta property=\"og:type\" content=\"article\" \/>\n<meta property=\"og:title\" content=\"Coldbet Football &gt; Tw\u00f3j bezpieczny start w obstawianiu\" \/>\n<meta property=\"og:description\" content=\"Odkryj \u015bwiat zak\u0142ad\u00f3w pi\u0142karskich z Coldbet Football: najlepsze ligi, tryb na \u017cywo, bonusy i analizy. Do\u0142\u0105cz do nas!\" \/>\n<meta property=\"og:url\" content=\"https:\/\/coldbet.football\/pl\/football\/\" \/>\n<meta property=\"og:site_name\" content=\"coldbet football PL\" \/>\n<meta property=\"article:modified_time\" content=\"2025-09-04T20:34:46+00:00\" \/>\n<meta name=\"twitter:card\" content=\"summary_large_image\" \/>\n<script type=\"application\/ld+json\" class=\"yoast-schema-graph\">{\"@context\":\"https:\/\/schema.org\",\"@graph\":[{\"@type\":\"WebPage\",\"@id\":\"https:\/\/coldbet.football\/pl\/football\/\",\"url\":\"https:\/\/coldbet.football\/pl\/football\/\",\"name\":\"Coldbet Football > Tw\u00f3j bezpieczny start w obstawianiu\",\"isPartOf\":{\"@id\":\"https:\/\/coldbet.football\/pl\/#website\"},\"datePublished\":\"2025-04-15T09:49:41+00:00\",\"dateModified\":\"2025-09-04T20:34:46+00:00\",\"description\":\"Odkryj \u015bwiat zak\u0142ad\u00f3w pi\u0142karskich z Coldbet Football: najlepsze ligi, tryb na \u017cywo, bonusy i analizy. Do\u0142\u0105cz do nas!\",\"breadcrumb\":{\"@id\":\"https:\/\/coldbet.football\/pl\/football\/#breadcrumb\"},\"inLanguage\":\"pl-PL\",\"potentialAction\":[{\"@type\":\"ReadAction\",\"target\":[\"https:\/\/coldbet.football\/pl\/football\/\"]}]},{\"@type\":\"BreadcrumbList\",\"@id\":\"https:\/\/coldbet.football\/pl\/football\/#breadcrumb\",\"itemListElement\":[{\"@type\":\"ListItem\",\"position\":1,\"name\":\"\u0413\u043b\u0430\u0432\u043d\u0430\u044f \u0441\u0442\u0440\u0430\u043d\u0438\u0446\u0430\",\"item\":\"https:\/\/coldbet.football\/pl\/\"},{\"@type\":\"ListItem\",\"position\":2,\"name\":\"Pi\u0142karski\"}]},{\"@type\":\"WebSite\",\"@id\":\"https:\/\/coldbet.football\/pl\/#website\",\"url\":\"https:\/\/coldbet.football\/pl\/\",\"name\":\"coldbet football PL\",\"description\":\"My WordPress Blog\",\"potentialAction\":[{\"@type\":\"SearchAction\",\"target\":{\"@type\":\"EntryPoint\",\"urlTemplate\":\"https:\/\/coldbet.football\/pl\/?s={search_term_string}\"},\"query-input\":{\"@type\":\"PropertyValueSpecification\",\"valueRequired\":true,\"valueName\":\"search_term_string\"}}],\"inLanguage\":\"pl-PL\"}]}<\/script>\n<!-- \/ Yoast SEO plugin. -->","yoast_head_json":{"title":"Coldbet Football > Tw\u00f3j bezpieczny start w obstawianiu","description":"Odkryj \u015bwiat zak\u0142ad\u00f3w pi\u0142karskich z Coldbet Football: najlepsze ligi, tryb na \u017cywo, bonusy i analizy. Do\u0142\u0105cz do nas!","robots":{"index":"index","follow":"follow","max-snippet":"max-snippet:-1","max-image-preview":"max-image-preview:large","max-video-preview":"max-video-preview:-1"},"og_locale":"pl_PL","og_type":"article","og_title":"Coldbet Football > Tw\u00f3j bezpieczny start w obstawianiu","og_description":"Odkryj \u015bwiat zak\u0142ad\u00f3w pi\u0142karskich z Coldbet Football: najlepsze ligi, tryb na \u017cywo, bonusy i analizy. Do\u0142\u0105cz do nas!","og_url":"https:\/\/coldbet.football\/pl\/football\/","og_site_name":"coldbet football PL","article_modified_time":"2025-09-04T20:34:46+00:00","twitter_card":"summary_large_image","schema":{"@context":"https:\/\/schema.org","@graph":[{"@type":"WebPage","@id":"https:\/\/coldbet.football\/pl\/football\/","url":"https:\/\/coldbet.football\/pl\/football\/","name":"Coldbet Football > Tw\u00f3j bezpieczny start w obstawianiu","isPartOf":{"@id":"https:\/\/coldbet.football\/pl\/#website"},"datePublished":"2025-04-15T09:49:41+00:00","dateModified":"2025-09-04T20:34:46+00:00","description":"Odkryj \u015bwiat zak\u0142ad\u00f3w pi\u0142karskich z Coldbet Football: najlepsze ligi, tryb na \u017cywo, bonusy i analizy. Do\u0142\u0105cz do nas!","breadcrumb":{"@id":"https:\/\/coldbet.football\/pl\/football\/#breadcrumb"},"inLanguage":"pl-PL","potentialAction":[{"@type":"ReadAction","target":["https:\/\/coldbet.football\/pl\/football\/"]}]},{"@type":"BreadcrumbList","@id":"https:\/\/coldbet.football\/pl\/football\/#breadcrumb","itemListElement":[{"@type":"ListItem","position":1,"name":"\u0413\u043b\u0430\u0432\u043d\u0430\u044f \u0441\u0442\u0440\u0430\u043d\u0438\u0446\u0430","item":"https:\/\/coldbet.football\/pl\/"},{"@type":"ListItem","position":2,"name":"Pi\u0142karski"}]},{"@type":"WebSite","@id":"https:\/\/coldbet.football\/pl\/#website","url":"https:\/\/coldbet.football\/pl\/","name":"coldbet football PL","description":"My WordPress Blog","potentialAction":[{"@type":"SearchAction","target":{"@type":"EntryPoint","urlTemplate":"https:\/\/coldbet.football\/pl\/?s={search_term_string}"},"query-input":{"@type":"PropertyValueSpecification","valueRequired":true,"valueName":"search_term_string"}}],"inLanguage":"pl-PL"}]}},"_links":{"self":[{"href":"https:\/\/coldbet.football\/pl\/wp-json\/wp\/v2\/pages\/209","targetHints":{"allow":["GET"]}}],"collection":[{"href":"https:\/\/coldbet.football\/pl\/wp-json\/wp\/v2\/pages"}],"about":[{"href":"https:\/\/coldbet.football\/pl\/wp-json\/wp\/v2\/types\/page"}],"author":[{"embeddable":true,"href":"https:\/\/coldbet.football\/pl\/wp-json\/wp\/v2\/users\/1"}],"replies":[{"embeddable":true,"href":"https:\/\/coldbet.football\/pl\/wp-json\/wp\/v2\/comments?post=209"}],"version-history":[{"count":10,"href":"https:\/\/coldbet.football\/pl\/wp-json\/wp\/v2\/pages\/209\/revisions"}],"predecessor-version":[{"id":336,"href":"https:\/\/coldbet.football\/pl\/wp-json\/wp\/v2\/pages\/209\/revisions\/336"}],"wp:attachment":[{"href":"https:\/\/coldbet.football\/pl\/wp-json\/wp\/v2\/media?parent=209"}],"curies":[{"name":"wp","href":"https:\/\/api.w.org\/{rel}","templated":true}]}}