{"id":217,"date":"2025-05-02T05:44:10","date_gmt":"2025-05-02T05:44:10","guid":{"rendered":"https:\/\/coldbet.football\/pl\/?page_id=217"},"modified":"2025-09-04T20:44:53","modified_gmt":"2025-09-04T20:44:53","slug":"basketball","status":"publish","type":"page","link":"https:\/\/coldbet.football\/pl\/basketball\/","title":{"rendered":"Koszyk\u00f3wka"},"content":{"rendered":"","protected":false},"excerpt":{"rendered":"","protected":false},"author":1,"featured_media":0,"parent":0,"menu_order":0,"comment_status":"closed","ping_status":"closed","template":"","meta":{"inline_featured_image":false,"footnotes":""},"class_list":["post-217","page","type-page","status-publish","hentry"],"yoast_head":"<!-- This site is optimized with the Yoast SEO plugin v24.8 - https:\/\/yoast.com\/wordpress\/plugins\/seo\/ -->\n<title>Koszyk\u00f3wka ColdBet &gt; Bonusy i strategie na udan\u0105 gr\u0119<\/title>\n<meta name=\"description\" content=\"Odkryj zak\u0142ady na koszyk\u00f3wk\u0119 w ColdBet! Turnieje, bonusy dla nowych graczy, strategie dla pocz\u0105tkuj\u0105cych, zak\u0142ady na \u017cywo i transmisje mecz\u00f3w.\" \/>\n<meta name=\"robots\" content=\"index, follow, max-snippet:-1, max-image-preview:large, max-video-preview:-1\" \/>\n<meta property=\"og:locale\" content=\"pl_PL\" \/>\n<meta property=\"og:type\" content=\"article\" \/>\n<meta property=\"og:title\" content=\"Koszyk\u00f3wka ColdBet &gt; Bonusy i strategie na udan\u0105 gr\u0119\" \/>\n<meta property=\"og:description\" content=\"Odkryj zak\u0142ady na koszyk\u00f3wk\u0119 w ColdBet! Turnieje, bonusy dla nowych graczy, strategie dla pocz\u0105tkuj\u0105cych, zak\u0142ady na \u017cywo i transmisje mecz\u00f3w.\" \/>\n<meta property=\"og:url\" content=\"https:\/\/coldbet.football\/pl\/basketball\/\" \/>\n<meta property=\"og:site_name\" content=\"coldbet football PL\" \/>\n<meta property=\"article:modified_time\" content=\"2025-09-04T20:44:53+00:00\" \/>\n<meta name=\"twitter:card\" content=\"summary_large_image\" \/>\n<script type=\"application\/ld+json\" class=\"yoast-schema-graph\">{\"@context\":\"https:\/\/schema.org\",\"@graph\":[{\"@type\":\"WebPage\",\"@id\":\"https:\/\/coldbet.football\/pl\/basketball\/\",\"url\":\"https:\/\/coldbet.football\/pl\/basketball\/\",\"name\":\"Koszyk\u00f3wka ColdBet > Bonusy i strategie na udan\u0105 gr\u0119\",\"isPartOf\":{\"@id\":\"https:\/\/coldbet.football\/pl\/#website\"},\"datePublished\":\"2025-05-02T05:44:10+00:00\",\"dateModified\":\"2025-09-04T20:44:53+00:00\",\"description\":\"Odkryj zak\u0142ady na koszyk\u00f3wk\u0119 w ColdBet! Turnieje, bonusy dla nowych graczy, strategie dla pocz\u0105tkuj\u0105cych, zak\u0142ady na \u017cywo i transmisje mecz\u00f3w.\",\"breadcrumb\":{\"@id\":\"https:\/\/coldbet.football\/pl\/basketball\/#breadcrumb\"},\"inLanguage\":\"pl-PL\",\"potentialAction\":[{\"@type\":\"ReadAction\",\"target\":[\"https:\/\/coldbet.football\/pl\/basketball\/\"]}]},{\"@type\":\"BreadcrumbList\",\"@id\":\"https:\/\/coldbet.football\/pl\/basketball\/#breadcrumb\",\"itemListElement\":[{\"@type\":\"ListItem\",\"position\":1,\"name\":\"\u0413\u043b\u0430\u0432\u043d\u0430\u044f \u0441\u0442\u0440\u0430\u043d\u0438\u0446\u0430\",\"item\":\"https:\/\/coldbet.football\/pl\/\"},{\"@type\":\"ListItem\",\"position\":2,\"name\":\"Koszyk\u00f3wka\"}]},{\"@type\":\"WebSite\",\"@id\":\"https:\/\/coldbet.football\/pl\/#website\",\"url\":\"https:\/\/coldbet.football\/pl\/\",\"name\":\"coldbet football PL\",\"description\":\"My WordPress Blog\",\"potentialAction\":[{\"@type\":\"SearchAction\",\"target\":{\"@type\":\"EntryPoint\",\"urlTemplate\":\"https:\/\/coldbet.football\/pl\/?s={search_term_string}\"},\"query-input\":{\"@type\":\"PropertyValueSpecification\",\"valueRequired\":true,\"valueName\":\"search_term_string\"}}],\"inLanguage\":\"pl-PL\"}]}<\/script>\n<!-- \/ Yoast SEO plugin. -->","yoast_head_json":{"title":"Koszyk\u00f3wka ColdBet > Bonusy i strategie na udan\u0105 gr\u0119","description":"Odkryj zak\u0142ady na koszyk\u00f3wk\u0119 w ColdBet! Turnieje, bonusy dla nowych graczy, strategie dla pocz\u0105tkuj\u0105cych, zak\u0142ady na \u017cywo i transmisje mecz\u00f3w.","robots":{"index":"index","follow":"follow","max-snippet":"max-snippet:-1","max-image-preview":"max-image-preview:large","max-video-preview":"max-video-preview:-1"},"og_locale":"pl_PL","og_type":"article","og_title":"Koszyk\u00f3wka ColdBet > Bonusy i strategie na udan\u0105 gr\u0119","og_description":"Odkryj zak\u0142ady na koszyk\u00f3wk\u0119 w ColdBet! Turnieje, bonusy dla nowych graczy, strategie dla pocz\u0105tkuj\u0105cych, zak\u0142ady na \u017cywo i transmisje mecz\u00f3w.","og_url":"https:\/\/coldbet.football\/pl\/basketball\/","og_site_name":"coldbet football PL","article_modified_time":"2025-09-04T20:44:53+00:00","twitter_card":"summary_large_image","schema":{"@context":"https:\/\/schema.org","@graph":[{"@type":"WebPage","@id":"https:\/\/coldbet.football\/pl\/basketball\/","url":"https:\/\/coldbet.football\/pl\/basketball\/","name":"Koszyk\u00f3wka ColdBet > Bonusy i strategie na udan\u0105 gr\u0119","isPartOf":{"@id":"https:\/\/coldbet.football\/pl\/#website"},"datePublished":"2025-05-02T05:44:10+00:00","dateModified":"2025-09-04T20:44:53+00:00","description":"Odkryj zak\u0142ady na koszyk\u00f3wk\u0119 w ColdBet! Turnieje, bonusy dla nowych graczy, strategie dla pocz\u0105tkuj\u0105cych, zak\u0142ady na \u017cywo i transmisje mecz\u00f3w.","breadcrumb":{"@id":"https:\/\/coldbet.football\/pl\/basketball\/#breadcrumb"},"inLanguage":"pl-PL","potentialAction":[{"@type":"ReadAction","target":["https:\/\/coldbet.football\/pl\/basketball\/"]}]},{"@type":"BreadcrumbList","@id":"https:\/\/coldbet.football\/pl\/basketball\/#breadcrumb","itemListElement":[{"@type":"ListItem","position":1,"name":"\u0413\u043b\u0430\u0432\u043d\u0430\u044f \u0441\u0442\u0440\u0430\u043d\u0438\u0446\u0430","item":"https:\/\/coldbet.football\/pl\/"},{"@type":"ListItem","position":2,"name":"Koszyk\u00f3wka"}]},{"@type":"WebSite","@id":"https:\/\/coldbet.football\/pl\/#website","url":"https:\/\/coldbet.football\/pl\/","name":"coldbet football PL","description":"My WordPress Blog","potentialAction":[{"@type":"SearchAction","target":{"@type":"EntryPoint","urlTemplate":"https:\/\/coldbet.football\/pl\/?s={search_term_string}"},"query-input":{"@type":"PropertyValueSpecification","valueRequired":true,"valueName":"search_term_string"}}],"inLanguage":"pl-PL"}]}},"_links":{"self":[{"href":"https:\/\/coldbet.football\/pl\/wp-json\/wp\/v2\/pages\/217","targetHints":{"allow":["GET"]}}],"collection":[{"href":"https:\/\/coldbet.football\/pl\/wp-json\/wp\/v2\/pages"}],"about":[{"href":"https:\/\/coldbet.football\/pl\/wp-json\/wp\/v2\/types\/page"}],"author":[{"embeddable":true,"href":"https:\/\/coldbet.football\/pl\/wp-json\/wp\/v2\/users\/1"}],"replies":[{"embeddable":true,"href":"https:\/\/coldbet.football\/pl\/wp-json\/wp\/v2\/comments?post=217"}],"version-history":[{"count":10,"href":"https:\/\/coldbet.football\/pl\/wp-json\/wp\/v2\/pages\/217\/revisions"}],"predecessor-version":[{"id":339,"href":"https:\/\/coldbet.football\/pl\/wp-json\/wp\/v2\/pages\/217\/revisions\/339"}],"wp:attachment":[{"href":"https:\/\/coldbet.football\/pl\/wp-json\/wp\/v2\/media?parent=217"}],"curies":[{"name":"wp","href":"https:\/\/api.w.org\/{rel}","templated":true}]}}