{"id":263,"date":"2025-06-02T07:44:05","date_gmt":"2025-06-02T07:44:05","guid":{"rendered":"https:\/\/coldbet.football\/pl\/?page_id=263"},"modified":"2025-09-04T20:59:43","modified_gmt":"2025-09-04T20:59:43","slug":"cricket","status":"publish","type":"page","link":"https:\/\/coldbet.football\/pl\/cricket\/","title":{"rendered":"Krykiet"},"content":{"rendered":"","protected":false},"excerpt":{"rendered":"","protected":false},"author":1,"featured_media":0,"parent":0,"menu_order":0,"comment_status":"closed","ping_status":"closed","template":"","meta":{"inline_featured_image":false,"footnotes":""},"class_list":["post-263","page","type-page","status-publish","hentry"],"yoast_head":"<!-- This site is optimized with the Yoast SEO plugin v24.8 - https:\/\/yoast.com\/wordpress\/plugins\/seo\/ -->\n<title>Krykiet ColdBet &gt; formaty, strategie, bonusy i transmisje<\/title>\n<meta name=\"description\" content=\"Dowiedz si\u0119, jak obstawia\u0107 krykieta z ColdBet \u2013 od format\u00f3w i rynk\u00f3w, po mecze na \u017cywo i bonusy. Prosty przewodnik dla wszystkich typer\u00f3w.\" \/>\n<meta name=\"robots\" content=\"index, follow, max-snippet:-1, max-image-preview:large, max-video-preview:-1\" \/>\n<meta property=\"og:locale\" content=\"pl_PL\" \/>\n<meta property=\"og:type\" content=\"article\" \/>\n<meta property=\"og:title\" content=\"Krykiet ColdBet &gt; formaty, strategie, bonusy i transmisje\" \/>\n<meta property=\"og:description\" content=\"Dowiedz si\u0119, jak obstawia\u0107 krykieta z ColdBet \u2013 od format\u00f3w i rynk\u00f3w, po mecze na \u017cywo i bonusy. Prosty przewodnik dla wszystkich typer\u00f3w.\" \/>\n<meta property=\"og:url\" content=\"https:\/\/coldbet.football\/pl\/cricket\/\" \/>\n<meta property=\"og:site_name\" content=\"coldbet football PL\" \/>\n<meta property=\"article:modified_time\" content=\"2025-09-04T20:59:43+00:00\" \/>\n<meta name=\"twitter:card\" content=\"summary_large_image\" \/>\n<script type=\"application\/ld+json\" class=\"yoast-schema-graph\">{\"@context\":\"https:\/\/schema.org\",\"@graph\":[{\"@type\":\"WebPage\",\"@id\":\"https:\/\/coldbet.football\/pl\/cricket\/\",\"url\":\"https:\/\/coldbet.football\/pl\/cricket\/\",\"name\":\"Krykiet ColdBet > formaty, strategie, bonusy i transmisje\",\"isPartOf\":{\"@id\":\"https:\/\/coldbet.football\/pl\/#website\"},\"datePublished\":\"2025-06-02T07:44:05+00:00\",\"dateModified\":\"2025-09-04T20:59:43+00:00\",\"description\":\"Dowiedz si\u0119, jak obstawia\u0107 krykieta z ColdBet \u2013 od format\u00f3w i rynk\u00f3w, po mecze na \u017cywo i bonusy. Prosty przewodnik dla wszystkich typer\u00f3w.\",\"breadcrumb\":{\"@id\":\"https:\/\/coldbet.football\/pl\/cricket\/#breadcrumb\"},\"inLanguage\":\"pl-PL\",\"potentialAction\":[{\"@type\":\"ReadAction\",\"target\":[\"https:\/\/coldbet.football\/pl\/cricket\/\"]}]},{\"@type\":\"BreadcrumbList\",\"@id\":\"https:\/\/coldbet.football\/pl\/cricket\/#breadcrumb\",\"itemListElement\":[{\"@type\":\"ListItem\",\"position\":1,\"name\":\"\u0413\u043b\u0430\u0432\u043d\u0430\u044f \u0441\u0442\u0440\u0430\u043d\u0438\u0446\u0430\",\"item\":\"https:\/\/coldbet.football\/pl\/\"},{\"@type\":\"ListItem\",\"position\":2,\"name\":\"Krykiet\"}]},{\"@type\":\"WebSite\",\"@id\":\"https:\/\/coldbet.football\/pl\/#website\",\"url\":\"https:\/\/coldbet.football\/pl\/\",\"name\":\"coldbet football PL\",\"description\":\"My WordPress Blog\",\"potentialAction\":[{\"@type\":\"SearchAction\",\"target\":{\"@type\":\"EntryPoint\",\"urlTemplate\":\"https:\/\/coldbet.football\/pl\/?s={search_term_string}\"},\"query-input\":{\"@type\":\"PropertyValueSpecification\",\"valueRequired\":true,\"valueName\":\"search_term_string\"}}],\"inLanguage\":\"pl-PL\"}]}<\/script>\n<!-- \/ Yoast SEO plugin. -->","yoast_head_json":{"title":"Krykiet ColdBet > formaty, strategie, bonusy i transmisje","description":"Dowiedz si\u0119, jak obstawia\u0107 krykieta z ColdBet \u2013 od format\u00f3w i rynk\u00f3w, po mecze na \u017cywo i bonusy. Prosty przewodnik dla wszystkich typer\u00f3w.","robots":{"index":"index","follow":"follow","max-snippet":"max-snippet:-1","max-image-preview":"max-image-preview:large","max-video-preview":"max-video-preview:-1"},"og_locale":"pl_PL","og_type":"article","og_title":"Krykiet ColdBet > formaty, strategie, bonusy i transmisje","og_description":"Dowiedz si\u0119, jak obstawia\u0107 krykieta z ColdBet \u2013 od format\u00f3w i rynk\u00f3w, po mecze na \u017cywo i bonusy. Prosty przewodnik dla wszystkich typer\u00f3w.","og_url":"https:\/\/coldbet.football\/pl\/cricket\/","og_site_name":"coldbet football PL","article_modified_time":"2025-09-04T20:59:43+00:00","twitter_card":"summary_large_image","schema":{"@context":"https:\/\/schema.org","@graph":[{"@type":"WebPage","@id":"https:\/\/coldbet.football\/pl\/cricket\/","url":"https:\/\/coldbet.football\/pl\/cricket\/","name":"Krykiet ColdBet > formaty, strategie, bonusy i transmisje","isPartOf":{"@id":"https:\/\/coldbet.football\/pl\/#website"},"datePublished":"2025-06-02T07:44:05+00:00","dateModified":"2025-09-04T20:59:43+00:00","description":"Dowiedz si\u0119, jak obstawia\u0107 krykieta z ColdBet \u2013 od format\u00f3w i rynk\u00f3w, po mecze na \u017cywo i bonusy. Prosty przewodnik dla wszystkich typer\u00f3w.","breadcrumb":{"@id":"https:\/\/coldbet.football\/pl\/cricket\/#breadcrumb"},"inLanguage":"pl-PL","potentialAction":[{"@type":"ReadAction","target":["https:\/\/coldbet.football\/pl\/cricket\/"]}]},{"@type":"BreadcrumbList","@id":"https:\/\/coldbet.football\/pl\/cricket\/#breadcrumb","itemListElement":[{"@type":"ListItem","position":1,"name":"\u0413\u043b\u0430\u0432\u043d\u0430\u044f \u0441\u0442\u0440\u0430\u043d\u0438\u0446\u0430","item":"https:\/\/coldbet.football\/pl\/"},{"@type":"ListItem","position":2,"name":"Krykiet"}]},{"@type":"WebSite","@id":"https:\/\/coldbet.football\/pl\/#website","url":"https:\/\/coldbet.football\/pl\/","name":"coldbet football PL","description":"My WordPress Blog","potentialAction":[{"@type":"SearchAction","target":{"@type":"EntryPoint","urlTemplate":"https:\/\/coldbet.football\/pl\/?s={search_term_string}"},"query-input":{"@type":"PropertyValueSpecification","valueRequired":true,"valueName":"search_term_string"}}],"inLanguage":"pl-PL"}]}},"_links":{"self":[{"href":"https:\/\/coldbet.football\/pl\/wp-json\/wp\/v2\/pages\/263","targetHints":{"allow":["GET"]}}],"collection":[{"href":"https:\/\/coldbet.football\/pl\/wp-json\/wp\/v2\/pages"}],"about":[{"href":"https:\/\/coldbet.football\/pl\/wp-json\/wp\/v2\/types\/page"}],"author":[{"embeddable":true,"href":"https:\/\/coldbet.football\/pl\/wp-json\/wp\/v2\/users\/1"}],"replies":[{"embeddable":true,"href":"https:\/\/coldbet.football\/pl\/wp-json\/wp\/v2\/comments?post=263"}],"version-history":[{"count":5,"href":"https:\/\/coldbet.football\/pl\/wp-json\/wp\/v2\/pages\/263\/revisions"}],"predecessor-version":[{"id":344,"href":"https:\/\/coldbet.football\/pl\/wp-json\/wp\/v2\/pages\/263\/revisions\/344"}],"wp:attachment":[{"href":"https:\/\/coldbet.football\/pl\/wp-json\/wp\/v2\/media?parent=263"}],"curies":[{"name":"wp","href":"https:\/\/api.w.org\/{rel}","templated":true}]}}