{"id":268,"date":"2025-06-11T08:33:37","date_gmt":"2025-06-11T08:33:37","guid":{"rendered":"https:\/\/coldbet.football\/pl\/?page_id=268"},"modified":"2025-09-04T20:15:13","modified_gmt":"2025-09-04T20:15:13","slug":"login","status":"publish","type":"page","link":"https:\/\/coldbet.football\/pl\/login\/","title":{"rendered":"Zaloguj si\u0119"},"content":{"rendered":"","protected":false},"excerpt":{"rendered":"","protected":false},"author":1,"featured_media":0,"parent":0,"menu_order":0,"comment_status":"closed","ping_status":"closed","template":"","meta":{"inline_featured_image":false,"footnotes":""},"class_list":["post-268","page","type-page","status-publish","hentry"],"yoast_head":"<!-- This site is optimized with the Yoast SEO plugin v24.8 - https:\/\/yoast.com\/wordpress\/plugins\/seo\/ -->\n<title>Zaloguj si\u0119 do GoldBet &gt; Zaloguj si\u0119 szybko i zacznij gra\u0107<\/title>\n<meta name=\"description\" content=\"Logowanie do ColdBet zajmuje kilka sekund: przez stron\u0119 internetow\u0105, aplikacj\u0119 lub wersj\u0119 mobiln\u0105. To Tw\u00f3j dost\u0119p do zak\u0142ad\u00f3w i kasyna.\" \/>\n<meta name=\"robots\" content=\"index, follow, max-snippet:-1, max-image-preview:large, max-video-preview:-1\" \/>\n<meta property=\"og:locale\" content=\"pl_PL\" \/>\n<meta property=\"og:type\" content=\"article\" \/>\n<meta property=\"og:title\" content=\"Zaloguj si\u0119 do GoldBet &gt; Zaloguj si\u0119 szybko i zacznij gra\u0107\" \/>\n<meta property=\"og:description\" content=\"Logowanie do ColdBet zajmuje kilka sekund: przez stron\u0119 internetow\u0105, aplikacj\u0119 lub wersj\u0119 mobiln\u0105. To Tw\u00f3j dost\u0119p do zak\u0142ad\u00f3w i kasyna.\" \/>\n<meta property=\"og:url\" content=\"https:\/\/coldbet.football\/pl\/login\/\" \/>\n<meta property=\"og:site_name\" content=\"coldbet football PL\" \/>\n<meta property=\"article:modified_time\" content=\"2025-09-04T20:15:13+00:00\" \/>\n<meta name=\"twitter:card\" content=\"summary_large_image\" \/>\n<script type=\"application\/ld+json\" class=\"yoast-schema-graph\">{\"@context\":\"https:\/\/schema.org\",\"@graph\":[{\"@type\":\"WebPage\",\"@id\":\"https:\/\/coldbet.football\/pl\/login\/\",\"url\":\"https:\/\/coldbet.football\/pl\/login\/\",\"name\":\"Zaloguj si\u0119 do GoldBet > Zaloguj si\u0119 szybko i zacznij gra\u0107\",\"isPartOf\":{\"@id\":\"https:\/\/coldbet.football\/pl\/#website\"},\"datePublished\":\"2025-06-11T08:33:37+00:00\",\"dateModified\":\"2025-09-04T20:15:13+00:00\",\"description\":\"Logowanie do ColdBet zajmuje kilka sekund: przez stron\u0119 internetow\u0105, aplikacj\u0119 lub wersj\u0119 mobiln\u0105. To Tw\u00f3j dost\u0119p do zak\u0142ad\u00f3w i kasyna.\",\"breadcrumb\":{\"@id\":\"https:\/\/coldbet.football\/pl\/login\/#breadcrumb\"},\"inLanguage\":\"pl-PL\",\"potentialAction\":[{\"@type\":\"ReadAction\",\"target\":[\"https:\/\/coldbet.football\/pl\/login\/\"]}]},{\"@type\":\"BreadcrumbList\",\"@id\":\"https:\/\/coldbet.football\/pl\/login\/#breadcrumb\",\"itemListElement\":[{\"@type\":\"ListItem\",\"position\":1,\"name\":\"\u0413\u043b\u0430\u0432\u043d\u0430\u044f \u0441\u0442\u0440\u0430\u043d\u0438\u0446\u0430\",\"item\":\"https:\/\/coldbet.football\/pl\/\"},{\"@type\":\"ListItem\",\"position\":2,\"name\":\"Zaloguj si\u0119\"}]},{\"@type\":\"WebSite\",\"@id\":\"https:\/\/coldbet.football\/pl\/#website\",\"url\":\"https:\/\/coldbet.football\/pl\/\",\"name\":\"coldbet football PL\",\"description\":\"My WordPress Blog\",\"potentialAction\":[{\"@type\":\"SearchAction\",\"target\":{\"@type\":\"EntryPoint\",\"urlTemplate\":\"https:\/\/coldbet.football\/pl\/?s={search_term_string}\"},\"query-input\":{\"@type\":\"PropertyValueSpecification\",\"valueRequired\":true,\"valueName\":\"search_term_string\"}}],\"inLanguage\":\"pl-PL\"}]}<\/script>\n<!-- \/ Yoast SEO plugin. -->","yoast_head_json":{"title":"Zaloguj si\u0119 do GoldBet > Zaloguj si\u0119 szybko i zacznij gra\u0107","description":"Logowanie do ColdBet zajmuje kilka sekund: przez stron\u0119 internetow\u0105, aplikacj\u0119 lub wersj\u0119 mobiln\u0105. To Tw\u00f3j dost\u0119p do zak\u0142ad\u00f3w i kasyna.","robots":{"index":"index","follow":"follow","max-snippet":"max-snippet:-1","max-image-preview":"max-image-preview:large","max-video-preview":"max-video-preview:-1"},"og_locale":"pl_PL","og_type":"article","og_title":"Zaloguj si\u0119 do GoldBet > Zaloguj si\u0119 szybko i zacznij gra\u0107","og_description":"Logowanie do ColdBet zajmuje kilka sekund: przez stron\u0119 internetow\u0105, aplikacj\u0119 lub wersj\u0119 mobiln\u0105. To Tw\u00f3j dost\u0119p do zak\u0142ad\u00f3w i kasyna.","og_url":"https:\/\/coldbet.football\/pl\/login\/","og_site_name":"coldbet football PL","article_modified_time":"2025-09-04T20:15:13+00:00","twitter_card":"summary_large_image","schema":{"@context":"https:\/\/schema.org","@graph":[{"@type":"WebPage","@id":"https:\/\/coldbet.football\/pl\/login\/","url":"https:\/\/coldbet.football\/pl\/login\/","name":"Zaloguj si\u0119 do GoldBet > Zaloguj si\u0119 szybko i zacznij gra\u0107","isPartOf":{"@id":"https:\/\/coldbet.football\/pl\/#website"},"datePublished":"2025-06-11T08:33:37+00:00","dateModified":"2025-09-04T20:15:13+00:00","description":"Logowanie do ColdBet zajmuje kilka sekund: przez stron\u0119 internetow\u0105, aplikacj\u0119 lub wersj\u0119 mobiln\u0105. To Tw\u00f3j dost\u0119p do zak\u0142ad\u00f3w i kasyna.","breadcrumb":{"@id":"https:\/\/coldbet.football\/pl\/login\/#breadcrumb"},"inLanguage":"pl-PL","potentialAction":[{"@type":"ReadAction","target":["https:\/\/coldbet.football\/pl\/login\/"]}]},{"@type":"BreadcrumbList","@id":"https:\/\/coldbet.football\/pl\/login\/#breadcrumb","itemListElement":[{"@type":"ListItem","position":1,"name":"\u0413\u043b\u0430\u0432\u043d\u0430\u044f \u0441\u0442\u0440\u0430\u043d\u0438\u0446\u0430","item":"https:\/\/coldbet.football\/pl\/"},{"@type":"ListItem","position":2,"name":"Zaloguj si\u0119"}]},{"@type":"WebSite","@id":"https:\/\/coldbet.football\/pl\/#website","url":"https:\/\/coldbet.football\/pl\/","name":"coldbet football PL","description":"My WordPress Blog","potentialAction":[{"@type":"SearchAction","target":{"@type":"EntryPoint","urlTemplate":"https:\/\/coldbet.football\/pl\/?s={search_term_string}"},"query-input":{"@type":"PropertyValueSpecification","valueRequired":true,"valueName":"search_term_string"}}],"inLanguage":"pl-PL"}]}},"_links":{"self":[{"href":"https:\/\/coldbet.football\/pl\/wp-json\/wp\/v2\/pages\/268","targetHints":{"allow":["GET"]}}],"collection":[{"href":"https:\/\/coldbet.football\/pl\/wp-json\/wp\/v2\/pages"}],"about":[{"href":"https:\/\/coldbet.football\/pl\/wp-json\/wp\/v2\/types\/page"}],"author":[{"embeddable":true,"href":"https:\/\/coldbet.football\/pl\/wp-json\/wp\/v2\/users\/1"}],"replies":[{"embeddable":true,"href":"https:\/\/coldbet.football\/pl\/wp-json\/wp\/v2\/comments?post=268"}],"version-history":[{"count":4,"href":"https:\/\/coldbet.football\/pl\/wp-json\/wp\/v2\/pages\/268\/revisions"}],"predecessor-version":[{"id":330,"href":"https:\/\/coldbet.football\/pl\/wp-json\/wp\/v2\/pages\/268\/revisions\/330"}],"wp:attachment":[{"href":"https:\/\/coldbet.football\/pl\/wp-json\/wp\/v2\/media?parent=268"}],"curies":[{"name":"wp","href":"https:\/\/api.w.org\/{rel}","templated":true}]}}