{"id":293,"date":"2025-07-30T07:14:44","date_gmt":"2025-07-30T07:14:44","guid":{"rendered":"https:\/\/coldbet.football\/pt\/?page_id=293"},"modified":"2025-09-15T19:13:40","modified_gmt":"2025-09-15T19:13:40","slug":"mobile","status":"publish","type":"page","link":"https:\/\/coldbet.football\/pt\/mobile\/","title":{"rendered":"M\u00f3vel"},"content":{"rendered":"","protected":false},"excerpt":{"rendered":"","protected":false},"author":1,"featured_media":0,"parent":0,"menu_order":0,"comment_status":"closed","ping_status":"closed","template":"","meta":{"inline_featured_image":false,"footnotes":""},"class_list":["post-293","page","type-page","status-publish","hentry"],"yoast_head":"<!-- This site is optimized with the Yoast SEO plugin v24.8 - https:\/\/yoast.com\/wordpress\/plugins\/seo\/ -->\n<title>ColdBet mobile | Instru\u00e7\u00f5es de instala\u00e7\u00e3o e b\u00f3nus para jogadores<\/title>\n<meta name=\"description\" content=\"Descarregue o casino m\u00f3vel ColdBet e tenha acesso a uma enorme cole\u00e7\u00e3o de slots online e apostas desportivas. Compara\u00e7\u00e3o com os concorrentes.\" \/>\n<meta name=\"robots\" content=\"index, follow, max-snippet:-1, max-image-preview:large, max-video-preview:-1\" \/>\n<meta property=\"og:locale\" content=\"pt_PT\" \/>\n<meta property=\"og:type\" content=\"article\" \/>\n<meta property=\"og:title\" content=\"ColdBet mobile | Instru\u00e7\u00f5es de instala\u00e7\u00e3o e b\u00f3nus para jogadores\" \/>\n<meta property=\"og:description\" content=\"Descarregue o casino m\u00f3vel ColdBet e tenha acesso a uma enorme cole\u00e7\u00e3o de slots online e apostas desportivas. Compara\u00e7\u00e3o com os concorrentes.\" \/>\n<meta property=\"og:url\" content=\"https:\/\/coldbet.football\/pt\/mobile\/\" \/>\n<meta property=\"og:site_name\" content=\"coldbet football PT\" \/>\n<meta property=\"article:modified_time\" content=\"2025-09-15T19:13:40+00:00\" \/>\n<meta name=\"twitter:card\" content=\"summary_large_image\" \/>\n<script type=\"application\/ld+json\" class=\"yoast-schema-graph\">{\"@context\":\"https:\/\/schema.org\",\"@graph\":[{\"@type\":\"WebPage\",\"@id\":\"https:\/\/coldbet.football\/pt\/mobile\/\",\"url\":\"https:\/\/coldbet.football\/pt\/mobile\/\",\"name\":\"ColdBet mobile | Instru\u00e7\u00f5es de instala\u00e7\u00e3o e b\u00f3nus para jogadores\",\"isPartOf\":{\"@id\":\"https:\/\/coldbet.football\/pt\/#website\"},\"datePublished\":\"2025-07-30T07:14:44+00:00\",\"dateModified\":\"2025-09-15T19:13:40+00:00\",\"description\":\"Descarregue o casino m\u00f3vel ColdBet e tenha acesso a uma enorme cole\u00e7\u00e3o de slots online e apostas desportivas. Compara\u00e7\u00e3o com os concorrentes.\",\"breadcrumb\":{\"@id\":\"https:\/\/coldbet.football\/pt\/mobile\/#breadcrumb\"},\"inLanguage\":\"pt-PT\",\"potentialAction\":[{\"@type\":\"ReadAction\",\"target\":[\"https:\/\/coldbet.football\/pt\/mobile\/\"]}]},{\"@type\":\"BreadcrumbList\",\"@id\":\"https:\/\/coldbet.football\/pt\/mobile\/#breadcrumb\",\"itemListElement\":[{\"@type\":\"ListItem\",\"position\":1,\"name\":\"\u0413\u043b\u0430\u0432\u043d\u0430\u044f \u0441\u0442\u0440\u0430\u043d\u0438\u0446\u0430\",\"item\":\"https:\/\/coldbet.football\/pt\/\"},{\"@type\":\"ListItem\",\"position\":2,\"name\":\"M\u00f3vel\"}]},{\"@type\":\"WebSite\",\"@id\":\"https:\/\/coldbet.football\/pt\/#website\",\"url\":\"https:\/\/coldbet.football\/pt\/\",\"name\":\"coldbet football PT\",\"description\":\"My WordPress Blog\",\"potentialAction\":[{\"@type\":\"SearchAction\",\"target\":{\"@type\":\"EntryPoint\",\"urlTemplate\":\"https:\/\/coldbet.football\/pt\/?s={search_term_string}\"},\"query-input\":{\"@type\":\"PropertyValueSpecification\",\"valueRequired\":true,\"valueName\":\"search_term_string\"}}],\"inLanguage\":\"pt-PT\"}]}<\/script>\n<!-- \/ Yoast SEO plugin. -->","yoast_head_json":{"title":"ColdBet mobile | Instru\u00e7\u00f5es de instala\u00e7\u00e3o e b\u00f3nus para jogadores","description":"Descarregue o casino m\u00f3vel ColdBet e tenha acesso a uma enorme cole\u00e7\u00e3o de slots online e apostas desportivas. Compara\u00e7\u00e3o com os concorrentes.","robots":{"index":"index","follow":"follow","max-snippet":"max-snippet:-1","max-image-preview":"max-image-preview:large","max-video-preview":"max-video-preview:-1"},"og_locale":"pt_PT","og_type":"article","og_title":"ColdBet mobile | Instru\u00e7\u00f5es de instala\u00e7\u00e3o e b\u00f3nus para jogadores","og_description":"Descarregue o casino m\u00f3vel ColdBet e tenha acesso a uma enorme cole\u00e7\u00e3o de slots online e apostas desportivas. Compara\u00e7\u00e3o com os concorrentes.","og_url":"https:\/\/coldbet.football\/pt\/mobile\/","og_site_name":"coldbet football PT","article_modified_time":"2025-09-15T19:13:40+00:00","twitter_card":"summary_large_image","schema":{"@context":"https:\/\/schema.org","@graph":[{"@type":"WebPage","@id":"https:\/\/coldbet.football\/pt\/mobile\/","url":"https:\/\/coldbet.football\/pt\/mobile\/","name":"ColdBet mobile | Instru\u00e7\u00f5es de instala\u00e7\u00e3o e b\u00f3nus para jogadores","isPartOf":{"@id":"https:\/\/coldbet.football\/pt\/#website"},"datePublished":"2025-07-30T07:14:44+00:00","dateModified":"2025-09-15T19:13:40+00:00","description":"Descarregue o casino m\u00f3vel ColdBet e tenha acesso a uma enorme cole\u00e7\u00e3o de slots online e apostas desportivas. Compara\u00e7\u00e3o com os concorrentes.","breadcrumb":{"@id":"https:\/\/coldbet.football\/pt\/mobile\/#breadcrumb"},"inLanguage":"pt-PT","potentialAction":[{"@type":"ReadAction","target":["https:\/\/coldbet.football\/pt\/mobile\/"]}]},{"@type":"BreadcrumbList","@id":"https:\/\/coldbet.football\/pt\/mobile\/#breadcrumb","itemListElement":[{"@type":"ListItem","position":1,"name":"\u0413\u043b\u0430\u0432\u043d\u0430\u044f \u0441\u0442\u0440\u0430\u043d\u0438\u0446\u0430","item":"https:\/\/coldbet.football\/pt\/"},{"@type":"ListItem","position":2,"name":"M\u00f3vel"}]},{"@type":"WebSite","@id":"https:\/\/coldbet.football\/pt\/#website","url":"https:\/\/coldbet.football\/pt\/","name":"coldbet football PT","description":"My WordPress Blog","potentialAction":[{"@type":"SearchAction","target":{"@type":"EntryPoint","urlTemplate":"https:\/\/coldbet.football\/pt\/?s={search_term_string}"},"query-input":{"@type":"PropertyValueSpecification","valueRequired":true,"valueName":"search_term_string"}}],"inLanguage":"pt-PT"}]}},"_links":{"self":[{"href":"https:\/\/coldbet.football\/pt\/wp-json\/wp\/v2\/pages\/293","targetHints":{"allow":["GET"]}}],"collection":[{"href":"https:\/\/coldbet.football\/pt\/wp-json\/wp\/v2\/pages"}],"about":[{"href":"https:\/\/coldbet.football\/pt\/wp-json\/wp\/v2\/types\/page"}],"author":[{"embeddable":true,"href":"https:\/\/coldbet.football\/pt\/wp-json\/wp\/v2\/users\/1"}],"replies":[{"embeddable":true,"href":"https:\/\/coldbet.football\/pt\/wp-json\/wp\/v2\/comments?post=293"}],"version-history":[{"count":4,"href":"https:\/\/coldbet.football\/pt\/wp-json\/wp\/v2\/pages\/293\/revisions"}],"predecessor-version":[{"id":330,"href":"https:\/\/coldbet.football\/pt\/wp-json\/wp\/v2\/pages\/293\/revisions\/330"}],"wp:attachment":[{"href":"https:\/\/coldbet.football\/pt\/wp-json\/wp\/v2\/media?parent=293"}],"curies":[{"name":"wp","href":"https:\/\/api.w.org\/{rel}","templated":true}]}}