{"id":275,"date":"2025-06-23T07:30:10","date_gmt":"2025-06-23T07:30:10","guid":{"rendered":"https:\/\/coldbet.football\/sn\/?page_id=275"},"modified":"2025-09-02T22:43:01","modified_gmt":"2025-09-02T22:43:01","slug":"registration","status":"publish","type":"page","link":"https:\/\/coldbet.football\/sn\/registration\/","title":{"rendered":"Inscription"},"content":{"rendered":"","protected":false},"excerpt":{"rendered":"","protected":false},"author":1,"featured_media":0,"parent":0,"menu_order":0,"comment_status":"closed","ping_status":"closed","template":"","meta":{"inline_featured_image":false,"footnotes":""},"class_list":["post-275","page","type-page","status-publish","hentry"],"yoast_head":"<!-- This site is optimized with the Yoast SEO plugin v24.8 - https:\/\/yoast.com\/wordpress\/plugins\/seo\/ -->\n<title>Inscription ColdBet S\u00e9n\u00e9gal | D\u00e9marrage facile pour les joueurs<\/title>\n<meta name=\"description\" content=\"Connectez-vous \u00e0 ColdBet S\u00e9n\u00e9gal et commencez \u00e0 parier sur le sport. Inscription simple et rapide gr\u00e2ce \u00e0 diff\u00e9rentes m\u00e9thodes de connexion.\" \/>\n<meta name=\"robots\" content=\"index, follow, max-snippet:-1, max-image-preview:large, max-video-preview:-1\" \/>\n<meta property=\"og:locale\" content=\"en_US\" \/>\n<meta property=\"og:type\" content=\"article\" \/>\n<meta property=\"og:title\" content=\"Inscription ColdBet S\u00e9n\u00e9gal | D\u00e9marrage facile pour les joueurs\" \/>\n<meta property=\"og:description\" content=\"Connectez-vous \u00e0 ColdBet S\u00e9n\u00e9gal et commencez \u00e0 parier sur le sport. Inscription simple et rapide gr\u00e2ce \u00e0 diff\u00e9rentes m\u00e9thodes de connexion.\" \/>\n<meta property=\"og:url\" content=\"https:\/\/coldbet.football\/sn\/registration\/\" \/>\n<meta property=\"og:site_name\" content=\"Coldbet Football SN\" \/>\n<meta property=\"article:modified_time\" content=\"2025-09-02T22:43:01+00:00\" \/>\n<meta name=\"twitter:card\" content=\"summary_large_image\" \/>\n<script type=\"application\/ld+json\" class=\"yoast-schema-graph\">{\"@context\":\"https:\/\/schema.org\",\"@graph\":[{\"@type\":\"WebPage\",\"@id\":\"https:\/\/coldbet.football\/sn\/registration\/\",\"url\":\"https:\/\/coldbet.football\/sn\/registration\/\",\"name\":\"Inscription ColdBet S\u00e9n\u00e9gal | D\u00e9marrage facile pour les joueurs\",\"isPartOf\":{\"@id\":\"https:\/\/coldbet.football\/sn\/#website\"},\"datePublished\":\"2025-06-23T07:30:10+00:00\",\"dateModified\":\"2025-09-02T22:43:01+00:00\",\"description\":\"Connectez-vous \u00e0 ColdBet S\u00e9n\u00e9gal et commencez \u00e0 parier sur le sport. Inscription simple et rapide gr\u00e2ce \u00e0 diff\u00e9rentes m\u00e9thodes de connexion.\",\"breadcrumb\":{\"@id\":\"https:\/\/coldbet.football\/sn\/registration\/#breadcrumb\"},\"inLanguage\":\"sw\",\"potentialAction\":[{\"@type\":\"ReadAction\",\"target\":[\"https:\/\/coldbet.football\/sn\/registration\/\"]}]},{\"@type\":\"BreadcrumbList\",\"@id\":\"https:\/\/coldbet.football\/sn\/registration\/#breadcrumb\",\"itemListElement\":[{\"@type\":\"ListItem\",\"position\":1,\"name\":\"\u0413\u043b\u0430\u0432\u043d\u0430\u044f \u0441\u0442\u0440\u0430\u043d\u0438\u0446\u0430\",\"item\":\"https:\/\/coldbet.football\/sn\/\"},{\"@type\":\"ListItem\",\"position\":2,\"name\":\"Inscription\"}]},{\"@type\":\"WebSite\",\"@id\":\"https:\/\/coldbet.football\/sn\/#website\",\"url\":\"https:\/\/coldbet.football\/sn\/\",\"name\":\"Coldbet Football SN\",\"description\":\"My WordPress Blog\",\"potentialAction\":[{\"@type\":\"SearchAction\",\"target\":{\"@type\":\"EntryPoint\",\"urlTemplate\":\"https:\/\/coldbet.football\/sn\/?s={search_term_string}\"},\"query-input\":{\"@type\":\"PropertyValueSpecification\",\"valueRequired\":true,\"valueName\":\"search_term_string\"}}],\"inLanguage\":\"sw\"}]}<\/script>\n<!-- \/ Yoast SEO plugin. -->","yoast_head_json":{"title":"Inscription ColdBet S\u00e9n\u00e9gal | D\u00e9marrage facile pour les joueurs","description":"Connectez-vous \u00e0 ColdBet S\u00e9n\u00e9gal et commencez \u00e0 parier sur le sport. Inscription simple et rapide gr\u00e2ce \u00e0 diff\u00e9rentes m\u00e9thodes de connexion.","robots":{"index":"index","follow":"follow","max-snippet":"max-snippet:-1","max-image-preview":"max-image-preview:large","max-video-preview":"max-video-preview:-1"},"og_locale":"en_US","og_type":"article","og_title":"Inscription ColdBet S\u00e9n\u00e9gal | D\u00e9marrage facile pour les joueurs","og_description":"Connectez-vous \u00e0 ColdBet S\u00e9n\u00e9gal et commencez \u00e0 parier sur le sport. Inscription simple et rapide gr\u00e2ce \u00e0 diff\u00e9rentes m\u00e9thodes de connexion.","og_url":"https:\/\/coldbet.football\/sn\/registration\/","og_site_name":"Coldbet Football SN","article_modified_time":"2025-09-02T22:43:01+00:00","twitter_card":"summary_large_image","schema":{"@context":"https:\/\/schema.org","@graph":[{"@type":"WebPage","@id":"https:\/\/coldbet.football\/sn\/registration\/","url":"https:\/\/coldbet.football\/sn\/registration\/","name":"Inscription ColdBet S\u00e9n\u00e9gal | D\u00e9marrage facile pour les joueurs","isPartOf":{"@id":"https:\/\/coldbet.football\/sn\/#website"},"datePublished":"2025-06-23T07:30:10+00:00","dateModified":"2025-09-02T22:43:01+00:00","description":"Connectez-vous \u00e0 ColdBet S\u00e9n\u00e9gal et commencez \u00e0 parier sur le sport. Inscription simple et rapide gr\u00e2ce \u00e0 diff\u00e9rentes m\u00e9thodes de connexion.","breadcrumb":{"@id":"https:\/\/coldbet.football\/sn\/registration\/#breadcrumb"},"inLanguage":"sw","potentialAction":[{"@type":"ReadAction","target":["https:\/\/coldbet.football\/sn\/registration\/"]}]},{"@type":"BreadcrumbList","@id":"https:\/\/coldbet.football\/sn\/registration\/#breadcrumb","itemListElement":[{"@type":"ListItem","position":1,"name":"\u0413\u043b\u0430\u0432\u043d\u0430\u044f \u0441\u0442\u0440\u0430\u043d\u0438\u0446\u0430","item":"https:\/\/coldbet.football\/sn\/"},{"@type":"ListItem","position":2,"name":"Inscription"}]},{"@type":"WebSite","@id":"https:\/\/coldbet.football\/sn\/#website","url":"https:\/\/coldbet.football\/sn\/","name":"Coldbet Football SN","description":"My WordPress Blog","potentialAction":[{"@type":"SearchAction","target":{"@type":"EntryPoint","urlTemplate":"https:\/\/coldbet.football\/sn\/?s={search_term_string}"},"query-input":{"@type":"PropertyValueSpecification","valueRequired":true,"valueName":"search_term_string"}}],"inLanguage":"sw"}]}},"_links":{"self":[{"href":"https:\/\/coldbet.football\/sn\/wp-json\/wp\/v2\/pages\/275","targetHints":{"allow":["GET"]}}],"collection":[{"href":"https:\/\/coldbet.football\/sn\/wp-json\/wp\/v2\/pages"}],"about":[{"href":"https:\/\/coldbet.football\/sn\/wp-json\/wp\/v2\/types\/page"}],"author":[{"embeddable":true,"href":"https:\/\/coldbet.football\/sn\/wp-json\/wp\/v2\/users\/1"}],"replies":[{"embeddable":true,"href":"https:\/\/coldbet.football\/sn\/wp-json\/wp\/v2\/comments?post=275"}],"version-history":[{"count":5,"href":"https:\/\/coldbet.football\/sn\/wp-json\/wp\/v2\/pages\/275\/revisions"}],"predecessor-version":[{"id":337,"href":"https:\/\/coldbet.football\/sn\/wp-json\/wp\/v2\/pages\/275\/revisions\/337"}],"wp:attachment":[{"href":"https:\/\/coldbet.football\/sn\/wp-json\/wp\/v2\/media?parent=275"}],"curies":[{"name":"wp","href":"https:\/\/api.w.org\/{rel}","templated":true}]}}