{"id":316,"date":"2025-07-30T07:54:33","date_gmt":"2025-07-30T07:54:33","guid":{"rendered":"https:\/\/coldbet.football\/tg\/?page_id=316"},"modified":"2025-09-02T06:31:56","modified_gmt":"2025-09-02T06:31:56","slug":"mobile","status":"publish","type":"page","link":"https:\/\/coldbet.football\/tg\/mobile\/","title":{"rendered":"Mobile"},"content":{"rendered":"","protected":false},"excerpt":{"rendered":"","protected":false},"author":1,"featured_media":0,"parent":0,"menu_order":0,"comment_status":"closed","ping_status":"closed","template":"","meta":{"inline_featured_image":false,"footnotes":""},"class_list":["post-316","page","type-page","status-publish","hentry"],"yoast_head":"<!-- This site is optimized with the Yoast SEO plugin v24.8 - https:\/\/yoast.com\/wordpress\/plugins\/seo\/ -->\n<title>ColdBet mobile R\u00e9publique du Togo | Instructions d&#039;installation<\/title>\n<meta name=\"description\" content=\"T\u00e9l\u00e9chargez le casino mobile ColdBet R\u00e9publique du Togo et acc\u00e9dez \u00e0 une vaste s\u00e9lection de machines \u00e0 sous et de paris sportifs en ligne.\" \/>\n<meta name=\"robots\" content=\"index, follow, max-snippet:-1, max-image-preview:large, max-video-preview:-1\" \/>\n<meta property=\"og:locale\" content=\"en_US\" \/>\n<meta property=\"og:type\" content=\"article\" \/>\n<meta property=\"og:title\" content=\"ColdBet mobile R\u00e9publique du Togo | Instructions d&#039;installation\" \/>\n<meta property=\"og:description\" content=\"T\u00e9l\u00e9chargez le casino mobile ColdBet R\u00e9publique du Togo et acc\u00e9dez \u00e0 une vaste s\u00e9lection de machines \u00e0 sous et de paris sportifs en ligne.\" \/>\n<meta property=\"og:url\" content=\"https:\/\/coldbet.football\/tg\/mobile\/\" \/>\n<meta property=\"og:site_name\" content=\"Coldbet football TG\" \/>\n<meta property=\"article:modified_time\" content=\"2025-09-02T06:31:56+00:00\" \/>\n<meta name=\"twitter:card\" content=\"summary_large_image\" \/>\n<script type=\"application\/ld+json\" class=\"yoast-schema-graph\">{\"@context\":\"https:\/\/schema.org\",\"@graph\":[{\"@type\":\"WebPage\",\"@id\":\"https:\/\/coldbet.football\/tg\/mobile\/\",\"url\":\"https:\/\/coldbet.football\/tg\/mobile\/\",\"name\":\"ColdBet mobile R\u00e9publique du Togo | Instructions d'installation\",\"isPartOf\":{\"@id\":\"https:\/\/coldbet.football\/tg\/#website\"},\"datePublished\":\"2025-07-30T07:54:33+00:00\",\"dateModified\":\"2025-09-02T06:31:56+00:00\",\"description\":\"T\u00e9l\u00e9chargez le casino mobile ColdBet R\u00e9publique du Togo et acc\u00e9dez \u00e0 une vaste s\u00e9lection de machines \u00e0 sous et de paris sportifs en ligne.\",\"breadcrumb\":{\"@id\":\"https:\/\/coldbet.football\/tg\/mobile\/#breadcrumb\"},\"inLanguage\":\"af-ZA\",\"potentialAction\":[{\"@type\":\"ReadAction\",\"target\":[\"https:\/\/coldbet.football\/tg\/mobile\/\"]}]},{\"@type\":\"BreadcrumbList\",\"@id\":\"https:\/\/coldbet.football\/tg\/mobile\/#breadcrumb\",\"itemListElement\":[{\"@type\":\"ListItem\",\"position\":1,\"name\":\"\u0413\u043b\u0430\u0432\u043d\u0430\u044f \u0441\u0442\u0440\u0430\u043d\u0438\u0446\u0430\",\"item\":\"https:\/\/coldbet.football\/tg\/\"},{\"@type\":\"ListItem\",\"position\":2,\"name\":\"Mobile\"}]},{\"@type\":\"WebSite\",\"@id\":\"https:\/\/coldbet.football\/tg\/#website\",\"url\":\"https:\/\/coldbet.football\/tg\/\",\"name\":\"Coldbet football TG\",\"description\":\"My WordPress Blog\",\"potentialAction\":[{\"@type\":\"SearchAction\",\"target\":{\"@type\":\"EntryPoint\",\"urlTemplate\":\"https:\/\/coldbet.football\/tg\/?s={search_term_string}\"},\"query-input\":{\"@type\":\"PropertyValueSpecification\",\"valueRequired\":true,\"valueName\":\"search_term_string\"}}],\"inLanguage\":\"af-ZA\"}]}<\/script>\n<!-- \/ Yoast SEO plugin. -->","yoast_head_json":{"title":"ColdBet mobile R\u00e9publique du Togo | Instructions d'installation","description":"T\u00e9l\u00e9chargez le casino mobile ColdBet R\u00e9publique du Togo et acc\u00e9dez \u00e0 une vaste s\u00e9lection de machines \u00e0 sous et de paris sportifs en ligne.","robots":{"index":"index","follow":"follow","max-snippet":"max-snippet:-1","max-image-preview":"max-image-preview:large","max-video-preview":"max-video-preview:-1"},"og_locale":"en_US","og_type":"article","og_title":"ColdBet mobile R\u00e9publique du Togo | Instructions d'installation","og_description":"T\u00e9l\u00e9chargez le casino mobile ColdBet R\u00e9publique du Togo et acc\u00e9dez \u00e0 une vaste s\u00e9lection de machines \u00e0 sous et de paris sportifs en ligne.","og_url":"https:\/\/coldbet.football\/tg\/mobile\/","og_site_name":"Coldbet football TG","article_modified_time":"2025-09-02T06:31:56+00:00","twitter_card":"summary_large_image","schema":{"@context":"https:\/\/schema.org","@graph":[{"@type":"WebPage","@id":"https:\/\/coldbet.football\/tg\/mobile\/","url":"https:\/\/coldbet.football\/tg\/mobile\/","name":"ColdBet mobile R\u00e9publique du Togo | Instructions d'installation","isPartOf":{"@id":"https:\/\/coldbet.football\/tg\/#website"},"datePublished":"2025-07-30T07:54:33+00:00","dateModified":"2025-09-02T06:31:56+00:00","description":"T\u00e9l\u00e9chargez le casino mobile ColdBet R\u00e9publique du Togo et acc\u00e9dez \u00e0 une vaste s\u00e9lection de machines \u00e0 sous et de paris sportifs en ligne.","breadcrumb":{"@id":"https:\/\/coldbet.football\/tg\/mobile\/#breadcrumb"},"inLanguage":"af-ZA","potentialAction":[{"@type":"ReadAction","target":["https:\/\/coldbet.football\/tg\/mobile\/"]}]},{"@type":"BreadcrumbList","@id":"https:\/\/coldbet.football\/tg\/mobile\/#breadcrumb","itemListElement":[{"@type":"ListItem","position":1,"name":"\u0413\u043b\u0430\u0432\u043d\u0430\u044f \u0441\u0442\u0440\u0430\u043d\u0438\u0446\u0430","item":"https:\/\/coldbet.football\/tg\/"},{"@type":"ListItem","position":2,"name":"Mobile"}]},{"@type":"WebSite","@id":"https:\/\/coldbet.football\/tg\/#website","url":"https:\/\/coldbet.football\/tg\/","name":"Coldbet football TG","description":"My WordPress Blog","potentialAction":[{"@type":"SearchAction","target":{"@type":"EntryPoint","urlTemplate":"https:\/\/coldbet.football\/tg\/?s={search_term_string}"},"query-input":{"@type":"PropertyValueSpecification","valueRequired":true,"valueName":"search_term_string"}}],"inLanguage":"af-ZA"}]}},"_links":{"self":[{"href":"https:\/\/coldbet.football\/tg\/wp-json\/wp\/v2\/pages\/316","targetHints":{"allow":["GET"]}}],"collection":[{"href":"https:\/\/coldbet.football\/tg\/wp-json\/wp\/v2\/pages"}],"about":[{"href":"https:\/\/coldbet.football\/tg\/wp-json\/wp\/v2\/types\/page"}],"author":[{"embeddable":true,"href":"https:\/\/coldbet.football\/tg\/wp-json\/wp\/v2\/users\/1"}],"replies":[{"embeddable":true,"href":"https:\/\/coldbet.football\/tg\/wp-json\/wp\/v2\/comments?post=316"}],"version-history":[{"count":3,"href":"https:\/\/coldbet.football\/tg\/wp-json\/wp\/v2\/pages\/316\/revisions"}],"predecessor-version":[{"id":346,"href":"https:\/\/coldbet.football\/tg\/wp-json\/wp\/v2\/pages\/316\/revisions\/346"}],"wp:attachment":[{"href":"https:\/\/coldbet.football\/tg\/wp-json\/wp\/v2\/media?parent=316"}],"curies":[{"name":"wp","href":"https:\/\/api.w.org\/{rel}","templated":true}]}}