{"id":209,"date":"2025-04-15T09:49:41","date_gmt":"2025-04-15T09:49:41","guid":{"rendered":"https:\/\/coldbet.football\/zm\/?page_id=209"},"modified":"2025-09-02T21:15:30","modified_gmt":"2025-09-02T21:15:30","slug":"football","status":"publish","type":"page","link":"https:\/\/coldbet.football\/zm\/football\/","title":{"rendered":"Football"},"content":{"rendered":"","protected":false},"excerpt":{"rendered":"","protected":false},"author":1,"featured_media":0,"parent":0,"menu_order":0,"comment_status":"closed","ping_status":"closed","template":"","meta":{"inline_featured_image":false,"footnotes":""},"class_list":["post-209","page","type-page","status-publish","hentry"],"yoast_head":"<!-- This site is optimized with the Yoast SEO plugin v24.8 - https:\/\/yoast.com\/wordpress\/plugins\/seo\/ -->\n<title>Paris sur le football Coldbet Zambie &gt; Parier en toute s\u00e9curit\u00e9<\/title>\n<meta name=\"description\" content=\"D\u00e9couvrez l&#039;univers des paris sur le football avec Coldbet Zambie Football\u00a0: meilleurs championnats, mode direct, bonus et analyses.\" \/>\n<meta name=\"robots\" content=\"index, follow, max-snippet:-1, max-image-preview:large, max-video-preview:-1\" \/>\n<meta property=\"og:locale\" content=\"ms_MY\" \/>\n<meta property=\"og:type\" content=\"article\" \/>\n<meta property=\"og:title\" content=\"Paris sur le football Coldbet Zambie &gt; Parier en toute s\u00e9curit\u00e9\" \/>\n<meta property=\"og:description\" content=\"D\u00e9couvrez l&#039;univers des paris sur le football avec Coldbet Zambie Football\u00a0: meilleurs championnats, mode direct, bonus et analyses.\" \/>\n<meta property=\"og:url\" content=\"https:\/\/coldbet.football\/zm\/football\/\" \/>\n<meta property=\"og:site_name\" content=\"coldbet football ZM\" \/>\n<meta property=\"article:modified_time\" content=\"2025-09-02T21:15:30+00:00\" \/>\n<meta name=\"twitter:card\" content=\"summary_large_image\" \/>\n<script type=\"application\/ld+json\" class=\"yoast-schema-graph\">{\"@context\":\"https:\/\/schema.org\",\"@graph\":[{\"@type\":\"WebPage\",\"@id\":\"https:\/\/coldbet.football\/zm\/football\/\",\"url\":\"https:\/\/coldbet.football\/zm\/football\/\",\"name\":\"Paris sur le football Coldbet Zambie > Parier en toute s\u00e9curit\u00e9\",\"isPartOf\":{\"@id\":\"https:\/\/coldbet.football\/zm\/#website\"},\"datePublished\":\"2025-04-15T09:49:41+00:00\",\"dateModified\":\"2025-09-02T21:15:30+00:00\",\"description\":\"D\u00e9couvrez l'univers des paris sur le football avec Coldbet Zambie Football\u00a0: meilleurs championnats, mode direct, bonus et analyses.\",\"breadcrumb\":{\"@id\":\"https:\/\/coldbet.football\/zm\/football\/#breadcrumb\"},\"inLanguage\":\"ms-MY\",\"potentialAction\":[{\"@type\":\"ReadAction\",\"target\":[\"https:\/\/coldbet.football\/zm\/football\/\"]}]},{\"@type\":\"BreadcrumbList\",\"@id\":\"https:\/\/coldbet.football\/zm\/football\/#breadcrumb\",\"itemListElement\":[{\"@type\":\"ListItem\",\"position\":1,\"name\":\"\u0413\u043b\u0430\u0432\u043d\u0430\u044f \u0441\u0442\u0440\u0430\u043d\u0438\u0446\u0430\",\"item\":\"https:\/\/coldbet.football\/zm\/\"},{\"@type\":\"ListItem\",\"position\":2,\"name\":\"Football\"}]},{\"@type\":\"WebSite\",\"@id\":\"https:\/\/coldbet.football\/zm\/#website\",\"url\":\"https:\/\/coldbet.football\/zm\/\",\"name\":\"coldbet football ZM\",\"description\":\"My WordPress Blog\",\"potentialAction\":[{\"@type\":\"SearchAction\",\"target\":{\"@type\":\"EntryPoint\",\"urlTemplate\":\"https:\/\/coldbet.football\/zm\/?s={search_term_string}\"},\"query-input\":{\"@type\":\"PropertyValueSpecification\",\"valueRequired\":true,\"valueName\":\"search_term_string\"}}],\"inLanguage\":\"ms-MY\"}]}<\/script>\n<!-- \/ Yoast SEO plugin. -->","yoast_head_json":{"title":"Paris sur le football Coldbet Zambie > Parier en toute s\u00e9curit\u00e9","description":"D\u00e9couvrez l'univers des paris sur le football avec Coldbet Zambie Football\u00a0: meilleurs championnats, mode direct, bonus et analyses.","robots":{"index":"index","follow":"follow","max-snippet":"max-snippet:-1","max-image-preview":"max-image-preview:large","max-video-preview":"max-video-preview:-1"},"og_locale":"ms_MY","og_type":"article","og_title":"Paris sur le football Coldbet Zambie > Parier en toute s\u00e9curit\u00e9","og_description":"D\u00e9couvrez l'univers des paris sur le football avec Coldbet Zambie Football\u00a0: meilleurs championnats, mode direct, bonus et analyses.","og_url":"https:\/\/coldbet.football\/zm\/football\/","og_site_name":"coldbet football ZM","article_modified_time":"2025-09-02T21:15:30+00:00","twitter_card":"summary_large_image","schema":{"@context":"https:\/\/schema.org","@graph":[{"@type":"WebPage","@id":"https:\/\/coldbet.football\/zm\/football\/","url":"https:\/\/coldbet.football\/zm\/football\/","name":"Paris sur le football Coldbet Zambie > Parier en toute s\u00e9curit\u00e9","isPartOf":{"@id":"https:\/\/coldbet.football\/zm\/#website"},"datePublished":"2025-04-15T09:49:41+00:00","dateModified":"2025-09-02T21:15:30+00:00","description":"D\u00e9couvrez l'univers des paris sur le football avec Coldbet Zambie Football\u00a0: meilleurs championnats, mode direct, bonus et analyses.","breadcrumb":{"@id":"https:\/\/coldbet.football\/zm\/football\/#breadcrumb"},"inLanguage":"ms-MY","potentialAction":[{"@type":"ReadAction","target":["https:\/\/coldbet.football\/zm\/football\/"]}]},{"@type":"BreadcrumbList","@id":"https:\/\/coldbet.football\/zm\/football\/#breadcrumb","itemListElement":[{"@type":"ListItem","position":1,"name":"\u0413\u043b\u0430\u0432\u043d\u0430\u044f \u0441\u0442\u0440\u0430\u043d\u0438\u0446\u0430","item":"https:\/\/coldbet.football\/zm\/"},{"@type":"ListItem","position":2,"name":"Football"}]},{"@type":"WebSite","@id":"https:\/\/coldbet.football\/zm\/#website","url":"https:\/\/coldbet.football\/zm\/","name":"coldbet football ZM","description":"My WordPress Blog","potentialAction":[{"@type":"SearchAction","target":{"@type":"EntryPoint","urlTemplate":"https:\/\/coldbet.football\/zm\/?s={search_term_string}"},"query-input":{"@type":"PropertyValueSpecification","valueRequired":true,"valueName":"search_term_string"}}],"inLanguage":"ms-MY"}]}},"_links":{"self":[{"href":"https:\/\/coldbet.football\/zm\/wp-json\/wp\/v2\/pages\/209","targetHints":{"allow":["GET"]}}],"collection":[{"href":"https:\/\/coldbet.football\/zm\/wp-json\/wp\/v2\/pages"}],"about":[{"href":"https:\/\/coldbet.football\/zm\/wp-json\/wp\/v2\/types\/page"}],"author":[{"embeddable":true,"href":"https:\/\/coldbet.football\/zm\/wp-json\/wp\/v2\/users\/1"}],"replies":[{"embeddable":true,"href":"https:\/\/coldbet.football\/zm\/wp-json\/wp\/v2\/comments?post=209"}],"version-history":[{"count":10,"href":"https:\/\/coldbet.football\/zm\/wp-json\/wp\/v2\/pages\/209\/revisions"}],"predecessor-version":[{"id":340,"href":"https:\/\/coldbet.football\/zm\/wp-json\/wp\/v2\/pages\/209\/revisions\/340"}],"wp:attachment":[{"href":"https:\/\/coldbet.football\/zm\/wp-json\/wp\/v2\/media?parent=209"}],"curies":[{"name":"wp","href":"https:\/\/api.w.org\/{rel}","templated":true}]}}