{"id":331,"date":"2025-08-06T07:07:37","date_gmt":"2025-08-06T07:07:37","guid":{"rendered":"https:\/\/coldbet.football\/zm\/?page_id=331"},"modified":"2025-09-02T21:21:02","modified_gmt":"2025-09-02T21:21:02","slug":"coldbet-partners","status":"publish","type":"page","link":"https:\/\/coldbet.football\/zm\/coldbet-partners\/","title":{"rendered":"ColdBet Partners"},"content":{"rendered":"","protected":false},"excerpt":{"rendered":"","protected":false},"author":1,"featured_media":0,"parent":0,"menu_order":0,"comment_status":"closed","ping_status":"closed","template":"","meta":{"inline_featured_image":false,"footnotes":""},"class_list":["post-331","page","type-page","status-publish","hentry"],"yoast_head":"<!-- This site is optimized with the Yoast SEO plugin v24.8 - https:\/\/yoast.com\/wordpress\/plugins\/seo\/ -->\n<title>Affili\u00e9 ColdBet Zambie &gt; Programme d&#039;affiliation pour gagner<\/title>\n<meta name=\"description\" content=\"Gagnez de l&#039;argent avec les affili\u00e9s ColdBet Zambie gr\u00e2ce au trafic casino et paris. CPA, RevShare, paiements hybrides.\" \/>\n<meta name=\"robots\" content=\"index, follow, max-snippet:-1, max-image-preview:large, max-video-preview:-1\" \/>\n<meta property=\"og:locale\" content=\"ms_MY\" \/>\n<meta property=\"og:type\" content=\"article\" \/>\n<meta property=\"og:title\" content=\"Affili\u00e9 ColdBet Zambie &gt; Programme d&#039;affiliation pour gagner\" \/>\n<meta property=\"og:description\" content=\"Gagnez de l&#039;argent avec les affili\u00e9s ColdBet Zambie gr\u00e2ce au trafic casino et paris. CPA, RevShare, paiements hybrides.\" \/>\n<meta property=\"og:url\" content=\"https:\/\/coldbet.football\/zm\/coldbet-partners\/\" \/>\n<meta property=\"og:site_name\" content=\"coldbet football ZM\" \/>\n<meta property=\"article:modified_time\" content=\"2025-09-02T21:21:02+00:00\" \/>\n<meta name=\"twitter:card\" content=\"summary_large_image\" \/>\n<script type=\"application\/ld+json\" class=\"yoast-schema-graph\">{\"@context\":\"https:\/\/schema.org\",\"@graph\":[{\"@type\":\"WebPage\",\"@id\":\"https:\/\/coldbet.football\/zm\/coldbet-partners\/\",\"url\":\"https:\/\/coldbet.football\/zm\/coldbet-partners\/\",\"name\":\"Affili\u00e9 ColdBet Zambie > Programme d'affiliation pour gagner\",\"isPartOf\":{\"@id\":\"https:\/\/coldbet.football\/zm\/#website\"},\"datePublished\":\"2025-08-06T07:07:37+00:00\",\"dateModified\":\"2025-09-02T21:21:02+00:00\",\"description\":\"Gagnez de l'argent avec les affili\u00e9s ColdBet Zambie gr\u00e2ce au trafic casino et paris. CPA, RevShare, paiements hybrides.\",\"breadcrumb\":{\"@id\":\"https:\/\/coldbet.football\/zm\/coldbet-partners\/#breadcrumb\"},\"inLanguage\":\"ms-MY\",\"potentialAction\":[{\"@type\":\"ReadAction\",\"target\":[\"https:\/\/coldbet.football\/zm\/coldbet-partners\/\"]}]},{\"@type\":\"BreadcrumbList\",\"@id\":\"https:\/\/coldbet.football\/zm\/coldbet-partners\/#breadcrumb\",\"itemListElement\":[{\"@type\":\"ListItem\",\"position\":1,\"name\":\"\u0413\u043b\u0430\u0432\u043d\u0430\u044f \u0441\u0442\u0440\u0430\u043d\u0438\u0446\u0430\",\"item\":\"https:\/\/coldbet.football\/zm\/\"},{\"@type\":\"ListItem\",\"position\":2,\"name\":\"ColdBet Partners\"}]},{\"@type\":\"WebSite\",\"@id\":\"https:\/\/coldbet.football\/zm\/#website\",\"url\":\"https:\/\/coldbet.football\/zm\/\",\"name\":\"coldbet football ZM\",\"description\":\"My WordPress Blog\",\"potentialAction\":[{\"@type\":\"SearchAction\",\"target\":{\"@type\":\"EntryPoint\",\"urlTemplate\":\"https:\/\/coldbet.football\/zm\/?s={search_term_string}\"},\"query-input\":{\"@type\":\"PropertyValueSpecification\",\"valueRequired\":true,\"valueName\":\"search_term_string\"}}],\"inLanguage\":\"ms-MY\"}]}<\/script>\n<!-- \/ Yoast SEO plugin. -->","yoast_head_json":{"title":"Affili\u00e9 ColdBet Zambie > Programme d'affiliation pour gagner","description":"Gagnez de l'argent avec les affili\u00e9s ColdBet Zambie gr\u00e2ce au trafic casino et paris. CPA, RevShare, paiements hybrides.","robots":{"index":"index","follow":"follow","max-snippet":"max-snippet:-1","max-image-preview":"max-image-preview:large","max-video-preview":"max-video-preview:-1"},"og_locale":"ms_MY","og_type":"article","og_title":"Affili\u00e9 ColdBet Zambie > Programme d'affiliation pour gagner","og_description":"Gagnez de l'argent avec les affili\u00e9s ColdBet Zambie gr\u00e2ce au trafic casino et paris. CPA, RevShare, paiements hybrides.","og_url":"https:\/\/coldbet.football\/zm\/coldbet-partners\/","og_site_name":"coldbet football ZM","article_modified_time":"2025-09-02T21:21:02+00:00","twitter_card":"summary_large_image","schema":{"@context":"https:\/\/schema.org","@graph":[{"@type":"WebPage","@id":"https:\/\/coldbet.football\/zm\/coldbet-partners\/","url":"https:\/\/coldbet.football\/zm\/coldbet-partners\/","name":"Affili\u00e9 ColdBet Zambie > Programme d'affiliation pour gagner","isPartOf":{"@id":"https:\/\/coldbet.football\/zm\/#website"},"datePublished":"2025-08-06T07:07:37+00:00","dateModified":"2025-09-02T21:21:02+00:00","description":"Gagnez de l'argent avec les affili\u00e9s ColdBet Zambie gr\u00e2ce au trafic casino et paris. CPA, RevShare, paiements hybrides.","breadcrumb":{"@id":"https:\/\/coldbet.football\/zm\/coldbet-partners\/#breadcrumb"},"inLanguage":"ms-MY","potentialAction":[{"@type":"ReadAction","target":["https:\/\/coldbet.football\/zm\/coldbet-partners\/"]}]},{"@type":"BreadcrumbList","@id":"https:\/\/coldbet.football\/zm\/coldbet-partners\/#breadcrumb","itemListElement":[{"@type":"ListItem","position":1,"name":"\u0413\u043b\u0430\u0432\u043d\u0430\u044f \u0441\u0442\u0440\u0430\u043d\u0438\u0446\u0430","item":"https:\/\/coldbet.football\/zm\/"},{"@type":"ListItem","position":2,"name":"ColdBet Partners"}]},{"@type":"WebSite","@id":"https:\/\/coldbet.football\/zm\/#website","url":"https:\/\/coldbet.football\/zm\/","name":"coldbet football ZM","description":"My WordPress Blog","potentialAction":[{"@type":"SearchAction","target":{"@type":"EntryPoint","urlTemplate":"https:\/\/coldbet.football\/zm\/?s={search_term_string}"},"query-input":{"@type":"PropertyValueSpecification","valueRequired":true,"valueName":"search_term_string"}}],"inLanguage":"ms-MY"}]}},"_links":{"self":[{"href":"https:\/\/coldbet.football\/zm\/wp-json\/wp\/v2\/pages\/331","targetHints":{"allow":["GET"]}}],"collection":[{"href":"https:\/\/coldbet.football\/zm\/wp-json\/wp\/v2\/pages"}],"about":[{"href":"https:\/\/coldbet.football\/zm\/wp-json\/wp\/v2\/types\/page"}],"author":[{"embeddable":true,"href":"https:\/\/coldbet.football\/zm\/wp-json\/wp\/v2\/users\/1"}],"replies":[{"embeddable":true,"href":"https:\/\/coldbet.football\/zm\/wp-json\/wp\/v2\/comments?post=331"}],"version-history":[{"count":2,"href":"https:\/\/coldbet.football\/zm\/wp-json\/wp\/v2\/pages\/331\/revisions"}],"predecessor-version":[{"id":347,"href":"https:\/\/coldbet.football\/zm\/wp-json\/wp\/v2\/pages\/331\/revisions\/347"}],"wp:attachment":[{"href":"https:\/\/coldbet.football\/zm\/wp-json\/wp\/v2\/media?parent=331"}],"curies":[{"name":"wp","href":"https:\/\/api.w.org\/{rel}","templated":true}]}}